{"id":1011,"date":"2020-05-08T18:18:44","date_gmt":"2020-05-08T18:18:44","guid":{"rendered":"http:\/\/www.viveroscastromartinez.com\/?page_id=1011"},"modified":"2020-07-19T11:43:17","modified_gmt":"2020-07-19T11:43:17","slug":"olivo-arbosana","status":"publish","type":"page","link":"http:\/\/www.viveroscastromartinez.com\/index.php\/olivo-arbosana\/","title":{"rendered":"Olivo arbosana"},"content":{"rendered":"\r\n<div class=\"wp-block-columns\">\r\n<div class=\"wp-block-column\" style=\"flex-basis: 33.33%;\">\r\n<figure class=\"wp-block-image size-large is-style-rounded\"><img class=\"wp-image-246\" src=\"http:\/\/www.viveroscastromartinez.com\/wp-content\/uploads\/2020\/07\/T-Arbosana.jpg\" alt=\"Olivo variedad arbosana\" \/><\/figure>\r\n<\/div>\r\n<div class=\"wp-block-column\" style=\"flex-basis: 66.66%; text-align: justify;\">\r\n<table style=\"width: 100%; border-collapse: collapse;\" border=\"0\">\r\n<tbody>\r\n<tr>\r\n<td style=\"width: 63.2121%; text-align: center;\"><span style=\"font-size: 10pt;\"><strong><span style=\"text-decoration: underline;\">CARACTER\u00cdSTICAS<\/span> *<\/strong><\/span><\/td>\r\n<td style=\"width: 36.7879%; text-align: center;\"><span style=\"font-size: 10pt;\"><strong><span style=\"text-decoration: underline;\">TOLERANCIAS<\/span> *<\/strong><\/span><\/td>\r\n<\/tr>\r\n<tr>\r\n<td style=\"width: 63.2121%;\">\r\n<table style=\"height: 264px; width: 100%; border-collapse: collapse;\" border=\"0\">\r\n<tbody>\r\n<tr style=\"height: 24px;\">\r\n<td style=\"width: 100%; height: 24px; text-align: center;\"><span style=\"font-size: 8pt;\">CATEGOR\u00cdA 3 &#8211; DESTINO ACEITE<\/span><\/td>\r\n<\/tr>\r\n<tr style=\"height: 24px;\">\r\n<td style=\"width: 100%; text-align: center; height: 24px;\"><span style=\"font-size: 8pt;\">VIGOR BAJO<\/span><\/td>\r\n<\/tr>\r\n<tr style=\"height: 24px;\">\r\n<td style=\"width: 100%; height: 24px; text-align: center;\"><span style=\"font-size: 8pt;\">PORTE ABIERTO<\/span><\/td>\r\n<\/tr>\r\n<tr style=\"height: 24px;\">\r\n<td style=\"width: 100%; height: 24px; text-align: center;\"><span style=\"font-size: 8pt;\">DENSIDAD VEGETACI\u00d3N ESPESA<\/span><\/td>\r\n<\/tr>\r\n<tr style=\"height: 24px;\">\r\n<td style=\"width: 100%; height: 24px; text-align: center;\"><span style=\"font-size: 8pt;\">ENRAIZAMIENTO BUENO<\/span><\/td>\r\n<\/tr>\r\n<tr style=\"height: 24px;\">\r\n<td style=\"width: 100%; height: 24px; text-align: center;\"><span style=\"font-size: 8pt;\">FLORACI\u00d3N TARD\u00cdA<\/span><\/td>\r\n<\/tr>\r\n<tr style=\"height: 24px;\">\r\n<td style=\"width: 100%; height: 24px; text-align: center;\"><span style=\"font-size: 8pt;\">ENTRADA EN PRODUCCI\u00d3N PRECOZ<\/span><\/td>\r\n<\/tr>\r\n<tr style=\"height: 24px;\">\r\n<td style=\"width: 100%; height: 24px; text-align: center;\"><span style=\"font-size: 8pt;\">MADURACI\u00d3N TARD\u00cdA<\/span><\/td>\r\n<\/tr>\r\n<tr style=\"height: 24px;\">\r\n<td style=\"width: 100%; height: 24px; text-align: center;\"><span style=\"font-size: 8pt;\">PRODUCTIVIDAD ALTA<\/span><\/td>\r\n<\/tr>\r\n<tr style=\"height: 24px;\">\r\n<td style=\"width: 100%; height: 24px; text-align: center;\"><span style=\"font-size: 8pt;\">RENDIMIENTO GRASO MEDIO<\/span><\/td>\r\n<\/tr>\r\n<tr style=\"height: 24px;\">\r\n<td style=\"width: 100%; text-align: center; height: 24px;\"><span style=\"font-size: 8pt;\">DESPRENDIMIENTO DIF\u00cdCIL<\/span><\/td>\r\n<\/tr>\r\n<\/tbody>\r\n<\/table>\r\n<\/td>\r\n<td style=\"width: 36.7879%;\">\r\n<table style=\"width: 100%; border-collapse: collapse; height: 240px;\" border=\"0\">\r\n<tbody>\r\n<tr style=\"height: 24px;\">\r\n<td style=\"width: 61.6666%; text-align: center; height: 24px;\"><span style=\"font-size: 8pt;\">FR\u00cdO<\/span><\/td>\r\n<td style=\"width: 38.3334%; height: 24px; text-align: left;\"><span style=\"font-size: 8pt;\">BAJO<\/span><\/td>\r\n<\/tr>\r\n<tr style=\"height: 24px;\">\r\n<td style=\"width: 61.6666%; text-align: center; height: 24px;\"><span style=\"font-size: 8pt;\">REPILO<\/span><\/td>\r\n<td style=\"width: 38.3334%; height: 24px; text-align: left;\"><span style=\"font-size: 8pt;\">MUY ALTO<\/span><\/td>\r\n<\/tr>\r\n<tr style=\"height: 24px;\">\r\n<td style=\"width: 61.6666%; text-align: center; height: 24px;\"><span style=\"font-size: 8pt;\">MOSCA DEL OLIVO<\/span><\/td>\r\n<td style=\"width: 38.3334%; height: 24px; text-align: left;\"><span style=\"font-size: 8pt;\">MEDIO<\/span><\/td>\r\n<\/tr>\r\n<tr style=\"height: 24px;\">\r\n<td style=\"width: 61.6666%; text-align: center; height: 24px;\"><span style=\"font-size: 8pt;\">TUBERCULOSIS<\/span><\/td>\r\n<td style=\"width: 38.3334%; height: 24px; text-align: left;\"><span style=\"font-size: 8pt;\">BAJO<\/span><\/td>\r\n<\/tr>\r\n<tr style=\"height: 24px;\">\r\n<td style=\"width: 61.6666%; text-align: center; height: 24px;\"><span style=\"font-size: 8pt;\">VERTICILIUM<\/span><\/td>\r\n<td style=\"width: 38.3334%; height: 24px; text-align: left;\"><span style=\"font-size: 8pt;\">MEDIO<\/span><\/td>\r\n<\/tr>\r\n<tr style=\"height: 24px;\">\r\n<td style=\"width: 61.6666%; text-align: center; height: 24px;\"><span style=\"font-size: 8pt;\">SEQU\u00cdA<\/span><\/td>\r\n<td style=\"width: 38.3334%; height: 24px; text-align: left;\"><span style=\"font-size: 8pt;\">MEDIO<\/span><\/td>\r\n<\/tr>\r\n<tr style=\"height: 24px;\">\r\n<td style=\"width: 61.6666%; text-align: center; height: 24px;\">\u00a0<\/td>\r\n<td style=\"width: 38.3334%; height: 24px; text-align: left;\">\u00a0<\/td>\r\n<\/tr>\r\n<tr style=\"height: 24px;\">\r\n<td style=\"width: 61.6666%; text-align: center; height: 24px;\">\u00a0<\/td>\r\n<td style=\"width: 38.3334%; height: 24px; text-align: left;\">\u00a0<\/td>\r\n<\/tr>\r\n<tr style=\"height: 24px;\">\r\n<td style=\"width: 61.6666%; text-align: center; height: 24px;\">\u00a0<\/td>\r\n<td style=\"width: 38.3334%; height: 24px; text-align: left;\">\u00a0<\/td>\r\n<\/tr>\r\n<tr style=\"height: 24px;\">\r\n<td style=\"width: 61.6666%; text-align: center; height: 24px;\">\u00a0<\/td>\r\n<td style=\"width: 38.3334%; height: 24px; text-align: left;\">\u00a0<\/td>\r\n<\/tr>\r\n<tr>\r\n<td style=\"width: 61.6666%; text-align: center;\">\u00a0<\/td>\r\n<td style=\"width: 38.3334%; text-align: left;\">\u00a0<\/td>\r\n<\/tr>\r\n<\/tbody>\r\n<\/table>\r\n<\/td>\r\n<\/tr>\r\n<\/tbody>\r\n<\/table>\r\n<\/div>\r\n<\/div>\r\n<h4 style=\"text-align: justify;\">HISTORIA<\/h4>\r\n<p style=\"text-align: justify;\"><span style=\"font-size: 14pt;\">Los variedad de olivo arbosana es originaria de la regi\u00f3n del Pened\u00e9s \u00a0(situada entre Barcelona y Tarragona). Las plantaciones de este tipo de aceitunas suelen darse en setos, debido a su vigor reducido y a su alta productividad.<\/span><\/p>\r\n<h4 style=\"text-align: justify;\">GEOGRAF\u00cdA DE CULTIVO<\/h4>\r\n<p><span style=\"font-size: 14pt;\">Esta variedad de olivo tiene notoria presencia en el Pened\u00e9s catal\u00e1n, sin embargo su utilizaci\u00f3n para plantaciones de alta densidad ha hecho que se extienda considerablemente por la zona de Andaluc\u00eda principalmente.<\/span><\/p>\r\n<h4 style=\"text-align: justify;\">CARACTER\u00cdSTICAS<\/h4>\r\n<p style=\"text-align: justify;\"><span style=\"font-size: 14pt;\">La variedad de olivo arbosana es muy precoz, productiva, f\u00e1cil de manejar y resistente a las enfermedades,. Adem\u00e1s trascurridos dos a\u00f1os ya logra alcanzar cosechas interesantes. Su tama\u00f1o es ovalado y ligeramente asim\u00e9trico.\u00a0 Tiene la arquitectura perfecta\u00a0para ser plantada en seto, pues requiere de una\u00a0poda liviana por su bajo vigor. Aunque es complementaria a la <a href=\"http:\/\/www.viveroscastromartinez.com\/index.php\/olivo-arbequina\/\">arbequina<\/a> para plantaciones en seto es menos tolerante al fr\u00edo. Sin embargo se ha podido comprobar que los rendimientos por hect\u00e1rea son m\u00e1s altos que la <a href=\"http:\/\/www.viveroscastromartinez.com\/index.php\/olivo-arbequina\/\">arbequina<\/a> en ensayos comparativos.<\/span><\/p>\r\n<h4 style=\"text-align: justify;\">USOS<\/h4>\r\n<p style=\"text-align: justify;\"><span style=\"font-size: 14pt;\">El aceite presenta un aroma afrutado, el cual se mantiene durante mucho tiempo en la boca y es resistente a la oxidaci\u00f3n. As\u00ed mismo cuenta con una combinaci\u00f3n de gustos dulces, amargos y picantes, de intensidad media alta. Su aroma es altamente concentrado, pero inferior a la de la <a href=\"http:\/\/www.viveroscastromartinez.com\/index.php\/olivo-arbequina\/\">arbequina<\/a> y nos puede recordar a olores como el de la hierba reci\u00e9n cortada, tomate, frutos secos, pl\u00e1tanos y alcachofa. El aceite arbosana posee unas propiedades muy interesantes, ya que contiene un 74% de \u00e1cido oleico. Adem\u00e1s, presenta un alto contenido de polifenoles y otras propiedades que lo hacen muy resistente a la oxidaci\u00f3n.<\/span><\/p>\r\n<hr \/>\r\n<p>*<span style=\"font-size: 10pt;\">Nota: Toda la informaci\u00f3n de esta p\u00e1gina es orientativa y aproximada. La floraci\u00f3n, maduraci\u00f3n, entrada en producci\u00f3n, tolerancias etc. de un \u00e1rbol dependen de muchos factores, tales como son clima, suelo en el que se cultiva, tiempo de la planta, pr\u00e1cticas del agricultor&#8230; <\/span><\/p>\r\n","protected":false},"excerpt":{"rendered":"<p>CARACTER\u00cdSTICAS * TOLERANCIAS * CATEGOR\u00cdA 3 &#8211; DESTINO ACEITE VIGOR BAJO PORTE ABIERTO DENSIDAD VEGETACI\u00d3N ESPESA ENRAIZAMIENTO BUENO FLORACI\u00d3N TARD\u00cdA ENTRADA EN PRODUCCI\u00d3N PRECOZ MADURACI\u00d3N TARD\u00cdA PRODUCTIVIDAD ALTA RENDIMIENTO GRASO MEDIO DESPRENDIMIENTO DIF\u00cdCIL FR\u00cdO BAJO REPILO MUY ALTO MOSCA DEL OLIVO MEDIO TUBERCULOSIS BAJO VERTICILIUM MEDIO SEQU\u00cdA MEDIO \u00a0 \u00a0 \u00a0 \u00a0 \u00a0 \u00a0 \u00a0 [&hellip;]<\/p>\n","protected":false},"author":1,"featured_media":0,"parent":0,"menu_order":0,"comment_status":"closed","ping_status":"closed","template":"","meta":[],"yoast_head":"<!-- This site is optimized with the Yoast SEO plugin v17.0 - https:\/\/yoast.com\/wordpress\/plugins\/seo\/ -->\n<title>Olivo arbosana - Viveros de Olivos Castro Mart\u00ednez<\/title>\n<meta name=\"description\" content=\"La variedad de olivo arbosana procede de las comarcas del Pened\u00e9s, es muy precoz, productiva, f\u00e1cil de manejar y resistente a las enfermedades.\" \/>\n<meta name=\"robots\" content=\"index, follow, max-snippet:-1, max-image-preview:large, max-video-preview:-1\" \/>\n<link rel=\"canonical\" href=\"http:\/\/www.viveroscastromartinez.com\/index.php\/olivo-arbosana\/\" \/>\n<meta property=\"og:locale\" content=\"es_ES\" \/>\n<meta property=\"og:type\" content=\"article\" \/>\n<meta property=\"og:title\" content=\"Olivo arbosana - Viveros de Olivos Castro Mart\u00ednez\" \/>\n<meta property=\"og:description\" content=\"La variedad de olivo arbosana procede de las comarcas del Pened\u00e9s, es muy precoz, productiva, f\u00e1cil de manejar y resistente a las enfermedades.\" \/>\n<meta property=\"og:url\" content=\"http:\/\/www.viveroscastromartinez.com\/index.php\/olivo-arbosana\/\" \/>\n<meta property=\"og:site_name\" content=\"Viveros Castro Mart&iacute;nez\" \/>\n<meta property=\"article:modified_time\" content=\"2020-07-19T11:43:17+00:00\" \/>\n<meta property=\"og:image\" content=\"http:\/\/www.viveroscastromartinez.com\/wp-content\/uploads\/2020\/07\/T-Arbosana.jpg\" \/>\n<meta name=\"twitter:card\" content=\"summary_large_image\" \/>\n<meta name=\"twitter:label1\" content=\"Tiempo de lectura\" \/>\n\t<meta name=\"twitter:data1\" content=\"2 minutos\" \/>\n<script type=\"application\/ld+json\" class=\"yoast-schema-graph\">{\"@context\":\"https:\/\/schema.org\",\"@graph\":[{\"@type\":\"WebSite\",\"@id\":\"https:\/\/www.viveroscastromartinez.com\/#website\",\"url\":\"https:\/\/www.viveroscastromartinez.com\/\",\"name\":\"Viveros Castro Mart&iacute;nez\",\"description\":\"Producci&oacute;n y venta de plantones de olivos y almendros\",\"potentialAction\":[{\"@type\":\"SearchAction\",\"target\":{\"@type\":\"EntryPoint\",\"urlTemplate\":\"https:\/\/www.viveroscastromartinez.com\/?s={search_term_string}\"},\"query-input\":\"required name=search_term_string\"}],\"inLanguage\":\"es\"},{\"@type\":\"ImageObject\",\"@id\":\"http:\/\/www.viveroscastromartinez.com\/index.php\/olivo-arbosana\/#primaryimage\",\"inLanguage\":\"es\",\"url\":\"http:\/\/www.viveroscastromartinez.com\/wp-content\/uploads\/2020\/07\/T-Arbosana.jpg\",\"contentUrl\":\"http:\/\/www.viveroscastromartinez.com\/wp-content\/uploads\/2020\/07\/T-Arbosana.jpg\",\"width\":512,\"height\":358,\"caption\":\"Variedad de olivo arbosana\"},{\"@type\":\"WebPage\",\"@id\":\"http:\/\/www.viveroscastromartinez.com\/index.php\/olivo-arbosana\/#webpage\",\"url\":\"http:\/\/www.viveroscastromartinez.com\/index.php\/olivo-arbosana\/\",\"name\":\"Olivo arbosana - Viveros de Olivos Castro Mart\\u00ednez\",\"isPartOf\":{\"@id\":\"https:\/\/www.viveroscastromartinez.com\/#website\"},\"primaryImageOfPage\":{\"@id\":\"http:\/\/www.viveroscastromartinez.com\/index.php\/olivo-arbosana\/#primaryimage\"},\"datePublished\":\"2020-05-08T18:18:44+00:00\",\"dateModified\":\"2020-07-19T11:43:17+00:00\",\"description\":\"La variedad de olivo arbosana procede de las comarcas del Pened\\u00e9s, es muy precoz, productiva, f\\u00e1cil de manejar y resistente a las enfermedades.\",\"breadcrumb\":{\"@id\":\"http:\/\/www.viveroscastromartinez.com\/index.php\/olivo-arbosana\/#breadcrumb\"},\"inLanguage\":\"es\",\"potentialAction\":[{\"@type\":\"ReadAction\",\"target\":[\"http:\/\/www.viveroscastromartinez.com\/index.php\/olivo-arbosana\/\"]}]},{\"@type\":\"BreadcrumbList\",\"@id\":\"http:\/\/www.viveroscastromartinez.com\/index.php\/olivo-arbosana\/#breadcrumb\",\"itemListElement\":[{\"@type\":\"ListItem\",\"position\":1,\"name\":\"Portada\",\"item\":\"https:\/\/www.viveroscastromartinez.com\/\"},{\"@type\":\"ListItem\",\"position\":2,\"name\":\"Olivo arbosana\"}]}]}<\/script>\n<!-- \/ Yoast SEO plugin. -->","yoast_head_json":{"title":"Olivo arbosana - Viveros de Olivos Castro Mart\u00ednez","description":"La variedad de olivo arbosana procede de las comarcas del Pened\u00e9s, es muy precoz, productiva, f\u00e1cil de manejar y resistente a las enfermedades.","robots":{"index":"index","follow":"follow","max-snippet":"max-snippet:-1","max-image-preview":"max-image-preview:large","max-video-preview":"max-video-preview:-1"},"canonical":"http:\/\/www.viveroscastromartinez.com\/index.php\/olivo-arbosana\/","og_locale":"es_ES","og_type":"article","og_title":"Olivo arbosana - Viveros de Olivos Castro Mart\u00ednez","og_description":"La variedad de olivo arbosana procede de las comarcas del Pened\u00e9s, es muy precoz, productiva, f\u00e1cil de manejar y resistente a las enfermedades.","og_url":"http:\/\/www.viveroscastromartinez.com\/index.php\/olivo-arbosana\/","og_site_name":"Viveros Castro Mart&iacute;nez","article_modified_time":"2020-07-19T11:43:17+00:00","og_image":[{"url":"http:\/\/www.viveroscastromartinez.com\/wp-content\/uploads\/2020\/07\/T-Arbosana.jpg"}],"twitter_card":"summary_large_image","twitter_misc":{"Tiempo de lectura":"2 minutos"},"schema":{"@context":"https:\/\/schema.org","@graph":[{"@type":"WebSite","@id":"https:\/\/www.viveroscastromartinez.com\/#website","url":"https:\/\/www.viveroscastromartinez.com\/","name":"Viveros Castro Mart&iacute;nez","description":"Producci&oacute;n y venta de plantones de olivos y almendros","potentialAction":[{"@type":"SearchAction","target":{"@type":"EntryPoint","urlTemplate":"https:\/\/www.viveroscastromartinez.com\/?s={search_term_string}"},"query-input":"required name=search_term_string"}],"inLanguage":"es"},{"@type":"ImageObject","@id":"http:\/\/www.viveroscastromartinez.com\/index.php\/olivo-arbosana\/#primaryimage","inLanguage":"es","url":"http:\/\/www.viveroscastromartinez.com\/wp-content\/uploads\/2020\/07\/T-Arbosana.jpg","contentUrl":"http:\/\/www.viveroscastromartinez.com\/wp-content\/uploads\/2020\/07\/T-Arbosana.jpg","width":512,"height":358,"caption":"Variedad de olivo arbosana"},{"@type":"WebPage","@id":"http:\/\/www.viveroscastromartinez.com\/index.php\/olivo-arbosana\/#webpage","url":"http:\/\/www.viveroscastromartinez.com\/index.php\/olivo-arbosana\/","name":"Olivo arbosana - Viveros de Olivos Castro Mart\u00ednez","isPartOf":{"@id":"https:\/\/www.viveroscastromartinez.com\/#website"},"primaryImageOfPage":{"@id":"http:\/\/www.viveroscastromartinez.com\/index.php\/olivo-arbosana\/#primaryimage"},"datePublished":"2020-05-08T18:18:44+00:00","dateModified":"2020-07-19T11:43:17+00:00","description":"La variedad de olivo arbosana procede de las comarcas del Pened\u00e9s, es muy precoz, productiva, f\u00e1cil de manejar y resistente a las enfermedades.","breadcrumb":{"@id":"http:\/\/www.viveroscastromartinez.com\/index.php\/olivo-arbosana\/#breadcrumb"},"inLanguage":"es","potentialAction":[{"@type":"ReadAction","target":["http:\/\/www.viveroscastromartinez.com\/index.php\/olivo-arbosana\/"]}]},{"@type":"BreadcrumbList","@id":"http:\/\/www.viveroscastromartinez.com\/index.php\/olivo-arbosana\/#breadcrumb","itemListElement":[{"@type":"ListItem","position":1,"name":"Portada","item":"https:\/\/www.viveroscastromartinez.com\/"},{"@type":"ListItem","position":2,"name":"Olivo arbosana"}]}]}},"_links":{"self":[{"href":"http:\/\/www.viveroscastromartinez.com\/index.php\/wp-json\/wp\/v2\/pages\/1011"}],"collection":[{"href":"http:\/\/www.viveroscastromartinez.com\/index.php\/wp-json\/wp\/v2\/pages"}],"about":[{"href":"http:\/\/www.viveroscastromartinez.com\/index.php\/wp-json\/wp\/v2\/types\/page"}],"author":[{"embeddable":true,"href":"http:\/\/www.viveroscastromartinez.com\/index.php\/wp-json\/wp\/v2\/users\/1"}],"replies":[{"embeddable":true,"href":"http:\/\/www.viveroscastromartinez.com\/index.php\/wp-json\/wp\/v2\/comments?post=1011"}],"version-history":[{"count":14,"href":"http:\/\/www.viveroscastromartinez.com\/index.php\/wp-json\/wp\/v2\/pages\/1011\/revisions"}],"predecessor-version":[{"id":1375,"href":"http:\/\/www.viveroscastromartinez.com\/index.php\/wp-json\/wp\/v2\/pages\/1011\/revisions\/1375"}],"wp:attachment":[{"href":"http:\/\/www.viveroscastromartinez.com\/index.php\/wp-json\/wp\/v2\/media?parent=1011"}],"curies":[{"name":"wp","href":"https:\/\/api.w.org\/{rel}","templated":true}]}}