{"id":1095,"date":"2020-05-20T18:19:49","date_gmt":"2020-05-20T18:19:49","guid":{"rendered":"http:\/\/www.viveroscastromartinez.com\/?page_id=1095"},"modified":"2020-07-10T11:42:13","modified_gmt":"2020-07-10T11:42:13","slug":"tutor-sintetico","status":"publish","type":"page","link":"http:\/\/www.viveroscastromartinez.com\/index.php\/tutor-sintetico\/","title":{"rendered":"Tutor sint\u00e9tico"},"content":{"rendered":"\r\n<div class=\"wp-block-columns\">\r\n<div class=\"wp-block-column\" style=\"flex-basis: 33.33%;\">\r\n<figure class=\"wp-block-image size-large is-style-rounded\"><img class=\"wp-image-176\" src=\"http:\/\/www.viveroscastromartinez.com\/wp-content\/uploads\/2020\/07\/Tutor-sintetico-copia.jpeg\" alt=\"\" \/><\/figure>\r\n<\/div>\r\n\r\n\r\n\r\n<div class=\"wp-block-column\" style=\"flex-basis: 66.66%;\">\r\n<h4 style=\"text-align: justify;\">CARACTER\u00cdSTICAS<\/h4>\r\n<p style=\"text-align: justify;\"><span style=\"font-size: 14pt;\">El tutor sint\u00e9tico est\u00e1 fabricado de una mezcla de <a href=\"https:\/\/es.wikipedia.org\/wiki\/Polipropileno\" target=\"_blank\" rel=\"noopener noreferrer\">polipropileno<\/a> y fibra de vidrio.<\/span><\/p>\r\n<h4>VENTAJAS<\/h4>\r\n\r\n\r\n\r\n<ul>\r\n<li style=\"text-align: justify;\"><span style=\"font-size: 14pt;\">No se pudren, por lo que no hay que reponer ning\u00fan tutor sint\u00e9tico.<\/span><\/li>\r\n<li style=\"text-align: justify;\"><span style=\"font-size: 14pt;\">No tienen nudos, ni imperfecciones, por lo que resultan todos \u00fatiles y sin desperdicios.<\/span><\/li>\r\n<li style=\"text-align: justify;\"><span style=\"font-size: 14pt;\">No se cristalizan por el efecto del fr\u00edo ni calor, porque no contienen PVC, ni ABS. (Desde -20 a+100\u00b0 C<\/span><\/li>\r\n<li style=\"text-align: justify;\"><span style=\"font-size: 14pt;\">Herm\u00e9ticos (con punta y tap\u00f3n) para que no aniden bichos en su interior, ni sirvan de refugio a plagas o insectos.<\/span><\/li>\r\n<li style=\"text-align: justify;\"><span style=\"font-size: 14pt;\">De di\u00e1metro 40 mm, para que tengan secci\u00f3n suficiente y resistan cuando hace viento y lluvia.<\/span><\/li>\r\n<li style=\"text-align: justify;\"><span style=\"font-size: 14pt;\">No se calientan, dificultando el desarrollo del \u00e1rbol.<\/span><\/li>\r\n<li style=\"text-align: justify;\"><span style=\"font-size: 14pt;\">Reciclables y reutilizables, siendo as\u00ed ecol\u00f3gicos, ya que no hay que cortar un \u00e1rbol para guiar otro.<\/span><\/li>\r\n<li style=\"text-align: justify;\"><span style=\"font-size: 14pt;\">No sueltan sustancias t\u00f3xicas en la ra\u00edz del \u00e1rbol, ya que no necesita tratamientos antioxidantes.<\/span><\/li>\r\n<\/ul>\r\n\r\n\r\n\r\n<h4><a href=\"http:\/\/www.viveroscastromartinez.com\/index.php\/tutores-para-plantas\/\"><strong>\u00bfPARA QU\u00c9 SIRVEN?<\/strong><\/a><\/h4>\r\n<h4><a href=\"http:\/\/www.viveroscastromartinez.com\/index.php\/tutores-para-plantas\/\"><strong>FORMA DE COLOCACI\u00d3N<\/strong><\/a><\/h4>\r\n\r\n\r\n<\/div>\r\n<\/div>\r\n\r\n\r\n\r\n<div class=\"wp-block-buttons aligncenter\">\r\n<div class=\"wp-block-button\"><a class=\"wp-block-button__link\" href=\"http:\/\/www.viveroscastromartinez.com\/index.php\/tutor-de-bambu\/\">TUTOR BAMB\u00da<\/a><\/div>\r\n\r\n\r\n\r\n<div class=\"wp-block-button\"><a class=\"wp-block-button__link\" href=\"http:\/\/www.viveroscastromartinez.com\/index.php\/tutor-de-fibra-de-vidrio\/\">TUTOR FIBRA DE VIDRIO<\/a><\/div>\r\n\r\n\r\n\r\n<div class=\"wp-block-button\"><a class=\"wp-block-button__link\" href=\"http:\/\/www.viveroscastromartinez.com\/index.php\/protectores-para-plantas\/\">PROTECTOR<\/a><\/div>\r\n\r\n\r\n\r\n<div class=\"wp-block-button\"><a class=\"wp-block-button__link\" href=\"http:\/\/www.viveroscastromartinez.com\/index.php\/presupuesto\/\">PRESUPUESTO<\/a><\/div>\r\n<\/div>\r\n","protected":false},"excerpt":{"rendered":"<p>CARACTER\u00cdSTICAS El tutor sint\u00e9tico est\u00e1 fabricado de una mezcla de polipropileno y fibra de vidrio. VENTAJAS No se pudren, por lo que no hay que reponer ning\u00fan tutor sint\u00e9tico. No tienen nudos, ni imperfecciones, por lo que resultan todos \u00fatiles y sin desperdicios. No se cristalizan por el efecto del fr\u00edo ni calor, porque no [&hellip;]<\/p>\n","protected":false},"author":1,"featured_media":0,"parent":0,"menu_order":0,"comment_status":"closed","ping_status":"closed","template":"","meta":[],"yoast_head":"<!-- This site is optimized with the Yoast SEO plugin v17.0 - https:\/\/yoast.com\/wordpress\/plugins\/seo\/ -->\n<title>Tutor sint\u00e9tico - Viveros de Olivos y Almendros Castro Mart\u00ednez<\/title>\n<meta name=\"description\" content=\"Tutor sint\u00e9tico, no se pudren, no tienen nudos, ni imperfecciones, no se cristalizan por el efecto del fr\u00edo ni calor, no se calientan...\" \/>\n<meta name=\"robots\" content=\"index, follow, max-snippet:-1, max-image-preview:large, max-video-preview:-1\" \/>\n<link rel=\"canonical\" href=\"http:\/\/www.viveroscastromartinez.com\/index.php\/tutor-sintetico\/\" \/>\n<meta property=\"og:locale\" content=\"es_ES\" \/>\n<meta property=\"og:type\" content=\"article\" \/>\n<meta property=\"og:title\" content=\"Tutor sint\u00e9tico - Viveros de Olivos y Almendros Castro Mart\u00ednez\" \/>\n<meta property=\"og:description\" content=\"Tutor sint\u00e9tico, no se pudren, no tienen nudos, ni imperfecciones, no se cristalizan por el efecto del fr\u00edo ni calor, no se calientan...\" \/>\n<meta property=\"og:url\" content=\"http:\/\/www.viveroscastromartinez.com\/index.php\/tutor-sintetico\/\" \/>\n<meta property=\"og:site_name\" content=\"Viveros Castro Mart&iacute;nez\" \/>\n<meta property=\"article:modified_time\" content=\"2020-07-10T11:42:13+00:00\" \/>\n<meta property=\"og:image\" content=\"http:\/\/www.viveroscastromartinez.com\/wp-content\/uploads\/2020\/07\/Tutor-sintetico-copia.jpeg\" \/>\n<meta name=\"twitter:card\" content=\"summary_large_image\" \/>\n<meta name=\"twitter:label1\" content=\"Tiempo de lectura\" \/>\n\t<meta name=\"twitter:data1\" content=\"1 minuto\" \/>\n<script type=\"application\/ld+json\" class=\"yoast-schema-graph\">{\"@context\":\"https:\/\/schema.org\",\"@graph\":[{\"@type\":\"WebSite\",\"@id\":\"http:\/\/www.viveroscastromartinez.com\/#website\",\"url\":\"http:\/\/www.viveroscastromartinez.com\/\",\"name\":\"Viveros Castro Mart&iacute;nez\",\"description\":\"Producci&oacute;n y venta de plantones de olivos y almendros\",\"potentialAction\":[{\"@type\":\"SearchAction\",\"target\":{\"@type\":\"EntryPoint\",\"urlTemplate\":\"http:\/\/www.viveroscastromartinez.com\/?s={search_term_string}\"},\"query-input\":\"required name=search_term_string\"}],\"inLanguage\":\"es\"},{\"@type\":\"ImageObject\",\"@id\":\"http:\/\/www.viveroscastromartinez.com\/index.php\/tutor-sintetico\/#primaryimage\",\"inLanguage\":\"es\",\"url\":\"http:\/\/www.viveroscastromartinez.com\/wp-content\/uploads\/2020\/07\/Tutor-sintetico-copia.jpeg\",\"contentUrl\":\"http:\/\/www.viveroscastromartinez.com\/wp-content\/uploads\/2020\/07\/Tutor-sintetico-copia.jpeg\",\"width\":1000,\"height\":1572},{\"@type\":\"WebPage\",\"@id\":\"http:\/\/www.viveroscastromartinez.com\/index.php\/tutor-sintetico\/#webpage\",\"url\":\"http:\/\/www.viveroscastromartinez.com\/index.php\/tutor-sintetico\/\",\"name\":\"Tutor sint\\u00e9tico - Viveros de Olivos y Almendros Castro Mart\\u00ednez\",\"isPartOf\":{\"@id\":\"http:\/\/www.viveroscastromartinez.com\/#website\"},\"primaryImageOfPage\":{\"@id\":\"http:\/\/www.viveroscastromartinez.com\/index.php\/tutor-sintetico\/#primaryimage\"},\"datePublished\":\"2020-05-20T18:19:49+00:00\",\"dateModified\":\"2020-07-10T11:42:13+00:00\",\"description\":\"Tutor sint\\u00e9tico, no se pudren, no tienen nudos, ni imperfecciones, no se cristalizan por el efecto del fr\\u00edo ni calor, no se calientan...\",\"breadcrumb\":{\"@id\":\"http:\/\/www.viveroscastromartinez.com\/index.php\/tutor-sintetico\/#breadcrumb\"},\"inLanguage\":\"es\",\"potentialAction\":[{\"@type\":\"ReadAction\",\"target\":[\"http:\/\/www.viveroscastromartinez.com\/index.php\/tutor-sintetico\/\"]}]},{\"@type\":\"BreadcrumbList\",\"@id\":\"http:\/\/www.viveroscastromartinez.com\/index.php\/tutor-sintetico\/#breadcrumb\",\"itemListElement\":[{\"@type\":\"ListItem\",\"position\":1,\"name\":\"Portada\",\"item\":\"http:\/\/www.viveroscastromartinez.com\/\"},{\"@type\":\"ListItem\",\"position\":2,\"name\":\"Tutor sint\\u00e9tico\"}]}]}<\/script>\n<!-- \/ Yoast SEO plugin. -->","yoast_head_json":{"title":"Tutor sint\u00e9tico - Viveros de Olivos y Almendros Castro Mart\u00ednez","description":"Tutor sint\u00e9tico, no se pudren, no tienen nudos, ni imperfecciones, no se cristalizan por el efecto del fr\u00edo ni calor, no se calientan...","robots":{"index":"index","follow":"follow","max-snippet":"max-snippet:-1","max-image-preview":"max-image-preview:large","max-video-preview":"max-video-preview:-1"},"canonical":"http:\/\/www.viveroscastromartinez.com\/index.php\/tutor-sintetico\/","og_locale":"es_ES","og_type":"article","og_title":"Tutor sint\u00e9tico - Viveros de Olivos y Almendros Castro Mart\u00ednez","og_description":"Tutor sint\u00e9tico, no se pudren, no tienen nudos, ni imperfecciones, no se cristalizan por el efecto del fr\u00edo ni calor, no se calientan...","og_url":"http:\/\/www.viveroscastromartinez.com\/index.php\/tutor-sintetico\/","og_site_name":"Viveros Castro Mart&iacute;nez","article_modified_time":"2020-07-10T11:42:13+00:00","og_image":[{"url":"http:\/\/www.viveroscastromartinez.com\/wp-content\/uploads\/2020\/07\/Tutor-sintetico-copia.jpeg"}],"twitter_card":"summary_large_image","twitter_misc":{"Tiempo de lectura":"1 minuto"},"schema":{"@context":"https:\/\/schema.org","@graph":[{"@type":"WebSite","@id":"http:\/\/www.viveroscastromartinez.com\/#website","url":"http:\/\/www.viveroscastromartinez.com\/","name":"Viveros Castro Mart&iacute;nez","description":"Producci&oacute;n y venta de plantones de olivos y almendros","potentialAction":[{"@type":"SearchAction","target":{"@type":"EntryPoint","urlTemplate":"http:\/\/www.viveroscastromartinez.com\/?s={search_term_string}"},"query-input":"required name=search_term_string"}],"inLanguage":"es"},{"@type":"ImageObject","@id":"http:\/\/www.viveroscastromartinez.com\/index.php\/tutor-sintetico\/#primaryimage","inLanguage":"es","url":"http:\/\/www.viveroscastromartinez.com\/wp-content\/uploads\/2020\/07\/Tutor-sintetico-copia.jpeg","contentUrl":"http:\/\/www.viveroscastromartinez.com\/wp-content\/uploads\/2020\/07\/Tutor-sintetico-copia.jpeg","width":1000,"height":1572},{"@type":"WebPage","@id":"http:\/\/www.viveroscastromartinez.com\/index.php\/tutor-sintetico\/#webpage","url":"http:\/\/www.viveroscastromartinez.com\/index.php\/tutor-sintetico\/","name":"Tutor sint\u00e9tico - Viveros de Olivos y Almendros Castro Mart\u00ednez","isPartOf":{"@id":"http:\/\/www.viveroscastromartinez.com\/#website"},"primaryImageOfPage":{"@id":"http:\/\/www.viveroscastromartinez.com\/index.php\/tutor-sintetico\/#primaryimage"},"datePublished":"2020-05-20T18:19:49+00:00","dateModified":"2020-07-10T11:42:13+00:00","description":"Tutor sint\u00e9tico, no se pudren, no tienen nudos, ni imperfecciones, no se cristalizan por el efecto del fr\u00edo ni calor, no se calientan...","breadcrumb":{"@id":"http:\/\/www.viveroscastromartinez.com\/index.php\/tutor-sintetico\/#breadcrumb"},"inLanguage":"es","potentialAction":[{"@type":"ReadAction","target":["http:\/\/www.viveroscastromartinez.com\/index.php\/tutor-sintetico\/"]}]},{"@type":"BreadcrumbList","@id":"http:\/\/www.viveroscastromartinez.com\/index.php\/tutor-sintetico\/#breadcrumb","itemListElement":[{"@type":"ListItem","position":1,"name":"Portada","item":"http:\/\/www.viveroscastromartinez.com\/"},{"@type":"ListItem","position":2,"name":"Tutor sint\u00e9tico"}]}]}},"_links":{"self":[{"href":"http:\/\/www.viveroscastromartinez.com\/index.php\/wp-json\/wp\/v2\/pages\/1095"}],"collection":[{"href":"http:\/\/www.viveroscastromartinez.com\/index.php\/wp-json\/wp\/v2\/pages"}],"about":[{"href":"http:\/\/www.viveroscastromartinez.com\/index.php\/wp-json\/wp\/v2\/types\/page"}],"author":[{"embeddable":true,"href":"http:\/\/www.viveroscastromartinez.com\/index.php\/wp-json\/wp\/v2\/users\/1"}],"replies":[{"embeddable":true,"href":"http:\/\/www.viveroscastromartinez.com\/index.php\/wp-json\/wp\/v2\/comments?post=1095"}],"version-history":[{"count":30,"href":"http:\/\/www.viveroscastromartinez.com\/index.php\/wp-json\/wp\/v2\/pages\/1095\/revisions"}],"predecessor-version":[{"id":1366,"href":"http:\/\/www.viveroscastromartinez.com\/index.php\/wp-json\/wp\/v2\/pages\/1095\/revisions\/1366"}],"wp:attachment":[{"href":"http:\/\/www.viveroscastromartinez.com\/index.php\/wp-json\/wp\/v2\/media?parent=1095"}],"curies":[{"name":"wp","href":"https:\/\/api.w.org\/{rel}","templated":true}]}}