{"id":1119,"date":"2020-05-20T10:11:43","date_gmt":"2020-05-20T10:11:43","guid":{"rendered":"http:\/\/www.viveroscastromartinez.com\/?page_id=1119"},"modified":"2020-07-10T11:35:13","modified_gmt":"2020-07-10T11:35:13","slug":"tutor-de-bambu","status":"publish","type":"page","link":"http:\/\/www.viveroscastromartinez.com\/index.php\/tutor-de-bambu\/","title":{"rendered":"Tutor de bamb\u00fa"},"content":{"rendered":"\r\n<div class=\"wp-block-columns\">\r\n<div class=\"wp-block-column\" style=\"flex-basis: 33.33%;\">\r\n<figure class=\"wp-block-image size-large is-style-rounded\"><img class=\"wp-image-440\" src=\"http:\/\/www.viveroscastromartinez.com\/wp-content\/uploads\/2020\/04\/2020-04-02-021-576x1024.jpg\" alt=\"\" \/><\/figure>\r\n<\/div>\r\n\r\n\r\n\r\n<div class=\"wp-block-column\" style=\"flex-basis: 66.66%;\">\r\n<h4>CARACTER\u00cdSTICAS<\/h4>\r\n<p style=\"text-align: justify;\"><span style=\"font-size: 14pt;\">El tutor de bamb\u00fa se utiliza como gu\u00eda y soporte en viveros y en todo tipo de plantaciones. <\/span><\/p>\r\n<p style=\"text-align: justify;\"><span style=\"font-size: 14pt;\">El motivo principal por el que los agricultores escogen el tutor bamb\u00fa para entutorar sus cultivos es porque este es un material bastante resistente, pero que al mismo tiempo presenta una flexibilidad suficiente para poder trabajar con \u00e9l. Adem\u00e1s, pueden estar muchos a\u00f1os a la intemperie y resisten bien las diferentes climatolog\u00edas. <\/span><\/p>\r\n<p style=\"text-align: justify;\"><span style=\"font-size: 14pt;\">M\u00e1s econ\u00f3mico que el de fibra de vidrio, existen diferentes di\u00e1metros y dimensiones, f\u00e1cil de colocar en todo tipo de terrenos.<\/span><\/p>\r\n<h4>VENTAJAS<\/h4>\r\n<ul>\r\n<li style=\"text-align: justify;\"><span style=\"font-size: 14pt;\">Conseguir que la planta crezca de una manera vertical.<\/span><\/li>\r\n<li style=\"text-align: justify;\"><span style=\"font-size: 14pt;\">Conseguir que los tallos de nuestros cultivos sean menos fr\u00e1giles y se puedan romper o da\u00f1ar.<\/span><\/li>\r\n<li style=\"text-align: justify;\"><span style=\"font-size: 14pt;\">Aprovechar del espacio, es decir, cu\u00e1nto m\u00e1s organizados tengamos los cultivos, m\u00e1s cantidad de plantas podremos tener o mejores zonas de paso tendremos sin da\u00f1ar las plantas.<\/span><\/li>\r\n<\/ul>\r\n<h4><a href=\"http:\/\/www.viveroscastromartinez.com\/index.php\/tutores-para-plantas\/\"><strong>\u00bfPARA QUE SIRVEN?<\/strong><\/a><\/h4>\r\n<h4><a href=\"http:\/\/www.viveroscastromartinez.com\/index.php\/tutores-para-plantas\/\"><strong>FORMA DE COLOCACI\u00d3N<\/strong><\/a><\/h4>\r\n<\/div>\r\n<\/div>\r\n\r\n\r\n\r\n<div class=\"wp-block-buttons aligncenter\">\r\n<div class=\"wp-block-button\"><a class=\"wp-block-button__link\" href=\"http:\/\/www.viveroscastromartinez.com\/index.php\/tutor-sintetico\/\">TUTOR SINT\u00c9TICO<\/a><\/div>\r\n\r\n\r\n\r\n<div class=\"wp-block-button\"><a class=\"wp-block-button__link\" href=\"http:\/\/www.viveroscastromartinez.com\/index.php\/tutor-de-fibra-de-vidrio\/\">TUTOR DE FIBRA DE VIDRIO<\/a><\/div>\r\n\r\n\r\n\r\n<div class=\"wp-block-button\"><a class=\"wp-block-button__link\" href=\"http:\/\/www.viveroscastromartinez.com\/index.php\/protectores-para-plantas\/\">PROTECTOR<\/a><\/div>\r\n\r\n\r\n\r\n<div class=\"wp-block-button\"><a class=\"wp-block-button__link\" href=\"http:\/\/www.viveroscastromartinez.com\/index.php\/presupuesto\/\">PRESUPUESTO<\/a><\/div>\r\n<\/div>\r\n","protected":false},"excerpt":{"rendered":"<p>CARACTER\u00cdSTICAS El tutor de bamb\u00fa se utiliza como gu\u00eda y soporte en viveros y en todo tipo de plantaciones. El motivo principal por el que los agricultores escogen el tutor bamb\u00fa para entutorar sus cultivos es porque este es un material bastante resistente, pero que al mismo tiempo presenta una flexibilidad suficiente para poder trabajar [&hellip;]<\/p>\n","protected":false},"author":1,"featured_media":0,"parent":0,"menu_order":0,"comment_status":"closed","ping_status":"closed","template":"","meta":[],"yoast_head":"<!-- This site is optimized with the Yoast SEO plugin v17.0 - https:\/\/yoast.com\/wordpress\/plugins\/seo\/ -->\n<title>Tutor de bamb\u00fa - Viveros de Olivos y Almendros Castro Mart\u00ednez<\/title>\n<meta name=\"description\" content=\"El tutor de bamb\u00fa se utiliza como gu\u00eda y soporte en viveros y en todo tipo de plantaciones. Material bastante resistente y a la vez flexible.\" \/>\n<meta name=\"robots\" content=\"index, follow, max-snippet:-1, max-image-preview:large, max-video-preview:-1\" \/>\n<link rel=\"canonical\" href=\"http:\/\/www.viveroscastromartinez.com\/index.php\/tutor-de-bambu\/\" \/>\n<meta property=\"og:locale\" content=\"es_ES\" \/>\n<meta property=\"og:type\" content=\"article\" \/>\n<meta property=\"og:title\" content=\"Tutor de bamb\u00fa - Viveros de Olivos y Almendros Castro Mart\u00ednez\" \/>\n<meta property=\"og:description\" content=\"El tutor de bamb\u00fa se utiliza como gu\u00eda y soporte en viveros y en todo tipo de plantaciones. Material bastante resistente y a la vez flexible.\" \/>\n<meta property=\"og:url\" content=\"http:\/\/www.viveroscastromartinez.com\/index.php\/tutor-de-bambu\/\" \/>\n<meta property=\"og:site_name\" content=\"Viveros Castro Mart&iacute;nez\" \/>\n<meta property=\"article:modified_time\" content=\"2020-07-10T11:35:13+00:00\" \/>\n<meta property=\"og:image\" content=\"http:\/\/www.viveroscastromartinez.com\/wp-content\/uploads\/2020\/04\/2020-04-02-021-576x1024.jpg\" \/>\n<meta name=\"twitter:card\" content=\"summary_large_image\" \/>\n<meta name=\"twitter:label1\" content=\"Tiempo de lectura\" \/>\n\t<meta name=\"twitter:data1\" content=\"1 minuto\" \/>\n<script type=\"application\/ld+json\" class=\"yoast-schema-graph\">{\"@context\":\"https:\/\/schema.org\",\"@graph\":[{\"@type\":\"WebSite\",\"@id\":\"https:\/\/www.viveroscastromartinez.com\/#website\",\"url\":\"https:\/\/www.viveroscastromartinez.com\/\",\"name\":\"Viveros Castro Mart&iacute;nez\",\"description\":\"Producci&oacute;n y venta de plantones de olivos y almendros\",\"potentialAction\":[{\"@type\":\"SearchAction\",\"target\":{\"@type\":\"EntryPoint\",\"urlTemplate\":\"https:\/\/www.viveroscastromartinez.com\/?s={search_term_string}\"},\"query-input\":\"required name=search_term_string\"}],\"inLanguage\":\"es\"},{\"@type\":\"ImageObject\",\"@id\":\"http:\/\/www.viveroscastromartinez.com\/index.php\/tutor-de-bambu\/#primaryimage\",\"inLanguage\":\"es\",\"url\":\"http:\/\/www.viveroscastromartinez.com\/wp-content\/uploads\/2020\/04\/2020-04-02-021.jpg\",\"contentUrl\":\"http:\/\/www.viveroscastromartinez.com\/wp-content\/uploads\/2020\/04\/2020-04-02-021.jpg\",\"width\":900,\"height\":1600},{\"@type\":\"WebPage\",\"@id\":\"http:\/\/www.viveroscastromartinez.com\/index.php\/tutor-de-bambu\/#webpage\",\"url\":\"http:\/\/www.viveroscastromartinez.com\/index.php\/tutor-de-bambu\/\",\"name\":\"Tutor de bamb\\u00fa - Viveros de Olivos y Almendros Castro Mart\\u00ednez\",\"isPartOf\":{\"@id\":\"https:\/\/www.viveroscastromartinez.com\/#website\"},\"primaryImageOfPage\":{\"@id\":\"http:\/\/www.viveroscastromartinez.com\/index.php\/tutor-de-bambu\/#primaryimage\"},\"datePublished\":\"2020-05-20T10:11:43+00:00\",\"dateModified\":\"2020-07-10T11:35:13+00:00\",\"description\":\"El tutor de bamb\\u00fa se utiliza como gu\\u00eda y soporte en viveros y en todo tipo de plantaciones. Material bastante resistente y a la vez flexible.\",\"breadcrumb\":{\"@id\":\"http:\/\/www.viveroscastromartinez.com\/index.php\/tutor-de-bambu\/#breadcrumb\"},\"inLanguage\":\"es\",\"potentialAction\":[{\"@type\":\"ReadAction\",\"target\":[\"http:\/\/www.viveroscastromartinez.com\/index.php\/tutor-de-bambu\/\"]}]},{\"@type\":\"BreadcrumbList\",\"@id\":\"http:\/\/www.viveroscastromartinez.com\/index.php\/tutor-de-bambu\/#breadcrumb\",\"itemListElement\":[{\"@type\":\"ListItem\",\"position\":1,\"name\":\"Portada\",\"item\":\"https:\/\/www.viveroscastromartinez.com\/\"},{\"@type\":\"ListItem\",\"position\":2,\"name\":\"Tutor de bamb\\u00fa\"}]}]}<\/script>\n<!-- \/ Yoast SEO plugin. -->","yoast_head_json":{"title":"Tutor de bamb\u00fa - Viveros de Olivos y Almendros Castro Mart\u00ednez","description":"El tutor de bamb\u00fa se utiliza como gu\u00eda y soporte en viveros y en todo tipo de plantaciones. Material bastante resistente y a la vez flexible.","robots":{"index":"index","follow":"follow","max-snippet":"max-snippet:-1","max-image-preview":"max-image-preview:large","max-video-preview":"max-video-preview:-1"},"canonical":"http:\/\/www.viveroscastromartinez.com\/index.php\/tutor-de-bambu\/","og_locale":"es_ES","og_type":"article","og_title":"Tutor de bamb\u00fa - Viveros de Olivos y Almendros Castro Mart\u00ednez","og_description":"El tutor de bamb\u00fa se utiliza como gu\u00eda y soporte en viveros y en todo tipo de plantaciones. Material bastante resistente y a la vez flexible.","og_url":"http:\/\/www.viveroscastromartinez.com\/index.php\/tutor-de-bambu\/","og_site_name":"Viveros Castro Mart&iacute;nez","article_modified_time":"2020-07-10T11:35:13+00:00","og_image":[{"url":"http:\/\/www.viveroscastromartinez.com\/wp-content\/uploads\/2020\/04\/2020-04-02-021-576x1024.jpg"}],"twitter_card":"summary_large_image","twitter_misc":{"Tiempo de lectura":"1 minuto"},"schema":{"@context":"https:\/\/schema.org","@graph":[{"@type":"WebSite","@id":"https:\/\/www.viveroscastromartinez.com\/#website","url":"https:\/\/www.viveroscastromartinez.com\/","name":"Viveros Castro Mart&iacute;nez","description":"Producci&oacute;n y venta de plantones de olivos y almendros","potentialAction":[{"@type":"SearchAction","target":{"@type":"EntryPoint","urlTemplate":"https:\/\/www.viveroscastromartinez.com\/?s={search_term_string}"},"query-input":"required name=search_term_string"}],"inLanguage":"es"},{"@type":"ImageObject","@id":"http:\/\/www.viveroscastromartinez.com\/index.php\/tutor-de-bambu\/#primaryimage","inLanguage":"es","url":"http:\/\/www.viveroscastromartinez.com\/wp-content\/uploads\/2020\/04\/2020-04-02-021.jpg","contentUrl":"http:\/\/www.viveroscastromartinez.com\/wp-content\/uploads\/2020\/04\/2020-04-02-021.jpg","width":900,"height":1600},{"@type":"WebPage","@id":"http:\/\/www.viveroscastromartinez.com\/index.php\/tutor-de-bambu\/#webpage","url":"http:\/\/www.viveroscastromartinez.com\/index.php\/tutor-de-bambu\/","name":"Tutor de bamb\u00fa - Viveros de Olivos y Almendros Castro Mart\u00ednez","isPartOf":{"@id":"https:\/\/www.viveroscastromartinez.com\/#website"},"primaryImageOfPage":{"@id":"http:\/\/www.viveroscastromartinez.com\/index.php\/tutor-de-bambu\/#primaryimage"},"datePublished":"2020-05-20T10:11:43+00:00","dateModified":"2020-07-10T11:35:13+00:00","description":"El tutor de bamb\u00fa se utiliza como gu\u00eda y soporte en viveros y en todo tipo de plantaciones. Material bastante resistente y a la vez flexible.","breadcrumb":{"@id":"http:\/\/www.viveroscastromartinez.com\/index.php\/tutor-de-bambu\/#breadcrumb"},"inLanguage":"es","potentialAction":[{"@type":"ReadAction","target":["http:\/\/www.viveroscastromartinez.com\/index.php\/tutor-de-bambu\/"]}]},{"@type":"BreadcrumbList","@id":"http:\/\/www.viveroscastromartinez.com\/index.php\/tutor-de-bambu\/#breadcrumb","itemListElement":[{"@type":"ListItem","position":1,"name":"Portada","item":"https:\/\/www.viveroscastromartinez.com\/"},{"@type":"ListItem","position":2,"name":"Tutor de bamb\u00fa"}]}]}},"_links":{"self":[{"href":"http:\/\/www.viveroscastromartinez.com\/index.php\/wp-json\/wp\/v2\/pages\/1119"}],"collection":[{"href":"http:\/\/www.viveroscastromartinez.com\/index.php\/wp-json\/wp\/v2\/pages"}],"about":[{"href":"http:\/\/www.viveroscastromartinez.com\/index.php\/wp-json\/wp\/v2\/types\/page"}],"author":[{"embeddable":true,"href":"http:\/\/www.viveroscastromartinez.com\/index.php\/wp-json\/wp\/v2\/users\/1"}],"replies":[{"embeddable":true,"href":"http:\/\/www.viveroscastromartinez.com\/index.php\/wp-json\/wp\/v2\/comments?post=1119"}],"version-history":[{"count":18,"href":"http:\/\/www.viveroscastromartinez.com\/index.php\/wp-json\/wp\/v2\/pages\/1119\/revisions"}],"predecessor-version":[{"id":1363,"href":"http:\/\/www.viveroscastromartinez.com\/index.php\/wp-json\/wp\/v2\/pages\/1119\/revisions\/1363"}],"wp:attachment":[{"href":"http:\/\/www.viveroscastromartinez.com\/index.php\/wp-json\/wp\/v2\/media?parent=1119"}],"curies":[{"name":"wp","href":"https:\/\/api.w.org\/{rel}","templated":true}]}}