{"id":1133,"date":"2020-05-20T18:01:28","date_gmt":"2020-05-20T18:01:28","guid":{"rendered":"http:\/\/www.viveroscastromartinez.com\/?page_id=1133"},"modified":"2020-07-10T11:26:42","modified_gmt":"2020-07-10T11:26:42","slug":"tutores-para-plantas","status":"publish","type":"page","link":"http:\/\/www.viveroscastromartinez.com\/index.php\/tutores-para-plantas\/","title":{"rendered":"TUTORES PARA PLANTAS"},"content":{"rendered":"\r\n<div class=\"wp-block-buttons aligncenter\">\r\n<div class=\"wp-block-button\"><a class=\"wp-block-button__link\" href=\"http:\/\/www.viveroscastromartinez.com\/index.php\/tutor-sintetico\/\">TUTOR SINT\u00c9TICO<\/a><\/div>\r\n\r\n\r\n\r\n<div class=\"wp-block-button\"><a class=\"wp-block-button__link\" href=\"http:\/\/www.viveroscastromartinez.com\/index.php\/tutor-de-fibra-de-vidrio\/\">TUTOR DE FIBRA DE VIDRIO<\/a><\/div>\r\n\r\n\r\n\r\n<div class=\"wp-block-button\"><a class=\"wp-block-button__link\" href=\"http:\/\/www.viveroscastromartinez.com\/index.php\/tutor-de-bambu\/\">TUTOR DE BAMB\u00da<\/a><\/div>\r\n\r\n\r\n\r\n<div class=\"wp-block-button\"><a class=\"wp-block-button__link\" href=\"http:\/\/www.viveroscastromartinez.com\/index.php\/protectores-para-plantas\/\">PROTECTOR<\/a><\/div>\r\n<\/div>\r\n\r\n<p>&nbsp;<\/p>\r\n<style>#jtg-1131 .modula-item .jtg-social a, .lightbox-socials.jtg-social a{ color: #ffffff }#jtg-1131 .modula-item .jtg-social svg, .lightbox-socials.jtg-social svg { height: 16px; width: 16px }#jtg-1131 .modula-item .jtg-social a:not(:last-child), .lightbox-socials.jtg-social a:not(:last-child) { margin-right: 10px }#jtg-1131 .modula-item .figc {color:#ffffff;}#jtg-1131 .modula-item .modula-item-content { transform: scale(1) }#jtg-1131 { width:100%;}#jtg-1131 .modula-items .figc p.description { font-size:14px; }#jtg-1131 .modula-items .figc p.description { color:#ffffff;}#jtg-1131.modula-gallery .modula-item > a, #jtg-1131.modula-gallery .modula-item, #jtg-1131.modula-gallery .modula-item-content > a { cursor:zoom-in; } @media screen and (max-width:480px){#jtg-1131 .modula-item .figc .jtg-title {  font-size: 12px; }#jtg-1131 .modula-items .figc p.description { color:#ffffff;font-size:10px; }}<\/style>\n<!-- Gallery Container -->\n<div  id=\"jtg-1131\" class=\"modula modula-gallery modula-columns\" data-config=\"{&quot;enableTwitter&quot;:false,&quot;enableWhatsapp&quot;:false,&quot;enableFacebook&quot;:false,&quot;enablePinterest&quot;:false,&quot;enableLinkedin&quot;:false,&quot;enableEmail&quot;:false,&quot;randomFactor&quot;:0.5,&quot;type&quot;:&quot;grid&quot;,&quot;columns&quot;:12,&quot;gutter&quot;:10,&quot;mobileGutter&quot;:10,&quot;tabletGutter&quot;:10,&quot;desktopGutter&quot;:10,&quot;enableResponsive&quot;:&quot;0&quot;,&quot;tabletColumns&quot;:&quot;2&quot;,&quot;mobileColumns&quot;:&quot;1&quot;,&quot;lazyLoad&quot;:&quot;0&quot;,&quot;lightboxOpts&quot;:{&quot;loop&quot;:false,&quot;arrows&quot;:true,&quot;toolbar&quot;:true,&quot;keyboard&quot;:false,&quot;wheel&quot;:false,&quot;buttons&quot;:[&quot;close&quot;],&quot;hash&quot;:false,&quot;lang&quot;:&quot;en&quot;,&quot;touch&quot;:false,&quot;protect&quot;:false,&quot;i18n&quot;:{&quot;en&quot;:{&quot;CLOSE&quot;:&quot;Close&quot;,&quot;NEXT&quot;:&quot;Next&quot;,&quot;PREV&quot;:&quot;Previous&quot;,&quot;Error&quot;:&quot;The requested content cannot be loaded. Please try again later.&quot;,&quot;PLAY_START&quot;:&quot;Start slideshow&quot;,&quot;PLAY_STOP&quot;:&quot;Pause slideshow&quot;,&quot;FULL_SCREEN&quot;:&quot;Full screen&quot;,&quot;THUMBS&quot;:&quot;Thumbnails&quot;,&quot;DOWNLOAD&quot;:&quot;Download&quot;,&quot;SHARE&quot;:&quot;Share&quot;,&quot;ZOOM&quot;:&quot;Zoom&quot;}},&quot;clickSlide&quot;:false,&quot;clickOutside&quot;:false,&quot;dblclickContent&quot;:false,&quot;dblclickSlide&quot;:false,&quot;dblclickOutside&quot;:false,&quot;clickContent&quot;:false,&quot;baseTpl&quot;:&quot;&lt;div class=\\&quot;modula-fancybox-container modula-lightbox-jtg-1131\\&quot; role=\\&quot;dialog\\&quot; tabindex=\\&quot;-1\\&quot;&gt;&lt;div class=\\&quot;modula-fancybox-bg\\&quot;&gt;&lt;\\\/div&gt;&lt;div class=\\&quot;modula-fancybox-inner\\&quot;&gt;&lt;div class=\\&quot;modula-fancybox-infobar\\&quot;&gt;&lt;span data-fancybox-index&gt;&lt;\\\/span&gt;&nbsp;\\\/&nbsp;&lt;span data-fancybox-count&gt;&lt;\\\/span&gt;&lt;\\\/div&gt;&lt;div class=\\&quot;modula-fancybox-toolbar\\&quot;&gt;{{buttons}}&lt;\\\/div&gt;&lt;div class=\\&quot;modula-fancybox-navigation\\&quot;&gt;{{arrows}}&lt;\\\/div&gt;&lt;div class=\\&quot;modula-fancybox-stage\\&quot;&gt;&lt;\\\/div&gt;&lt;div class=\\&quot;modula-fancybox-caption\\&quot;&gt;&lt;div class=\\&quot;modula-fancybox-caption__body\\&quot;&gt;&lt;\\\/div&gt;&lt;\\\/div&gt;&lt;\\\/div&gt;&lt;\\\/div&gt;&quot;},&quot;inView&quot;:false,&quot;email_subject&quot;:&quot;Check out this awesome image !!&quot;,&quot;email_message&quot;:&quot;Here is the link to the image : %%image_link%% and this is the link to the gallery : %%gallery_link%% &quot;,&quot;grid_type&quot;:&quot;automatic&quot;,&quot;rowHeight&quot;:150,&quot;lastRow&quot;:&quot;justify&quot;,&quot;lightbox&quot;:&quot;fancybox&quot;}\">\n\n\t\n\t<!-- Items Container -->\n\t<div  class=\"modula-items grid-gallery\">\n\t\t<div class=\"modula-item effect-pufrobo\" >\n\t<div class=\"modula-item-overlay\"><\/div>\n\n\t<div class=\"modula-item-content\">\n\n\t\t\t\t\n\t\t\t\t\t<a data-image-id=\"1355\" href=\"http:\/\/www.viveroscastromartinez.com\/wp-content\/uploads\/2020\/05\/Tutor-sintetico-H.jpeg\" rel=\"jtg-1131\" data-caption=\"Tutor sint\u00e9tico ecol\u00f3gico\" class=\"tile-inner modula-item-link\"><\/a>\n\t\t\n\t\t<img class=\"pic\"  data-valign=\"middle\" data-halign=\"center\" alt=\"Tutor sint\u00e9tico ecol\u00f3gico\" data-full=\"http:\/\/www.viveroscastromartinez.com\/wp-content\/uploads\/2020\/05\/Tutor-sintetico-H.jpeg\" title=\"Tutor sint\u00e9tico ecol\u00f3gico\" width=\"300\" height=\"191\" src=\"http:\/\/www.viveroscastromartinez.com\/wp-content\/uploads\/2020\/05\/Tutor-sintetico-H-300x191.jpeg\" data-src=\"http:\/\/www.viveroscastromartinez.com\/wp-content\/uploads\/2020\/05\/Tutor-sintetico-H-300x191.jpeg\" data-caption=\"Tutor sint\u00e9tico ecol\u00f3gico\"srcset=\"http:\/\/www.viveroscastromartinez.com\/wp-content\/uploads\/2020\/05\/Tutor-sintetico-H-300x191.jpeg 300w, http:\/\/www.viveroscastromartinez.com\/wp-content\/uploads\/2020\/05\/Tutor-sintetico-H-768x489.jpeg 768w, http:\/\/www.viveroscastromartinez.com\/wp-content\/uploads\/2020\/05\/Tutor-sintetico-H.jpeg 973w\" sizes=\"(max-width: 300px) 100vw, 300px\"\" \/>\n\t\t<div class=\"figc\">\n\t\t\t<div class=\"figc-inner\">\n\t\t\t\t\t\t\t\t\t<h2 class='jtg-title'>Tutor sint\u00e9tico ecol\u00f3gico<\/h2>\n\t\t\t\t\t\t\t\t\t\t\t\t\t<p class=\"description\">Tutor sint\u00e9tico ecol\u00f3gico<\/p>\n\t\t\t\t\t\t\t\t\t\t\t\t\t<div class=\"jtg-social\">\n\t\t\t\t\t\t\t\t\t\t\t\t\t\t\t\t\t\t\t\t\t\t\t\t\t\t\t\t\t\t\t\t\t\t\t\t\t\t\t\t\t\t\t\t\t\t\t<\/div>\n\t\t\t\t\t\t\t<\/div>\n\t\t<\/div>\n\n\t<\/div>\n\n<\/div><div class=\"modula-item effect-pufrobo\" >\n\t<div class=\"modula-item-overlay\"><\/div>\n\n\t<div class=\"modula-item-content\">\n\n\t\t\t\t\n\t\t\t\t\t<a data-image-id=\"315\" href=\"http:\/\/www.viveroscastromartinez.com\/wp-content\/uploads\/2020\/04\/Tutor-bambu-H.png\" rel=\"jtg-1131\" data-caption=\"Olivo en maceta con tutor de bamb\u00fa\" class=\"tile-inner modula-item-link\"><\/a>\n\t\t\n\t\t<img class=\"pic\"  data-valign=\"middle\" data-halign=\"center\" alt=\"Tutor de bamb\u00fa\" data-full=\"http:\/\/www.viveroscastromartinez.com\/wp-content\/uploads\/2020\/04\/Tutor-bambu-H.png\" title=\"Tutor de bamb\u00fa\" width=\"300\" height=\"169\" src=\"http:\/\/www.viveroscastromartinez.com\/wp-content\/uploads\/2020\/04\/Tutor-bambu-H-300x169.png\" data-src=\"http:\/\/www.viveroscastromartinez.com\/wp-content\/uploads\/2020\/04\/Tutor-bambu-H-300x169.png\" data-caption=\"Olivo en maceta con tutor de bamb\u00fa\"srcset=\"http:\/\/www.viveroscastromartinez.com\/wp-content\/uploads\/2020\/04\/Tutor-bambu-H-300x169.png 300w, http:\/\/www.viveroscastromartinez.com\/wp-content\/uploads\/2020\/04\/Tutor-bambu-H-1024x576.png 1024w, http:\/\/www.viveroscastromartinez.com\/wp-content\/uploads\/2020\/04\/Tutor-bambu-H-768x432.png 768w, http:\/\/www.viveroscastromartinez.com\/wp-content\/uploads\/2020\/04\/Tutor-bambu-H-1536x864.png 1536w, http:\/\/www.viveroscastromartinez.com\/wp-content\/uploads\/2020\/04\/Tutor-bambu-H.png 1600w\" sizes=\"(max-width: 300px) 100vw, 300px\"\" \/>\n\t\t<div class=\"figc\">\n\t\t\t<div class=\"figc-inner\">\n\t\t\t\t\t\t\t\t\t<h2 class='jtg-title'>Tutor de bamb\u00fa<\/h2>\n\t\t\t\t\t\t\t\t\t\t\t\t\t<p class=\"description\">Olivo en maceta con tutor de bamb\u00fa<\/p>\n\t\t\t\t\t\t\t\t\t\t\t\t\t<div class=\"jtg-social\">\n\t\t\t\t\t\t\t\t\t\t\t\t\t\t\t\t\t\t\t\t\t\t\t\t\t\t\t\t\t\t\t\t\t\t\t\t\t\t\t\t\t\t\t\t\t\t\t<\/div>\n\t\t\t\t\t\t\t<\/div>\n\t\t<\/div>\n\n\t<\/div>\n\n<\/div><div class=\"modula-item effect-pufrobo\" >\n\t<div class=\"modula-item-overlay\"><\/div>\n\n\t<div class=\"modula-item-content\">\n\n\t\t\t\t\n\t\t\t\t\t<a data-image-id=\"336\" href=\"http:\/\/www.viveroscastromartinez.com\/wp-content\/uploads\/2020\/04\/Accesorios-principal-H-.png\" rel=\"jtg-1131\" data-caption=\"Olivo con tutor  y protector\" class=\"tile-inner modula-item-link\"><\/a>\n\t\t\n\t\t<img class=\"pic\"  data-valign=\"middle\" data-halign=\"center\" alt=\"Tutor y protector\" data-full=\"http:\/\/www.viveroscastromartinez.com\/wp-content\/uploads\/2020\/04\/Accesorios-principal-H-.png\" title=\"Tutor de fibra de vidrio\" width=\"300\" height=\"241\" src=\"http:\/\/www.viveroscastromartinez.com\/wp-content\/uploads\/2020\/04\/Accesorios-principal-H--300x241.png\" data-src=\"http:\/\/www.viveroscastromartinez.com\/wp-content\/uploads\/2020\/04\/Accesorios-principal-H--300x241.png\" data-caption=\"Olivo con tutor  y protector\"srcset=\"http:\/\/www.viveroscastromartinez.com\/wp-content\/uploads\/2020\/04\/Accesorios-principal-H--300x241.png 300w, http:\/\/www.viveroscastromartinez.com\/wp-content\/uploads\/2020\/04\/Accesorios-principal-H--768x616.png 768w, http:\/\/www.viveroscastromartinez.com\/wp-content\/uploads\/2020\/04\/Accesorios-principal-H-.png 813w\" sizes=\"(max-width: 300px) 100vw, 300px\"\" \/>\n\t\t<div class=\"figc\">\n\t\t\t<div class=\"figc-inner\">\n\t\t\t\t\t\t\t\t\t<h2 class='jtg-title'>Tutor de fibra de vidrio<\/h2>\n\t\t\t\t\t\t\t\t\t\t\t\t\t<p class=\"description\">Olivo con tutor  y protector<\/p>\n\t\t\t\t\t\t\t\t\t\t\t\t\t<div class=\"jtg-social\">\n\t\t\t\t\t\t\t\t\t\t\t\t\t\t\t\t\t\t\t\t\t\t\t\t\t\t\t\t\t\t\t\t\t\t\t\t\t\t\t\t\t\t\t\t\t\t\t<\/div>\n\t\t\t\t\t\t\t<\/div>\n\t\t<\/div>\n\n\t<\/div>\n\n<\/div>\t\t\n\t<\/div>\n\n\t\n\t\n\t<script type=\"application\/ld+json\">\n\t{\n\t\t\"@context\": \"http:\/\/schema.org\",\n\t\t\"@type\"   : \"ImageGallery\",\n\t\t\"id\"      : \"http:\/\/www.viveroscastromartinez.com\/wp-json\/wp\/v2\/pages\/1133\",\n\t\t\"url\"     : \"http:\/\/www.viveroscastromartinez.com\/wp-json\/wp\/v2\/pages\/1133\"\n\t}\n\n    <\/script>\n\n\t\n<\/div>\r\n<p>&nbsp;<\/p>\r\n\r\n<div class=\"wp-block-buttons aligncenter\">\r\n<div class=\"wp-block-button\"><a class=\"wp-block-button__link\" href=\"http:\/\/www.viveroscastromartinez.com\/index.php\/presupuesto\/\">SOLICITAR PRESUPUESTO<\/a><\/div>\r\n<\/div>\r\n\r\n\r\n\r\n<h4>\u00a0<\/h4>\r\n<h4><strong>\u00bfPARA QUE SIRVEN?<\/strong><\/h4>\r\n\r\n\r\n\r\n<p style=\"text-align: justify;\"><span style=\"font-size: 14pt;\">Los tutores para plantas b\u00e1sicamente permiten que las plantas, flores o incluso \u00e1rboles puedan crecer con m\u00e1s firmeza y puedan permanecer estables aunque las condiciones ambientales sean adversas (lluvia, viento, etc). El tutor se utiliza como gu\u00eda y soporte en viveros y en todo tipo de plantaciones.<\/span><\/p>\r\n\r\n\r\n\r\n<p style=\"text-align: justify;\"><span style=\"font-size: 14pt;\">Ventajas de usar tutores:<\/span><\/p>\r\n<ul style=\"text-align: justify;\">\r\n<li><span style=\"font-size: 14pt;\">Las plantas reciben mucha m\u00e1s luz y est\u00e1n mejor aireadas.<\/span><\/li>\r\n<li><span style=\"font-size: 14pt;\">El riego, la recolecci\u00f3n y la poda son m\u00e1s f\u00e1ciles y c\u00f3modos.<\/span><\/li>\r\n<li><span style=\"font-size: 14pt;\">Evita que las plantas y sus frutos sean da\u00f1ados con pisadas.<\/span><\/li>\r\n<\/ul>\r\n<p><span style=\"font-size: 14pt;\">Se pueden usar en plantas de interior, en el jard\u00edn o en la huerta. De esta manera estaremos ayudando al crecimiento de cada ejemplar y evitaremos que se quiebren o no puedan seguir desarroll\u00e1ndose.\u00a0<\/span><\/p>\r\n<p style=\"font-size: 22px;\">\r\n\r\n<\/p>\r\n<h4><b>COLOCACI\u00d3N *<\/b><\/h4>\r\n<p><span style=\"font-size: 14pt;\"> \r\n\r\n <\/span><\/p>\r\n<ul>\r\n<li style=\"text-align: justify;\"><span style=\"font-size: 14pt;\">Se debe colocar el palo-sost\u00e9n a partir del segundo mes de la planta o cuando esta tenga unos 25 cm de alto. Si lo haces antes puedes romper el tallo y si dejas pasar el tiempo ser\u00e1n m\u00e1s dif\u00edciles de sujetar. La distancia no debe superar los 5 cm del tronco.<\/span><\/li>\r\n<li style=\"text-align: justify;\"><span style=\"font-size: 14pt;\">El atado consiste en fijar la planta al tutor. Es preciso\u00a0apretar lo suficiente para que no se mueva pero tampoco tanto para lastimar\u00a0o estrangular el tallo. No se recomiendan los alambres de cobre o aluminio, mejor materiales resistentes al sol, lluvia, helada, etc.<\/span><\/li>\r\n<li style=\"text-align: justify;\"><span style=\"font-size: 14pt;\">En el caso de un \u00e1rbol o un frutal el tutor debe ser lo suficientemente ancho como para que dure m\u00e1s tiempo.\u00a0El material mejor si es sint\u00e9tico porque suele ser m\u00e1s resistente.<\/span><\/li>\r\n<li style=\"text-align: justify;\"><span style=\"font-size: 14pt;\">Los puntos de atado son estrat\u00e9gicos y m\u00faltiples. Por ejemplo se pueden hacer nudos a los 10 cm del suelo y luego si es preciso cada 5 cm.<\/span><\/li>\r\n<li style=\"text-align: justify;\"><span style=\"font-size: 14pt;\"><span style=\"font-size: 14pt;\">Si tenemos tomates en la huerta podemos hacer un tutor llamado caballete que se arma con palos cruzados y atados en la parte superior. Se colocan a lo largo del cantero y se deja que las plantas se enreden en los tutores.<\/span><\/span><\/li>\r\n<\/ul>\r\n<hr \/>\r\n<p style=\"text-align: justify;\">*<span style=\"font-size: 10pt;\">Nota: Toda la informaci\u00f3n de esta p\u00e1gina es orientativa y aproximada, siendo el agricultor la persona encargada de colocar adecuadamente el tutor y\/o protector como considere oportuno, no haci\u00e9ndose responsable Viveros Castro Mart\u00ednez de la colocaci\u00f3n de los mismos.<\/span><\/p>\r\n<p style=\"font-size: 22px;\"><\/p>","protected":false},"excerpt":{"rendered":"<p>&nbsp; &nbsp; \u00a0 \u00bfPARA QUE SIRVEN? Los tutores para plantas b\u00e1sicamente permiten que las plantas, flores o incluso \u00e1rboles puedan crecer con m\u00e1s firmeza y puedan permanecer estables aunque las condiciones ambientales sean adversas (lluvia, viento, etc). El tutor se utiliza como gu\u00eda y soporte en viveros y en todo tipo de plantaciones. Ventajas de [&hellip;]<\/p>\n","protected":false},"author":1,"featured_media":0,"parent":0,"menu_order":0,"comment_status":"closed","ping_status":"closed","template":"","meta":[],"yoast_head":"<!-- This site is optimized with the Yoast SEO plugin v17.0 - https:\/\/yoast.com\/wordpress\/plugins\/seo\/ -->\n<title>TUTORES PARA PLANTAS - Viveros Castro Mart&iacute;nez<\/title>\n<meta name=\"description\" content=\"Disponemos de tutores para plantas de diferentes materiales. El tutor se utiliza como gu\u00eda y soporte en viveros y en todo tipo de plantaciones.\" \/>\n<meta name=\"robots\" content=\"index, follow, max-snippet:-1, max-image-preview:large, max-video-preview:-1\" \/>\n<link rel=\"canonical\" href=\"http:\/\/www.viveroscastromartinez.com\/index.php\/tutores-para-plantas\/\" \/>\n<meta property=\"og:locale\" content=\"es_ES\" \/>\n<meta property=\"og:type\" content=\"article\" \/>\n<meta property=\"og:title\" content=\"TUTORES PARA PLANTAS - Viveros Castro Mart&iacute;nez\" \/>\n<meta property=\"og:description\" content=\"Disponemos de tutores para plantas de diferentes materiales. El tutor se utiliza como gu\u00eda y soporte en viveros y en todo tipo de plantaciones.\" \/>\n<meta property=\"og:url\" content=\"http:\/\/www.viveroscastromartinez.com\/index.php\/tutores-para-plantas\/\" \/>\n<meta property=\"og:site_name\" content=\"Viveros Castro Mart&iacute;nez\" \/>\n<meta property=\"article:modified_time\" content=\"2020-07-10T11:26:42+00:00\" \/>\n<meta name=\"twitter:card\" content=\"summary_large_image\" \/>\n<meta name=\"twitter:label1\" content=\"Tiempo de lectura\" \/>\n\t<meta name=\"twitter:data1\" content=\"2 minutos\" \/>\n<script type=\"application\/ld+json\" class=\"yoast-schema-graph\">{\"@context\":\"https:\/\/schema.org\",\"@graph\":[{\"@type\":\"WebSite\",\"@id\":\"http:\/\/www.viveroscastromartinez.com\/#website\",\"url\":\"http:\/\/www.viveroscastromartinez.com\/\",\"name\":\"Viveros Castro Mart&iacute;nez\",\"description\":\"Producci&oacute;n y venta de plantones de olivos y almendros\",\"potentialAction\":[{\"@type\":\"SearchAction\",\"target\":{\"@type\":\"EntryPoint\",\"urlTemplate\":\"http:\/\/www.viveroscastromartinez.com\/?s={search_term_string}\"},\"query-input\":\"required name=search_term_string\"}],\"inLanguage\":\"es\"},{\"@type\":\"WebPage\",\"@id\":\"http:\/\/www.viveroscastromartinez.com\/index.php\/tutores-para-plantas\/#webpage\",\"url\":\"http:\/\/www.viveroscastromartinez.com\/index.php\/tutores-para-plantas\/\",\"name\":\"TUTORES PARA PLANTAS - Viveros Castro Mart&iacute;nez\",\"isPartOf\":{\"@id\":\"http:\/\/www.viveroscastromartinez.com\/#website\"},\"datePublished\":\"2020-05-20T18:01:28+00:00\",\"dateModified\":\"2020-07-10T11:26:42+00:00\",\"description\":\"Disponemos de tutores para plantas de diferentes materiales. El tutor se utiliza como gu\\u00eda y soporte en viveros y en todo tipo de plantaciones.\",\"breadcrumb\":{\"@id\":\"http:\/\/www.viveroscastromartinez.com\/index.php\/tutores-para-plantas\/#breadcrumb\"},\"inLanguage\":\"es\",\"potentialAction\":[{\"@type\":\"ReadAction\",\"target\":[\"http:\/\/www.viveroscastromartinez.com\/index.php\/tutores-para-plantas\/\"]}]},{\"@type\":\"BreadcrumbList\",\"@id\":\"http:\/\/www.viveroscastromartinez.com\/index.php\/tutores-para-plantas\/#breadcrumb\",\"itemListElement\":[{\"@type\":\"ListItem\",\"position\":1,\"name\":\"Portada\",\"item\":\"http:\/\/www.viveroscastromartinez.com\/\"},{\"@type\":\"ListItem\",\"position\":2,\"name\":\"TUTORES PARA PLANTAS\"}]}]}<\/script>\n<!-- \/ Yoast SEO plugin. -->","yoast_head_json":{"title":"TUTORES PARA PLANTAS - Viveros Castro Mart&iacute;nez","description":"Disponemos de tutores para plantas de diferentes materiales. El tutor se utiliza como gu\u00eda y soporte en viveros y en todo tipo de plantaciones.","robots":{"index":"index","follow":"follow","max-snippet":"max-snippet:-1","max-image-preview":"max-image-preview:large","max-video-preview":"max-video-preview:-1"},"canonical":"http:\/\/www.viveroscastromartinez.com\/index.php\/tutores-para-plantas\/","og_locale":"es_ES","og_type":"article","og_title":"TUTORES PARA PLANTAS - Viveros Castro Mart&iacute;nez","og_description":"Disponemos de tutores para plantas de diferentes materiales. El tutor se utiliza como gu\u00eda y soporte en viveros y en todo tipo de plantaciones.","og_url":"http:\/\/www.viveroscastromartinez.com\/index.php\/tutores-para-plantas\/","og_site_name":"Viveros Castro Mart&iacute;nez","article_modified_time":"2020-07-10T11:26:42+00:00","twitter_card":"summary_large_image","twitter_misc":{"Tiempo de lectura":"2 minutos"},"schema":{"@context":"https:\/\/schema.org","@graph":[{"@type":"WebSite","@id":"http:\/\/www.viveroscastromartinez.com\/#website","url":"http:\/\/www.viveroscastromartinez.com\/","name":"Viveros Castro Mart&iacute;nez","description":"Producci&oacute;n y venta de plantones de olivos y almendros","potentialAction":[{"@type":"SearchAction","target":{"@type":"EntryPoint","urlTemplate":"http:\/\/www.viveroscastromartinez.com\/?s={search_term_string}"},"query-input":"required name=search_term_string"}],"inLanguage":"es"},{"@type":"WebPage","@id":"http:\/\/www.viveroscastromartinez.com\/index.php\/tutores-para-plantas\/#webpage","url":"http:\/\/www.viveroscastromartinez.com\/index.php\/tutores-para-plantas\/","name":"TUTORES PARA PLANTAS - Viveros Castro Mart&iacute;nez","isPartOf":{"@id":"http:\/\/www.viveroscastromartinez.com\/#website"},"datePublished":"2020-05-20T18:01:28+00:00","dateModified":"2020-07-10T11:26:42+00:00","description":"Disponemos de tutores para plantas de diferentes materiales. El tutor se utiliza como gu\u00eda y soporte en viveros y en todo tipo de plantaciones.","breadcrumb":{"@id":"http:\/\/www.viveroscastromartinez.com\/index.php\/tutores-para-plantas\/#breadcrumb"},"inLanguage":"es","potentialAction":[{"@type":"ReadAction","target":["http:\/\/www.viveroscastromartinez.com\/index.php\/tutores-para-plantas\/"]}]},{"@type":"BreadcrumbList","@id":"http:\/\/www.viveroscastromartinez.com\/index.php\/tutores-para-plantas\/#breadcrumb","itemListElement":[{"@type":"ListItem","position":1,"name":"Portada","item":"http:\/\/www.viveroscastromartinez.com\/"},{"@type":"ListItem","position":2,"name":"TUTORES PARA PLANTAS"}]}]}},"_links":{"self":[{"href":"http:\/\/www.viveroscastromartinez.com\/index.php\/wp-json\/wp\/v2\/pages\/1133"}],"collection":[{"href":"http:\/\/www.viveroscastromartinez.com\/index.php\/wp-json\/wp\/v2\/pages"}],"about":[{"href":"http:\/\/www.viveroscastromartinez.com\/index.php\/wp-json\/wp\/v2\/types\/page"}],"author":[{"embeddable":true,"href":"http:\/\/www.viveroscastromartinez.com\/index.php\/wp-json\/wp\/v2\/users\/1"}],"replies":[{"embeddable":true,"href":"http:\/\/www.viveroscastromartinez.com\/index.php\/wp-json\/wp\/v2\/comments?post=1133"}],"version-history":[{"count":16,"href":"http:\/\/www.viveroscastromartinez.com\/index.php\/wp-json\/wp\/v2\/pages\/1133\/revisions"}],"predecessor-version":[{"id":1361,"href":"http:\/\/www.viveroscastromartinez.com\/index.php\/wp-json\/wp\/v2\/pages\/1133\/revisions\/1361"}],"wp:attachment":[{"href":"http:\/\/www.viveroscastromartinez.com\/index.php\/wp-json\/wp\/v2\/media?parent=1133"}],"curies":[{"name":"wp","href":"https:\/\/api.w.org\/{rel}","templated":true}]}}