{"id":1176,"date":"2020-05-24T17:55:02","date_gmt":"2020-05-24T17:55:02","guid":{"rendered":"http:\/\/www.viveroscastromartinez.com\/?page_id=1176"},"modified":"2020-06-07T17:24:16","modified_gmt":"2020-06-07T17:24:16","slug":"almendro-avijor-lauranne","status":"publish","type":"page","link":"http:\/\/www.viveroscastromartinez.com\/index.php\/almendro-avijor-lauranne\/","title":{"rendered":"Almendro avijor &#8211; lauranne \u00ae"},"content":{"rendered":"\r\n<div class=\"wp-block-columns\">\r\n<div class=\"wp-block-column\" style=\"flex-basis: 33.33%;\">\r\n<figure class=\"wp-block-image size-large is-style-rounded\"><img class=\"wp-image-246\" src=\"http:\/\/www.viveroscastromartinez.com\/wp-content\/uploads\/2020\/04\/Avijor.jpg\" alt=\"Almendro variedad Avijor-Lauranne\u00ae\" \/><\/figure>\r\n<\/div>\r\n<div class=\"wp-block-column\" style=\"flex-basis: 66.66%;\">\r\n<table style=\"width: 100%; border-collapse: collapse; height: 316px;\" border=\"0\">\r\n<tbody>\r\n<tr style=\"height: 27px;\">\r\n<td style=\"width: 100%; text-align: center; height: 27px;\"><span style=\"text-decoration: underline;\"><strong><span style=\"font-size: 14pt;\">CARACTER\u00cdSTICAS<\/span><\/strong><\/span><strong><span style=\"font-size: 14pt;\"> *<\/span><\/strong><\/td>\r\n<\/tr>\r\n<tr style=\"height: 24px;\">\r\n<td style=\"width: 100%; height: 24px; text-align: center;\">VIGOR MEDIO<\/td>\r\n<\/tr>\r\n<tr style=\"height: 24px;\">\r\n<td style=\"width: 100%; text-align: center; height: 24px;\">PORTE ABIERTO<\/td>\r\n<\/tr>\r\n<tr style=\"height: 24px;\">\r\n<td style=\"width: 100%; height: 24px; text-align: center;\">FORMACI\u00d3N Y PODA MUY F\u00c1CIL<\/td>\r\n<\/tr>\r\n<tr style=\"height: 24px;\">\r\n<td style=\"width: 100%; height: 24px; text-align: center;\">POLINIZACI\u00d3N AUTOF\u00c9RTIL<\/td>\r\n<\/tr>\r\n<tr style=\"height: 24px;\">\r\n<td style=\"width: 100%; height: 24px; text-align: center;\">PRODUCCI\u00d3N ENTRE ALTA Y MUY ALTA<\/td>\r\n<\/tr>\r\n<tr style=\"height: 24px;\">\r\n<td style=\"width: 100%; height: 24px; text-align: center;\">FLORACI\u00d3N <strong>TARD\u00cdA<\/strong><\/td>\r\n<\/tr>\r\n<tr style=\"height: 24px;\">\r\n<td style=\"width: 100%; height: 24px; text-align: center;\">MADURACI\u00d3N PRIMERA QUINCENA DE SEPTIEMBRE<\/td>\r\n<\/tr>\r\n<tr style=\"height: 24px;\">\r\n<td style=\"width: 100%; height: 24px; text-align: center;\">FORMA FRUTO ALARGADO<\/td>\r\n<\/tr>\r\n<tr style=\"height: 24px;\">\r\n<td style=\"width: 100%; height: 24px; text-align: center;\">RENDIMIENTO 35-40%<\/td>\r\n<\/tr>\r\n<tr style=\"height: 24px;\">\r\n<td style=\"width: 100%; text-align: center; height: 24px;\">C\u00c1SCARA SEMI-DURA<\/td>\r\n<\/tr>\r\n<tr style=\"height: 25px;\">\r\n<td style=\"width: 100%; text-align: center; height: 25px;\">SEMILLAS DOBLES MENOS DEL 5%<\/td>\r\n<\/tr>\r\n<tr style=\"height: 24px;\">\r\n<td style=\"width: 100%; text-align: center; height: 24px;\">TOLERANCIA A LA MANCHA OCRE Y MONOLIOSIS<\/td>\r\n<\/tr>\r\n<\/tbody>\r\n<\/table>\r\n<\/div>\r\n<\/div>\r\n<hr \/>\r\n<p style=\"text-align: justify;\"><span style=\"font-size: 14pt;\">La variedad de almendro avijor &#8211; lauranne ha sido desarrollada por el INRA (Francia) del cruce de Ferragn\u00e8s con Tuono. Es una variedad auto f\u00e9rtil y de floraci\u00f3n <strong>tard\u00eda<\/strong>, muy productiva, regular y de elevado rendimiento en c\u00e1scara. Muy resistente a enfermedades criptog\u00e1micas, como a la mancha ocre, adem\u00e1s se adapta bien a diferentes tipos de condiciones ambientales. Tiene forma alargada y estrecha.<\/span><\/p>\r\n<p style=\"text-align: justify;\"><span style=\"font-size: 14pt;\">El almendro avijor &#8211; lauranne florece aproximadamente la primera quincena de marzo, adem\u00e1s su fruto madura en la primera quincena de septiembre, consider\u00e1ndose por esto una variedad de floraci\u00f3n tard\u00eda.<\/span><\/p>\r\n<p><span style=\"font-size: 14pt;\"><\/span><\/p>\r\n<p style=\"text-align: justify;\"><span style=\"font-size: 14pt;\">Debido a todo lo descrito, esta variedad es una de las m\u00e1s utilizadas junto con la variedad <a href=\"http:\/\/www.viveroscastromartinez.com\/index.php\/almendro-guara\/\">guara<\/a> por todo el territorio nacional, obteniendo los agricultores un gran resultado.<\/span><\/p>\r\n<hr \/>\r\n<p style=\"text-align: justify;\">*<span style=\"font-size: 10pt;\">Nota: Toda la informaci\u00f3n de esta p\u00e1gina es orientativa. Las fechas de floraci\u00f3n variar\u00e1n ligeramente en funci\u00f3n de los a\u00f1os y de la zona de cultivo. Todo fruto de un \u00e1rbol depende de muchos factores, tales como son clima, suelo en el que se cultiva, tiempo de la planta, pr\u00e1cticas del agricultor&#8230;<\/span><\/p>","protected":false},"excerpt":{"rendered":"<p>CARACTER\u00cdSTICAS * VIGOR MEDIO PORTE ABIERTO FORMACI\u00d3N Y PODA MUY F\u00c1CIL POLINIZACI\u00d3N AUTOF\u00c9RTIL PRODUCCI\u00d3N ENTRE ALTA Y MUY ALTA FLORACI\u00d3N TARD\u00cdA MADURACI\u00d3N PRIMERA QUINCENA DE SEPTIEMBRE FORMA FRUTO ALARGADO RENDIMIENTO 35-40% C\u00c1SCARA SEMI-DURA SEMILLAS DOBLES MENOS DEL 5% TOLERANCIA A LA MANCHA OCRE Y MONOLIOSIS La variedad de almendro avijor &#8211; lauranne ha sido desarrollada [&hellip;]<\/p>\n","protected":false},"author":1,"featured_media":0,"parent":0,"menu_order":0,"comment_status":"closed","ping_status":"closed","template":"","meta":[],"yoast_head":"<!-- This site is optimized with the Yoast SEO plugin v17.0 - https:\/\/yoast.com\/wordpress\/plugins\/seo\/ -->\n<title>Almendro avijor - lauranne \u00ae - Viveros de Almendros Castro Mart\u00ednez<\/title>\n<meta name=\"description\" content=\"El almendro avijor - lauranne \u00ae es un cruce de Ferragn\u00e8s con Tuono. Es una variedad auto f\u00e9rtil y de floraci\u00f3n tard\u00eda, muy productiva y regular.\" \/>\n<meta name=\"robots\" content=\"index, follow, max-snippet:-1, max-image-preview:large, max-video-preview:-1\" \/>\n<link rel=\"canonical\" href=\"http:\/\/www.viveroscastromartinez.com\/index.php\/almendro-avijor-lauranne\/\" \/>\n<meta property=\"og:locale\" content=\"es_ES\" \/>\n<meta property=\"og:type\" content=\"article\" \/>\n<meta property=\"og:title\" content=\"Almendro avijor - lauranne \u00ae - Viveros de Almendros Castro Mart\u00ednez\" \/>\n<meta property=\"og:description\" content=\"El almendro avijor - lauranne \u00ae es un cruce de Ferragn\u00e8s con Tuono. Es una variedad auto f\u00e9rtil y de floraci\u00f3n tard\u00eda, muy productiva y regular.\" \/>\n<meta property=\"og:url\" content=\"http:\/\/www.viveroscastromartinez.com\/index.php\/almendro-avijor-lauranne\/\" \/>\n<meta property=\"og:site_name\" content=\"Viveros Castro Mart&iacute;nez\" \/>\n<meta property=\"article:modified_time\" content=\"2020-06-07T17:24:16+00:00\" \/>\n<meta property=\"og:image\" content=\"http:\/\/www.viveroscastromartinez.com\/wp-content\/uploads\/2020\/04\/Avijor.jpg\" \/>\n<meta name=\"twitter:card\" content=\"summary_large_image\" \/>\n<meta name=\"twitter:label1\" content=\"Tiempo de lectura\" \/>\n\t<meta name=\"twitter:data1\" content=\"1 minuto\" \/>\n<script type=\"application\/ld+json\" class=\"yoast-schema-graph\">{\"@context\":\"https:\/\/schema.org\",\"@graph\":[{\"@type\":\"WebSite\",\"@id\":\"https:\/\/www.viveroscastromartinez.com\/#website\",\"url\":\"https:\/\/www.viveroscastromartinez.com\/\",\"name\":\"Viveros Castro Mart&iacute;nez\",\"description\":\"Producci&oacute;n y venta de plantones de olivos y almendros\",\"potentialAction\":[{\"@type\":\"SearchAction\",\"target\":{\"@type\":\"EntryPoint\",\"urlTemplate\":\"https:\/\/www.viveroscastromartinez.com\/?s={search_term_string}\"},\"query-input\":\"required name=search_term_string\"}],\"inLanguage\":\"es\"},{\"@type\":\"ImageObject\",\"@id\":\"http:\/\/www.viveroscastromartinez.com\/index.php\/almendro-avijor-lauranne\/#primaryimage\",\"inLanguage\":\"es\",\"url\":\"http:\/\/www.viveroscastromartinez.com\/wp-content\/uploads\/2020\/04\/Avijor.jpg\",\"contentUrl\":\"http:\/\/www.viveroscastromartinez.com\/wp-content\/uploads\/2020\/04\/Avijor.jpg\",\"width\":512,\"height\":358,\"caption\":\"Variedad Avijor Lauranne\"},{\"@type\":\"WebPage\",\"@id\":\"http:\/\/www.viveroscastromartinez.com\/index.php\/almendro-avijor-lauranne\/#webpage\",\"url\":\"http:\/\/www.viveroscastromartinez.com\/index.php\/almendro-avijor-lauranne\/\",\"name\":\"Almendro avijor - lauranne \\u00ae - Viveros de Almendros Castro Mart\\u00ednez\",\"isPartOf\":{\"@id\":\"https:\/\/www.viveroscastromartinez.com\/#website\"},\"primaryImageOfPage\":{\"@id\":\"http:\/\/www.viveroscastromartinez.com\/index.php\/almendro-avijor-lauranne\/#primaryimage\"},\"datePublished\":\"2020-05-24T17:55:02+00:00\",\"dateModified\":\"2020-06-07T17:24:16+00:00\",\"description\":\"El almendro avijor - lauranne \\u00ae es un cruce de Ferragn\\u00e8s con Tuono. Es una variedad auto f\\u00e9rtil y de floraci\\u00f3n tard\\u00eda, muy productiva y regular.\",\"breadcrumb\":{\"@id\":\"http:\/\/www.viveroscastromartinez.com\/index.php\/almendro-avijor-lauranne\/#breadcrumb\"},\"inLanguage\":\"es\",\"potentialAction\":[{\"@type\":\"ReadAction\",\"target\":[\"http:\/\/www.viveroscastromartinez.com\/index.php\/almendro-avijor-lauranne\/\"]}]},{\"@type\":\"BreadcrumbList\",\"@id\":\"http:\/\/www.viveroscastromartinez.com\/index.php\/almendro-avijor-lauranne\/#breadcrumb\",\"itemListElement\":[{\"@type\":\"ListItem\",\"position\":1,\"name\":\"Portada\",\"item\":\"https:\/\/www.viveroscastromartinez.com\/\"},{\"@type\":\"ListItem\",\"position\":2,\"name\":\"Almendro avijor &#8211; lauranne \\u00ae\"}]}]}<\/script>\n<!-- \/ Yoast SEO plugin. -->","yoast_head_json":{"title":"Almendro avijor - lauranne \u00ae - Viveros de Almendros Castro Mart\u00ednez","description":"El almendro avijor - lauranne \u00ae es un cruce de Ferragn\u00e8s con Tuono. Es una variedad auto f\u00e9rtil y de floraci\u00f3n tard\u00eda, muy productiva y regular.","robots":{"index":"index","follow":"follow","max-snippet":"max-snippet:-1","max-image-preview":"max-image-preview:large","max-video-preview":"max-video-preview:-1"},"canonical":"http:\/\/www.viveroscastromartinez.com\/index.php\/almendro-avijor-lauranne\/","og_locale":"es_ES","og_type":"article","og_title":"Almendro avijor - lauranne \u00ae - Viveros de Almendros Castro Mart\u00ednez","og_description":"El almendro avijor - lauranne \u00ae es un cruce de Ferragn\u00e8s con Tuono. Es una variedad auto f\u00e9rtil y de floraci\u00f3n tard\u00eda, muy productiva y regular.","og_url":"http:\/\/www.viveroscastromartinez.com\/index.php\/almendro-avijor-lauranne\/","og_site_name":"Viveros Castro Mart&iacute;nez","article_modified_time":"2020-06-07T17:24:16+00:00","og_image":[{"url":"http:\/\/www.viveroscastromartinez.com\/wp-content\/uploads\/2020\/04\/Avijor.jpg"}],"twitter_card":"summary_large_image","twitter_misc":{"Tiempo de lectura":"1 minuto"},"schema":{"@context":"https:\/\/schema.org","@graph":[{"@type":"WebSite","@id":"https:\/\/www.viveroscastromartinez.com\/#website","url":"https:\/\/www.viveroscastromartinez.com\/","name":"Viveros Castro Mart&iacute;nez","description":"Producci&oacute;n y venta de plantones de olivos y almendros","potentialAction":[{"@type":"SearchAction","target":{"@type":"EntryPoint","urlTemplate":"https:\/\/www.viveroscastromartinez.com\/?s={search_term_string}"},"query-input":"required name=search_term_string"}],"inLanguage":"es"},{"@type":"ImageObject","@id":"http:\/\/www.viveroscastromartinez.com\/index.php\/almendro-avijor-lauranne\/#primaryimage","inLanguage":"es","url":"http:\/\/www.viveroscastromartinez.com\/wp-content\/uploads\/2020\/04\/Avijor.jpg","contentUrl":"http:\/\/www.viveroscastromartinez.com\/wp-content\/uploads\/2020\/04\/Avijor.jpg","width":512,"height":358,"caption":"Variedad Avijor Lauranne"},{"@type":"WebPage","@id":"http:\/\/www.viveroscastromartinez.com\/index.php\/almendro-avijor-lauranne\/#webpage","url":"http:\/\/www.viveroscastromartinez.com\/index.php\/almendro-avijor-lauranne\/","name":"Almendro avijor - lauranne \u00ae - Viveros de Almendros Castro Mart\u00ednez","isPartOf":{"@id":"https:\/\/www.viveroscastromartinez.com\/#website"},"primaryImageOfPage":{"@id":"http:\/\/www.viveroscastromartinez.com\/index.php\/almendro-avijor-lauranne\/#primaryimage"},"datePublished":"2020-05-24T17:55:02+00:00","dateModified":"2020-06-07T17:24:16+00:00","description":"El almendro avijor - lauranne \u00ae es un cruce de Ferragn\u00e8s con Tuono. Es una variedad auto f\u00e9rtil y de floraci\u00f3n tard\u00eda, muy productiva y regular.","breadcrumb":{"@id":"http:\/\/www.viveroscastromartinez.com\/index.php\/almendro-avijor-lauranne\/#breadcrumb"},"inLanguage":"es","potentialAction":[{"@type":"ReadAction","target":["http:\/\/www.viveroscastromartinez.com\/index.php\/almendro-avijor-lauranne\/"]}]},{"@type":"BreadcrumbList","@id":"http:\/\/www.viveroscastromartinez.com\/index.php\/almendro-avijor-lauranne\/#breadcrumb","itemListElement":[{"@type":"ListItem","position":1,"name":"Portada","item":"https:\/\/www.viveroscastromartinez.com\/"},{"@type":"ListItem","position":2,"name":"Almendro avijor &#8211; lauranne \u00ae"}]}]}},"_links":{"self":[{"href":"http:\/\/www.viveroscastromartinez.com\/index.php\/wp-json\/wp\/v2\/pages\/1176"}],"collection":[{"href":"http:\/\/www.viveroscastromartinez.com\/index.php\/wp-json\/wp\/v2\/pages"}],"about":[{"href":"http:\/\/www.viveroscastromartinez.com\/index.php\/wp-json\/wp\/v2\/types\/page"}],"author":[{"embeddable":true,"href":"http:\/\/www.viveroscastromartinez.com\/index.php\/wp-json\/wp\/v2\/users\/1"}],"replies":[{"embeddable":true,"href":"http:\/\/www.viveroscastromartinez.com\/index.php\/wp-json\/wp\/v2\/comments?post=1176"}],"version-history":[{"count":15,"href":"http:\/\/www.viveroscastromartinez.com\/index.php\/wp-json\/wp\/v2\/pages\/1176\/revisions"}],"predecessor-version":[{"id":1321,"href":"http:\/\/www.viveroscastromartinez.com\/index.php\/wp-json\/wp\/v2\/pages\/1176\/revisions\/1321"}],"wp:attachment":[{"href":"http:\/\/www.viveroscastromartinez.com\/index.php\/wp-json\/wp\/v2\/media?parent=1176"}],"curies":[{"name":"wp","href":"https:\/\/api.w.org\/{rel}","templated":true}]}}