{"id":1182,"date":"2020-05-24T17:55:52","date_gmt":"2020-05-24T17:55:52","guid":{"rendered":"http:\/\/www.viveroscastromartinez.com\/?page_id=1182"},"modified":"2020-07-10T11:20:12","modified_gmt":"2020-07-10T11:20:12","slug":"almendro-penta","status":"publish","type":"page","link":"http:\/\/www.viveroscastromartinez.com\/index.php\/almendro-penta\/","title":{"rendered":"Almendro penta \u00ae"},"content":{"rendered":"\r\n<div class=\"wp-block-columns\">\r\n<div class=\"wp-block-column\" style=\"flex-basis: 33.33%;\">\r\n<figure class=\"wp-block-image size-large is-style-rounded\"><img class=\"wp-image-246\" src=\"http:\/\/www.viveroscastromartinez.com\/wp-content\/uploads\/2020\/04\/AT-Penta.jpg\" alt=\"Almendro variedad penta\u00ae\" \/><\/figure>\r\n<\/div>\r\n<div class=\"wp-block-column\" style=\"flex-basis: 66.66%;\">\r\n<table style=\"width: 100%; border-collapse: collapse; height: 338px;\" border=\"0\">\r\n<tbody>\r\n<tr style=\"height: 27px;\">\r\n<td style=\"width: 63.2121%; text-align: center; height: 27px;\"><strong><span style=\"text-decoration: underline;\"><span style=\"font-size: 14pt;\">CARACTER\u00cdSTICAS<\/span> <\/span>*<\/strong><\/td>\r\n<\/tr>\r\n<tr style=\"height: 23px;\">\r\n<td style=\"width: 63.2121%; height: 23px; text-align: center;\">VIGOR INTERMEDIO<\/td>\r\n<\/tr>\r\n<tr style=\"height: 24px;\">\r\n<td style=\"width: 63.2121%; text-align: center; height: 24px;\">PORTE SEMI-ABIERTO<\/td>\r\n<\/tr>\r\n<tr style=\"height: 24px;\">\r\n<td style=\"width: 63.2121%; height: 24px; text-align: center;\">FORMACI\u00d3N Y PODA<\/td>\r\n<\/tr>\r\n<tr style=\"height: 24px;\">\r\n<td style=\"width: 63.2121%; height: 24px; text-align: center;\">POLINIZACI\u00d3N AUTO-F\u00c9RTIL<\/td>\r\n<\/tr>\r\n<tr style=\"height: 24px;\">\r\n<td style=\"width: 63.2121%; height: 24px; text-align: center;\">PRODUCTIVIDAD ALTA<\/td>\r\n<\/tr>\r\n<tr style=\"height: 24px;\">\r\n<td style=\"width: 63.2121%; height: 24px; text-align: center;\">FLORACI\u00d3N <strong>EXTRA-TARD\u00cdA<\/strong><\/td>\r\n<\/tr>\r\n<tr style=\"height: 24px;\">\r\n<td style=\"width: 63.2121%; height: 24px; text-align: center;\">MADURACI\u00d3N PRIMEROS DE SEPTIEMBRE<\/td>\r\n<\/tr>\r\n<tr style=\"height: 24px;\">\r\n<td style=\"width: 63.2121%; height: 24px; text-align: center;\">FORMA FRUTO EL\u00cdPTICA AMIGDALOIDE<\/td>\r\n<\/tr>\r\n<tr style=\"height: 24px;\">\r\n<td style=\"width: 63.2121%; height: 24px; text-align: center;\">RENDIMIENTO 27%<\/td>\r\n<\/tr>\r\n<tr style=\"height: 24px;\">\r\n<td style=\"width: 63.2121%; text-align: center; height: 24px;\">C\u00c1SCARA DURA<\/td>\r\n<\/tr>\r\n<tr style=\"height: 24px;\">\r\n<td style=\"width: 63.2121%; text-align: center; height: 24px;\">SEMILLAS DOBLES 0%<\/td>\r\n<\/tr>\r\n<tr style=\"height: 24px;\">\r\n<td style=\"width: 63.2121%; text-align: center; height: 24px;\">TOLERANCIA ALTA A ENFERMEDADES<\/td>\r\n<\/tr>\r\n<\/tbody>\r\n<\/table>\r\n<\/div>\r\n<\/div>\r\n<hr \/>\r\n<h4>ORIGEN<\/h4>\r\n<p style=\"text-align: justify;\"><span style=\"font-size: 14pt;\">La variedad de almendro penta fue obtenida del cruzamiento S5133 con <a href=\"http:\/\/www.viveroscastromartinez.com\/index.php\/almendro-avijor-lauranne\/\">lauranne<\/a>\u00a0en el CEBAS-CSIC de Murcia. Es propiedad del CSIC y puede ser multiplicada exclusivamente por viveros autorizados.<\/span><\/p>\r\n<h4>CARACTER\u00cdSTICAS<\/h4>\r\n<p style=\"text-align: justify;\"><span style=\"font-size: 14pt;\">Adem\u00e1s se trata de una variedad auto-compatible, muy productiva, de floraci\u00f3n <strong>extra-tard\u00eda<\/strong> y maduraci\u00f3n temprana. Debido a ello es destinada a las \u00e1reas donde variedades de la \u00e9pica de ferragn\u00e8s, <a href=\"http:\/\/www.viveroscastromartinez.com\/index.php\/almendro-guara\/\">guara<\/a>, anto\u00f1eta o marta se hielan frecuentemente, debido a que florece entre 10 y 20 d\u00edas despu\u00e9s.<\/span><\/p>\r\n<p style=\"text-align: justify;\"><span style=\"font-size: 14pt;\">La variedad de almendro penta tiene un vigor y porte intermedio, con una ramificaci\u00f3n equilibrada.\u00a0 Adem\u00e1s presenta una elevada densidad floral y es auto-f\u00e9rtil, por lo que se puede cultivar sola. Es f\u00e1cil de recolectar y los frutos caen al suelo prematuramente. Tambi\u00e9n es bastante resistente a enfermedades producidas por hongos.<\/span><\/p>\r\n<h4>FRUTO<\/h4>\r\n<p style=\"text-align: justify;\"><span style=\"font-size: 14pt;\">Su fruto es de c\u00e1scara dura, con un rendimiento del 27% y una forma t\u00edpica de almendra el\u00edptica amigdaloido. El peso de la pepita es de 1 gramo, de color marr\u00f3n, no presentando semillas dobles<\/span>.<\/p>\r\n<hr \/>\r\n<p><a href=\"http:\/\/www.cebas.csic.es\/documentos\/Fichas%20variedades%20almendro\/Tr%C3%ADptico%20Penta.pdf\">Tr\u00edptico Penta\u00ae CEBAS-CSIC<\/a><\/p>\r\n<hr \/>\r\n<p style=\"text-align: justify;\">* <span style=\"font-size: 10pt;\">Nota: Toda la informaci\u00f3n de esta p\u00e1gina es orientativa. Las fechas de floraci\u00f3n variar\u00e1n ligeramente en funci\u00f3n de los a\u00f1os y de la zona de cultivo. Todo fruto de un \u00e1rbol depende de muchos factores, tales como son clima, suelo en el que se cultiva, tiempo de la planta, pr\u00e1cticas del agricultor.<\/span>..<\/p>\r\n","protected":false},"excerpt":{"rendered":"<p>CARACTER\u00cdSTICAS * VIGOR INTERMEDIO PORTE SEMI-ABIERTO FORMACI\u00d3N Y PODA POLINIZACI\u00d3N AUTO-F\u00c9RTIL PRODUCTIVIDAD ALTA FLORACI\u00d3N EXTRA-TARD\u00cdA MADURACI\u00d3N PRIMEROS DE SEPTIEMBRE FORMA FRUTO EL\u00cdPTICA AMIGDALOIDE RENDIMIENTO 27% C\u00c1SCARA DURA SEMILLAS DOBLES 0% TOLERANCIA ALTA A ENFERMEDADES ORIGEN La variedad de almendro penta fue obtenida del cruzamiento S5133 con lauranne\u00a0en el CEBAS-CSIC de Murcia. Es propiedad del CSIC [&hellip;]<\/p>\n","protected":false},"author":1,"featured_media":0,"parent":0,"menu_order":0,"comment_status":"closed","ping_status":"closed","template":"","meta":[],"yoast_head":"<!-- This site is optimized with the Yoast SEO plugin v17.0 - https:\/\/yoast.com\/wordpress\/plugins\/seo\/ -->\n<title>Almendro penta \u00ae - Viveros de Almendros Castro Mart\u00ednez<\/title>\n<meta name=\"description\" content=\"El almendro penta es de floraci\u00f3n extra-tard\u00eda, Goza de una r\u00e1pida entrada en producci\u00f3n siendo su productividad muy alta.\" \/>\n<meta name=\"robots\" content=\"index, follow, max-snippet:-1, max-image-preview:large, max-video-preview:-1\" \/>\n<link rel=\"canonical\" href=\"http:\/\/www.viveroscastromartinez.com\/index.php\/almendro-penta\/\" \/>\n<meta property=\"og:locale\" content=\"es_ES\" \/>\n<meta property=\"og:type\" content=\"article\" \/>\n<meta property=\"og:title\" content=\"Almendro penta \u00ae - Viveros de Almendros Castro Mart\u00ednez\" \/>\n<meta property=\"og:description\" content=\"El almendro penta es de floraci\u00f3n extra-tard\u00eda, Goza de una r\u00e1pida entrada en producci\u00f3n siendo su productividad muy alta.\" \/>\n<meta property=\"og:url\" content=\"http:\/\/www.viveroscastromartinez.com\/index.php\/almendro-penta\/\" \/>\n<meta property=\"og:site_name\" content=\"Viveros Castro Mart&iacute;nez\" \/>\n<meta property=\"article:modified_time\" content=\"2020-07-10T11:20:12+00:00\" \/>\n<meta property=\"og:image\" content=\"http:\/\/www.viveroscastromartinez.com\/wp-content\/uploads\/2020\/04\/AT-Penta.jpg\" \/>\n<meta name=\"twitter:card\" content=\"summary_large_image\" \/>\n<meta name=\"twitter:label1\" content=\"Tiempo de lectura\" \/>\n\t<meta name=\"twitter:data1\" content=\"1 minuto\" \/>\n<script type=\"application\/ld+json\" class=\"yoast-schema-graph\">{\"@context\":\"https:\/\/schema.org\",\"@graph\":[{\"@type\":\"WebSite\",\"@id\":\"http:\/\/www.viveroscastromartinez.com\/#website\",\"url\":\"http:\/\/www.viveroscastromartinez.com\/\",\"name\":\"Viveros Castro Mart&iacute;nez\",\"description\":\"Producci&oacute;n y venta de plantones de olivos y almendros\",\"potentialAction\":[{\"@type\":\"SearchAction\",\"target\":{\"@type\":\"EntryPoint\",\"urlTemplate\":\"http:\/\/www.viveroscastromartinez.com\/?s={search_term_string}\"},\"query-input\":\"required name=search_term_string\"}],\"inLanguage\":\"es\"},{\"@type\":\"ImageObject\",\"@id\":\"http:\/\/www.viveroscastromartinez.com\/index.php\/almendro-penta\/#primaryimage\",\"inLanguage\":\"es\",\"url\":\"http:\/\/www.viveroscastromartinez.com\/wp-content\/uploads\/2020\/04\/AT-Penta.jpg\",\"contentUrl\":\"http:\/\/www.viveroscastromartinez.com\/wp-content\/uploads\/2020\/04\/AT-Penta.jpg\",\"width\":512,\"height\":358,\"caption\":\"Penta\"},{\"@type\":\"WebPage\",\"@id\":\"http:\/\/www.viveroscastromartinez.com\/index.php\/almendro-penta\/#webpage\",\"url\":\"http:\/\/www.viveroscastromartinez.com\/index.php\/almendro-penta\/\",\"name\":\"Almendro penta \\u00ae - Viveros de Almendros Castro Mart\\u00ednez\",\"isPartOf\":{\"@id\":\"http:\/\/www.viveroscastromartinez.com\/#website\"},\"primaryImageOfPage\":{\"@id\":\"http:\/\/www.viveroscastromartinez.com\/index.php\/almendro-penta\/#primaryimage\"},\"datePublished\":\"2020-05-24T17:55:52+00:00\",\"dateModified\":\"2020-07-10T11:20:12+00:00\",\"description\":\"El almendro penta es de floraci\\u00f3n extra-tard\\u00eda, Goza de una r\\u00e1pida entrada en producci\\u00f3n siendo su productividad muy alta.\",\"breadcrumb\":{\"@id\":\"http:\/\/www.viveroscastromartinez.com\/index.php\/almendro-penta\/#breadcrumb\"},\"inLanguage\":\"es\",\"potentialAction\":[{\"@type\":\"ReadAction\",\"target\":[\"http:\/\/www.viveroscastromartinez.com\/index.php\/almendro-penta\/\"]}]},{\"@type\":\"BreadcrumbList\",\"@id\":\"http:\/\/www.viveroscastromartinez.com\/index.php\/almendro-penta\/#breadcrumb\",\"itemListElement\":[{\"@type\":\"ListItem\",\"position\":1,\"name\":\"Portada\",\"item\":\"http:\/\/www.viveroscastromartinez.com\/\"},{\"@type\":\"ListItem\",\"position\":2,\"name\":\"Almendro penta \\u00ae\"}]}]}<\/script>\n<!-- \/ Yoast SEO plugin. -->","yoast_head_json":{"title":"Almendro penta \u00ae - Viveros de Almendros Castro Mart\u00ednez","description":"El almendro penta es de floraci\u00f3n extra-tard\u00eda, Goza de una r\u00e1pida entrada en producci\u00f3n siendo su productividad muy alta.","robots":{"index":"index","follow":"follow","max-snippet":"max-snippet:-1","max-image-preview":"max-image-preview:large","max-video-preview":"max-video-preview:-1"},"canonical":"http:\/\/www.viveroscastromartinez.com\/index.php\/almendro-penta\/","og_locale":"es_ES","og_type":"article","og_title":"Almendro penta \u00ae - Viveros de Almendros Castro Mart\u00ednez","og_description":"El almendro penta es de floraci\u00f3n extra-tard\u00eda, Goza de una r\u00e1pida entrada en producci\u00f3n siendo su productividad muy alta.","og_url":"http:\/\/www.viveroscastromartinez.com\/index.php\/almendro-penta\/","og_site_name":"Viveros Castro Mart&iacute;nez","article_modified_time":"2020-07-10T11:20:12+00:00","og_image":[{"url":"http:\/\/www.viveroscastromartinez.com\/wp-content\/uploads\/2020\/04\/AT-Penta.jpg"}],"twitter_card":"summary_large_image","twitter_misc":{"Tiempo de lectura":"1 minuto"},"schema":{"@context":"https:\/\/schema.org","@graph":[{"@type":"WebSite","@id":"http:\/\/www.viveroscastromartinez.com\/#website","url":"http:\/\/www.viveroscastromartinez.com\/","name":"Viveros Castro Mart&iacute;nez","description":"Producci&oacute;n y venta de plantones de olivos y almendros","potentialAction":[{"@type":"SearchAction","target":{"@type":"EntryPoint","urlTemplate":"http:\/\/www.viveroscastromartinez.com\/?s={search_term_string}"},"query-input":"required name=search_term_string"}],"inLanguage":"es"},{"@type":"ImageObject","@id":"http:\/\/www.viveroscastromartinez.com\/index.php\/almendro-penta\/#primaryimage","inLanguage":"es","url":"http:\/\/www.viveroscastromartinez.com\/wp-content\/uploads\/2020\/04\/AT-Penta.jpg","contentUrl":"http:\/\/www.viveroscastromartinez.com\/wp-content\/uploads\/2020\/04\/AT-Penta.jpg","width":512,"height":358,"caption":"Penta"},{"@type":"WebPage","@id":"http:\/\/www.viveroscastromartinez.com\/index.php\/almendro-penta\/#webpage","url":"http:\/\/www.viveroscastromartinez.com\/index.php\/almendro-penta\/","name":"Almendro penta \u00ae - Viveros de Almendros Castro Mart\u00ednez","isPartOf":{"@id":"http:\/\/www.viveroscastromartinez.com\/#website"},"primaryImageOfPage":{"@id":"http:\/\/www.viveroscastromartinez.com\/index.php\/almendro-penta\/#primaryimage"},"datePublished":"2020-05-24T17:55:52+00:00","dateModified":"2020-07-10T11:20:12+00:00","description":"El almendro penta es de floraci\u00f3n extra-tard\u00eda, Goza de una r\u00e1pida entrada en producci\u00f3n siendo su productividad muy alta.","breadcrumb":{"@id":"http:\/\/www.viveroscastromartinez.com\/index.php\/almendro-penta\/#breadcrumb"},"inLanguage":"es","potentialAction":[{"@type":"ReadAction","target":["http:\/\/www.viveroscastromartinez.com\/index.php\/almendro-penta\/"]}]},{"@type":"BreadcrumbList","@id":"http:\/\/www.viveroscastromartinez.com\/index.php\/almendro-penta\/#breadcrumb","itemListElement":[{"@type":"ListItem","position":1,"name":"Portada","item":"http:\/\/www.viveroscastromartinez.com\/"},{"@type":"ListItem","position":2,"name":"Almendro penta \u00ae"}]}]}},"_links":{"self":[{"href":"http:\/\/www.viveroscastromartinez.com\/index.php\/wp-json\/wp\/v2\/pages\/1182"}],"collection":[{"href":"http:\/\/www.viveroscastromartinez.com\/index.php\/wp-json\/wp\/v2\/pages"}],"about":[{"href":"http:\/\/www.viveroscastromartinez.com\/index.php\/wp-json\/wp\/v2\/types\/page"}],"author":[{"embeddable":true,"href":"http:\/\/www.viveroscastromartinez.com\/index.php\/wp-json\/wp\/v2\/users\/1"}],"replies":[{"embeddable":true,"href":"http:\/\/www.viveroscastromartinez.com\/index.php\/wp-json\/wp\/v2\/comments?post=1182"}],"version-history":[{"count":10,"href":"http:\/\/www.viveroscastromartinez.com\/index.php\/wp-json\/wp\/v2\/pages\/1182\/revisions"}],"predecessor-version":[{"id":1357,"href":"http:\/\/www.viveroscastromartinez.com\/index.php\/wp-json\/wp\/v2\/pages\/1182\/revisions\/1357"}],"wp:attachment":[{"href":"http:\/\/www.viveroscastromartinez.com\/index.php\/wp-json\/wp\/v2\/media?parent=1182"}],"curies":[{"name":"wp","href":"https:\/\/api.w.org\/{rel}","templated":true}]}}