{"id":143,"date":"2020-03-31T18:25:17","date_gmt":"2020-03-31T18:25:17","guid":{"rendered":"http:\/\/www.viveroscastromartinez.com\/?page_id=143"},"modified":"2020-07-10T11:25:22","modified_gmt":"2020-07-10T11:25:22","slug":"protectores-para-plantas","status":"publish","type":"page","link":"http:\/\/www.viveroscastromartinez.com\/index.php\/protectores-para-plantas\/","title":{"rendered":"Protectores para plantas"},"content":{"rendered":"\r\n<div class=\"wp-block-columns\">\r\n<div class=\"wp-block-column\" style=\"flex-basis: 66.66%;\">\r\n<figure class=\"wp-block-image size-large\"><img loading=\"lazy\" width=\"1024\" height=\"465\" class=\"wp-image-392\" src=\"http:\/\/www.viveroscastromartinez.com\/wp-content\/uploads\/2020\/04\/Protector-principal-1024x465.jpg\" alt=\"Protectores para plantas\" srcset=\"http:\/\/www.viveroscastromartinez.com\/wp-content\/uploads\/2020\/04\/Protector-principal-1024x465.jpg 1024w, http:\/\/www.viveroscastromartinez.com\/wp-content\/uploads\/2020\/04\/Protector-principal-300x136.jpg 300w, http:\/\/www.viveroscastromartinez.com\/wp-content\/uploads\/2020\/04\/Protector-principal-768x349.jpg 768w, http:\/\/www.viveroscastromartinez.com\/wp-content\/uploads\/2020\/04\/Protector-principal.jpg 1081w\" sizes=\"(max-width: 1024px) 100vw, 1024px\" \/><\/figure>\r\n\r\n\r\n\r\n<p><span style=\"font-size: 14pt;\">Solicite informaci\u00f3n sobre protectores para plantas pinchando <a href=\"http:\/\/www.viveroscastromartinez.com\/index.php\/contacto\/\">aqu\u00ed<\/a> o en el tel\u00e9fono <a href=\"tel:+34684315172\">684315172<\/a>.<\/span><\/p>\r\n<\/div>\r\n\r\n\r\n\r\n<div class=\"wp-block-column\" style=\"flex-basis: 33.33%;\">\r\n<p style=\"text-align: justify;\"><span style=\"font-size: 14pt;\">Protectores para plantas, fabricados de pl\u00e1stico robusto. Muy aconsejable para proteger el plant\u00f3n tanto del viento as\u00ed como de animales tales como roedores o conejos entre otros, sobre todo en sus primeros a\u00f1os. <\/span><br \/><span style=\"font-size: 14pt;\">Nuestros protectores para plantas son anti-t\u00e9rmicos por ello garantiza su durabilidad, galvanizado de color blanco. Igualmente disponemos de diferentes medidas.<\/span><\/p>\r\n<\/div>\r\n<\/div>\r\n\r\n\r\n\r\n<div class=\"wp-block-buttons aligncenter\">\r\n<div class=\"wp-block-button\"><a class=\"wp-block-button__link\" href=\"http:\/\/www.viveroscastromartinez.com\/index.php\/tutores-para-plantas\/\">TUTORES<\/a><\/div>\r\n\r\n\r\n\r\n<div class=\"wp-block-button\"><a class=\"wp-block-button__link\" href=\"http:\/\/www.viveroscastromartinez.com\/?page_id=312\">PRESUPUESTO<\/a><\/div>\r\n<\/div>\r\n","protected":false},"excerpt":{"rendered":"<p>Solicite informaci\u00f3n sobre protectores para plantas pinchando aqu\u00ed o en el tel\u00e9fono 684315172. Protectores para plantas, fabricados de pl\u00e1stico robusto. Muy aconsejable para proteger el plant\u00f3n tanto del viento as\u00ed como de animales tales como roedores o conejos entre otros, sobre todo en sus primeros a\u00f1os. Nuestros protectores para plantas son anti-t\u00e9rmicos por ello garantiza [&hellip;]<\/p>\n","protected":false},"author":1,"featured_media":0,"parent":0,"menu_order":0,"comment_status":"closed","ping_status":"closed","template":"","meta":[],"yoast_head":"<!-- This site is optimized with the Yoast SEO plugin v17.0 - https:\/\/yoast.com\/wordpress\/plugins\/seo\/ -->\n<title>Viveros Castro Mart&iacute;nez Protectores para plantas -<\/title>\n<meta name=\"description\" content=\"Protectores para plantas, fabricados de pl\u00e1stico robusto, anti-t\u00e9rmicos, con gran durablidad. Proteja sus plantas en la primera fase de desarrollo\" \/>\n<meta name=\"robots\" content=\"index, follow, max-snippet:-1, max-image-preview:large, max-video-preview:-1\" \/>\n<link rel=\"canonical\" href=\"http:\/\/www.viveroscastromartinez.com\/index.php\/protectores-para-plantas\/\" \/>\n<meta property=\"og:locale\" content=\"es_ES\" \/>\n<meta property=\"og:type\" content=\"article\" \/>\n<meta property=\"og:title\" content=\"Viveros Castro Mart&iacute;nez Protectores para plantas -\" \/>\n<meta property=\"og:description\" content=\"Protectores para plantas, fabricados de pl\u00e1stico robusto, anti-t\u00e9rmicos, con gran durablidad. Proteja sus plantas en la primera fase de desarrollo\" \/>\n<meta property=\"og:url\" content=\"http:\/\/www.viveroscastromartinez.com\/index.php\/protectores-para-plantas\/\" \/>\n<meta property=\"og:site_name\" content=\"Viveros Castro Mart&iacute;nez\" \/>\n<meta property=\"article:modified_time\" content=\"2020-07-10T11:25:22+00:00\" \/>\n<meta property=\"og:image\" content=\"http:\/\/www.viveroscastromartinez.com\/wp-content\/uploads\/2020\/04\/Protector-principal-1024x465.jpg\" \/>\n<meta name=\"twitter:card\" content=\"summary_large_image\" \/>\n<script type=\"application\/ld+json\" class=\"yoast-schema-graph\">{\"@context\":\"https:\/\/schema.org\",\"@graph\":[{\"@type\":\"WebSite\",\"@id\":\"https:\/\/www.viveroscastromartinez.com\/#website\",\"url\":\"https:\/\/www.viveroscastromartinez.com\/\",\"name\":\"Viveros Castro Mart&iacute;nez\",\"description\":\"Producci&oacute;n y venta de plantones de olivos y almendros\",\"potentialAction\":[{\"@type\":\"SearchAction\",\"target\":{\"@type\":\"EntryPoint\",\"urlTemplate\":\"https:\/\/www.viveroscastromartinez.com\/?s={search_term_string}\"},\"query-input\":\"required name=search_term_string\"}],\"inLanguage\":\"es\"},{\"@type\":\"ImageObject\",\"@id\":\"http:\/\/www.viveroscastromartinez.com\/index.php\/protectores-para-plantas\/#primaryimage\",\"inLanguage\":\"es\",\"url\":\"http:\/\/www.viveroscastromartinez.com\/wp-content\/uploads\/2020\/04\/Protector-principal.jpg\",\"contentUrl\":\"http:\/\/www.viveroscastromartinez.com\/wp-content\/uploads\/2020\/04\/Protector-principal.jpg\",\"width\":1081,\"height\":491,\"caption\":\"Protectores con muestra\"},{\"@type\":\"WebPage\",\"@id\":\"http:\/\/www.viveroscastromartinez.com\/index.php\/protectores-para-plantas\/#webpage\",\"url\":\"http:\/\/www.viveroscastromartinez.com\/index.php\/protectores-para-plantas\/\",\"name\":\"Viveros Castro Mart&iacute;nez Protectores para plantas -\",\"isPartOf\":{\"@id\":\"https:\/\/www.viveroscastromartinez.com\/#website\"},\"primaryImageOfPage\":{\"@id\":\"http:\/\/www.viveroscastromartinez.com\/index.php\/protectores-para-plantas\/#primaryimage\"},\"datePublished\":\"2020-03-31T18:25:17+00:00\",\"dateModified\":\"2020-07-10T11:25:22+00:00\",\"description\":\"Protectores para plantas, fabricados de pl\\u00e1stico robusto, anti-t\\u00e9rmicos, con gran durablidad. Proteja sus plantas en la primera fase de desarrollo\",\"breadcrumb\":{\"@id\":\"http:\/\/www.viveroscastromartinez.com\/index.php\/protectores-para-plantas\/#breadcrumb\"},\"inLanguage\":\"es\",\"potentialAction\":[{\"@type\":\"ReadAction\",\"target\":[\"http:\/\/www.viveroscastromartinez.com\/index.php\/protectores-para-plantas\/\"]}]},{\"@type\":\"BreadcrumbList\",\"@id\":\"http:\/\/www.viveroscastromartinez.com\/index.php\/protectores-para-plantas\/#breadcrumb\",\"itemListElement\":[{\"@type\":\"ListItem\",\"position\":1,\"name\":\"Portada\",\"item\":\"https:\/\/www.viveroscastromartinez.com\/\"},{\"@type\":\"ListItem\",\"position\":2,\"name\":\"Protectores para plantas\"}]}]}<\/script>\n<!-- \/ Yoast SEO plugin. -->","yoast_head_json":{"title":"Viveros Castro Mart&iacute;nez Protectores para plantas -","description":"Protectores para plantas, fabricados de pl\u00e1stico robusto, anti-t\u00e9rmicos, con gran durablidad. Proteja sus plantas en la primera fase de desarrollo","robots":{"index":"index","follow":"follow","max-snippet":"max-snippet:-1","max-image-preview":"max-image-preview:large","max-video-preview":"max-video-preview:-1"},"canonical":"http:\/\/www.viveroscastromartinez.com\/index.php\/protectores-para-plantas\/","og_locale":"es_ES","og_type":"article","og_title":"Viveros Castro Mart&iacute;nez Protectores para plantas -","og_description":"Protectores para plantas, fabricados de pl\u00e1stico robusto, anti-t\u00e9rmicos, con gran durablidad. Proteja sus plantas en la primera fase de desarrollo","og_url":"http:\/\/www.viveroscastromartinez.com\/index.php\/protectores-para-plantas\/","og_site_name":"Viveros Castro Mart&iacute;nez","article_modified_time":"2020-07-10T11:25:22+00:00","og_image":[{"url":"http:\/\/www.viveroscastromartinez.com\/wp-content\/uploads\/2020\/04\/Protector-principal-1024x465.jpg"}],"twitter_card":"summary_large_image","schema":{"@context":"https:\/\/schema.org","@graph":[{"@type":"WebSite","@id":"https:\/\/www.viveroscastromartinez.com\/#website","url":"https:\/\/www.viveroscastromartinez.com\/","name":"Viveros Castro Mart&iacute;nez","description":"Producci&oacute;n y venta de plantones de olivos y almendros","potentialAction":[{"@type":"SearchAction","target":{"@type":"EntryPoint","urlTemplate":"https:\/\/www.viveroscastromartinez.com\/?s={search_term_string}"},"query-input":"required name=search_term_string"}],"inLanguage":"es"},{"@type":"ImageObject","@id":"http:\/\/www.viveroscastromartinez.com\/index.php\/protectores-para-plantas\/#primaryimage","inLanguage":"es","url":"http:\/\/www.viveroscastromartinez.com\/wp-content\/uploads\/2020\/04\/Protector-principal.jpg","contentUrl":"http:\/\/www.viveroscastromartinez.com\/wp-content\/uploads\/2020\/04\/Protector-principal.jpg","width":1081,"height":491,"caption":"Protectores con muestra"},{"@type":"WebPage","@id":"http:\/\/www.viveroscastromartinez.com\/index.php\/protectores-para-plantas\/#webpage","url":"http:\/\/www.viveroscastromartinez.com\/index.php\/protectores-para-plantas\/","name":"Viveros Castro Mart&iacute;nez Protectores para plantas -","isPartOf":{"@id":"https:\/\/www.viveroscastromartinez.com\/#website"},"primaryImageOfPage":{"@id":"http:\/\/www.viveroscastromartinez.com\/index.php\/protectores-para-plantas\/#primaryimage"},"datePublished":"2020-03-31T18:25:17+00:00","dateModified":"2020-07-10T11:25:22+00:00","description":"Protectores para plantas, fabricados de pl\u00e1stico robusto, anti-t\u00e9rmicos, con gran durablidad. Proteja sus plantas en la primera fase de desarrollo","breadcrumb":{"@id":"http:\/\/www.viveroscastromartinez.com\/index.php\/protectores-para-plantas\/#breadcrumb"},"inLanguage":"es","potentialAction":[{"@type":"ReadAction","target":["http:\/\/www.viveroscastromartinez.com\/index.php\/protectores-para-plantas\/"]}]},{"@type":"BreadcrumbList","@id":"http:\/\/www.viveroscastromartinez.com\/index.php\/protectores-para-plantas\/#breadcrumb","itemListElement":[{"@type":"ListItem","position":1,"name":"Portada","item":"https:\/\/www.viveroscastromartinez.com\/"},{"@type":"ListItem","position":2,"name":"Protectores para plantas"}]}]}},"_links":{"self":[{"href":"http:\/\/www.viveroscastromartinez.com\/index.php\/wp-json\/wp\/v2\/pages\/143"}],"collection":[{"href":"http:\/\/www.viveroscastromartinez.com\/index.php\/wp-json\/wp\/v2\/pages"}],"about":[{"href":"http:\/\/www.viveroscastromartinez.com\/index.php\/wp-json\/wp\/v2\/types\/page"}],"author":[{"embeddable":true,"href":"http:\/\/www.viveroscastromartinez.com\/index.php\/wp-json\/wp\/v2\/users\/1"}],"replies":[{"embeddable":true,"href":"http:\/\/www.viveroscastromartinez.com\/index.php\/wp-json\/wp\/v2\/comments?post=143"}],"version-history":[{"count":54,"href":"http:\/\/www.viveroscastromartinez.com\/index.php\/wp-json\/wp\/v2\/pages\/143\/revisions"}],"predecessor-version":[{"id":1360,"href":"http:\/\/www.viveroscastromartinez.com\/index.php\/wp-json\/wp\/v2\/pages\/143\/revisions\/1360"}],"wp:attachment":[{"href":"http:\/\/www.viveroscastromartinez.com\/index.php\/wp-json\/wp\/v2\/media?parent=143"}],"curies":[{"name":"wp","href":"https:\/\/api.w.org\/{rel}","templated":true}]}}