{"id":88,"date":"2020-03-30T18:59:07","date_gmt":"2020-03-30T18:59:07","guid":{"rendered":"http:\/\/www.viveroscastromartinez.com\/?page_id=88"},"modified":"2020-07-10T11:21:49","modified_gmt":"2020-07-10T11:21:49","slug":"tutores-y-protectores","status":"publish","type":"page","link":"http:\/\/www.viveroscastromartinez.com\/index.php\/tutores-y-protectores\/","title":{"rendered":"Accesorios"},"content":{"rendered":"\r\n<p style=\"text-align: justify;\"><span style=\"font-size: 14pt;\">Viveros Castro Mart\u00ednez ofrece una amplia gama de tutores y protectores para proteger y guiar a las plantas sobre todo en los primeros a\u00f1os de desarrollo.<\/span><\/p>\r\n\r\n\r\n\r\n<div class=\"wp-block-columns\">\r\n<div class=\"wp-block-column\" style=\"flex-basis: 66.66%;\">\r\n<figure class=\"wp-block-image size-large\"><img loading=\"lazy\" width=\"813\" height=\"652\" class=\"wp-image-336\" src=\"http:\/\/www.viveroscastromartinez.com\/wp-content\/uploads\/2020\/04\/Accesorios-principal-H-.png\" alt=\"Tutores y protectores\" srcset=\"http:\/\/www.viveroscastromartinez.com\/wp-content\/uploads\/2020\/04\/Accesorios-principal-H-.png 813w, http:\/\/www.viveroscastromartinez.com\/wp-content\/uploads\/2020\/04\/Accesorios-principal-H--300x241.png 300w, http:\/\/www.viveroscastromartinez.com\/wp-content\/uploads\/2020\/04\/Accesorios-principal-H--768x616.png 768w\" sizes=\"(max-width: 813px) 100vw, 813px\" \/><\/figure>\r\n<\/div>\r\n\r\n\r\n\r\n<div class=\"wp-block-column\" style=\"flex-basis: 33.33%;\">\r\n<p style=\"text-align: justify;\"><span style=\"font-size: 14pt;\">Contamos con tutores de diferentes tipos:<\/span><\/p>\r\n<p style=\"text-align: justify;\"><span style=\"font-size: 14pt;\">Los de ca\u00f1a de bamb\u00fa, m\u00e1s econ\u00f3micos, y los de fibra de vidrio o sint\u00e9ticos, los cuales podemos observar en la imagen. <\/span><\/p>\r\n<p style=\"text-align: justify;\"><span style=\"font-size: 14pt;\">Tambi\u00e9n disponemos de diferentes di\u00e1metros y alturas. Los protectores fabricados con l\u00e1mina de un pl\u00e1stico robusto blanca, pudiendo observarlos en la imagen. <\/span><\/p>\r\n<p style=\"text-align: justify;\"><span style=\"font-size: 14pt;\">Para m\u00e1s informaci\u00f3n pinche <a href=\"http:\/\/www.viveroscastromartinez.com\/index.php\/protectores\/\">aqu\u00ed<\/a>.<\/span><\/p>\r\n<span style=\"font-size: 14pt;\">\r\n\r\n<\/span><\/div>\r\n<\/div>\r\n\r\n\r\n\r\n<div class=\"wp-block-buttons aligncenter\">\r\n<div class=\"wp-block-button\"><a class=\"wp-block-button__link\" href=\"http:\/\/www.viveroscastromartinez.com\/index.php\/tutores-para-plantas\/\">TUTORES<\/a><\/div>\r\n\r\n\r\n\r\n<div class=\"wp-block-button\"><a class=\"wp-block-button__link\" href=\"http:\/\/www.viveroscastromartinez.com\/?page_id=143\">PROTECTORES<\/a><\/div>\r\n\r\n\r\n\r\n<div class=\"wp-block-button\"><a class=\"wp-block-button__link\" href=\"http:\/\/www.viveroscastromartinez.com\/?page_id=312\">PRESUPUESTO<\/a><\/div>\r\n<\/div>\r\n\r\n\r\n\r\n<h4><br \/>IMPORTANCIA DE LOS TUTORES Y PROTECTORES<\/h4>\r\n\r\n\r\n\r\n<p style=\"text-align: justify;\"><span style=\"font-size: 14pt;\">B\u00e1sicamente permiten que las plantas, flores o incluso \u00e1rboles puedan crecer con m\u00e1s firmeza y puedan permanecer estables aunque las condiciones ambientales sean adversas (lluvia, viento, etc). <\/span><\/p>\r\n<p style=\"text-align: justify;\"><span style=\"font-size: 14pt;\">Los tutores se pueden usar en plantas de interior, en el jard\u00edn o en la huerta. De esta manera estaremos ayudando al crecimiento de cada ejemplar y evitaremos que se quiebren o no puedan seguir desarroll\u00e1ndose, por lo tanto<\/span><span style=\"font-size: 14pt;\">\u00a0deben ayudar a las plantas y \u00e1rboles en su desarrollo. Debido a ello, en muchos casos es vital para que puedan crecer derechos o bien que el peso de los frutos o flores no sea contraproducente. <\/span><\/p>\r\n<p style=\"text-align: justify;\"><span style=\"font-size: 14pt;\">Durante los primeros a\u00f1os de un \u00e1rbol o meses de una planta en el campo, es imprescindible que tengan un tutor. Ese sustento inicial debe ser de un material resistente para que pueda lograr el objetivo. <\/span><\/p>\r\n<p style=\"text-align: justify;\"><span style=\"font-size: 14pt;\">No hay que olvidar que si la planta se mueve por acci\u00f3n del viento por ejemplo las ra\u00edces tambi\u00e9n cambiar\u00e1n su posici\u00f3n y eso puede ser perjudicial ya que es probable que se aflojen de a poco y dejen de estar tan arraigadas en la tierra. <\/span><\/p>\r\n<p style=\"text-align: justify;\"><span style=\"font-size: 14pt;\">Pero tampoco es cuesti\u00f3n de andar poniendo tutores a todas las\u00a0plantas\u00a0que tenemos. Es preciso estar bien seguros de que lo necesitan. A veces por querer ayudar al \u00e1rbol en realidad lo estamos perjudicando y lastimando.<\/span><\/p>\r\n<p><span style=\"font-size: 14pt;\">\r\n\r\n<\/span><\/p>\r\n<p><span style=\"font-size: 14pt;\">\r\n\r\n<\/span><\/p>\r\n<p><span style=\"font-size: 14pt;\">\r\n\r\n<\/span><\/p>\r\n<p><span style=\"font-size: 14pt;\">\r\n\r\n<\/span><\/p>\r\n<p><span style=\"font-size: 14pt;\">\r\n\r\n<\/span><\/p>\r\n<p><span style=\"font-size: 14pt;\">\r\n\r\n<\/span><\/p>\r\n\r\n\r\n","protected":false},"excerpt":{"rendered":"<p>Viveros Castro Mart\u00ednez ofrece una amplia gama de tutores y protectores para proteger y guiar a las plantas sobre todo en los primeros a\u00f1os de desarrollo. Contamos con tutores de diferentes tipos: Los de ca\u00f1a de bamb\u00fa, m\u00e1s econ\u00f3micos, y los de fibra de vidrio o sint\u00e9ticos, los cuales podemos observar en la imagen. Tambi\u00e9n [&hellip;]<\/p>\n","protected":false},"author":1,"featured_media":0,"parent":0,"menu_order":0,"comment_status":"closed","ping_status":"closed","template":"","meta":[],"yoast_head":"<!-- This site is optimized with the Yoast SEO plugin v17.0 - https:\/\/yoast.com\/wordpress\/plugins\/seo\/ -->\n<title>Accesorios para plantaciones - Tutores y protectores<\/title>\n<meta name=\"description\" content=\"Viveros Castro Mart\u00ednez ofrece una amplia gama de tutores y protectores para proteger y guiar a las plantas sobre todo en los primeros a\u00f1os de desarrollo\" \/>\n<meta name=\"robots\" content=\"index, follow, max-snippet:-1, max-image-preview:large, max-video-preview:-1\" \/>\n<link rel=\"canonical\" href=\"http:\/\/www.viveroscastromartinez.com\/index.php\/tutores-y-protectores\/\" \/>\n<meta property=\"og:locale\" content=\"es_ES\" \/>\n<meta property=\"og:type\" content=\"article\" \/>\n<meta property=\"og:title\" content=\"Accesorios para plantaciones - Tutores y protectores\" \/>\n<meta property=\"og:description\" content=\"Viveros Castro Mart\u00ednez ofrece una amplia gama de tutores y protectores para proteger y guiar a las plantas sobre todo en los primeros a\u00f1os de desarrollo\" \/>\n<meta property=\"og:url\" content=\"http:\/\/www.viveroscastromartinez.com\/index.php\/tutores-y-protectores\/\" \/>\n<meta property=\"og:site_name\" content=\"Viveros Castro Mart&iacute;nez\" \/>\n<meta property=\"article:modified_time\" content=\"2020-07-10T11:21:49+00:00\" \/>\n<meta property=\"og:image\" content=\"http:\/\/www.viveroscastromartinez.com\/wp-content\/uploads\/2020\/04\/Accesorios-principal-H-.png\" \/>\n<meta name=\"twitter:card\" content=\"summary_large_image\" \/>\n<meta name=\"twitter:label1\" content=\"Tiempo de lectura\" \/>\n\t<meta name=\"twitter:data1\" content=\"2 minutos\" \/>\n<script type=\"application\/ld+json\" class=\"yoast-schema-graph\">{\"@context\":\"https:\/\/schema.org\",\"@graph\":[{\"@type\":\"WebSite\",\"@id\":\"https:\/\/www.viveroscastromartinez.com\/#website\",\"url\":\"https:\/\/www.viveroscastromartinez.com\/\",\"name\":\"Viveros Castro Mart&iacute;nez\",\"description\":\"Producci&oacute;n y venta de plantones de olivos y almendros\",\"potentialAction\":[{\"@type\":\"SearchAction\",\"target\":{\"@type\":\"EntryPoint\",\"urlTemplate\":\"https:\/\/www.viveroscastromartinez.com\/?s={search_term_string}\"},\"query-input\":\"required name=search_term_string\"}],\"inLanguage\":\"es\"},{\"@type\":\"ImageObject\",\"@id\":\"http:\/\/www.viveroscastromartinez.com\/index.php\/tutores-y-protectores\/#primaryimage\",\"inLanguage\":\"es\",\"url\":\"http:\/\/www.viveroscastromartinez.com\/wp-content\/uploads\/2020\/04\/Accesorios-principal-H-.png\",\"contentUrl\":\"http:\/\/www.viveroscastromartinez.com\/wp-content\/uploads\/2020\/04\/Accesorios-principal-H-.png\",\"width\":813,\"height\":652,\"caption\":\"Olivo con tutor y protector\"},{\"@type\":\"WebPage\",\"@id\":\"http:\/\/www.viveroscastromartinez.com\/index.php\/tutores-y-protectores\/#webpage\",\"url\":\"http:\/\/www.viveroscastromartinez.com\/index.php\/tutores-y-protectores\/\",\"name\":\"Accesorios para plantaciones - Tutores y protectores\",\"isPartOf\":{\"@id\":\"https:\/\/www.viveroscastromartinez.com\/#website\"},\"primaryImageOfPage\":{\"@id\":\"http:\/\/www.viveroscastromartinez.com\/index.php\/tutores-y-protectores\/#primaryimage\"},\"datePublished\":\"2020-03-30T18:59:07+00:00\",\"dateModified\":\"2020-07-10T11:21:49+00:00\",\"description\":\"Viveros Castro Mart\\u00ednez ofrece una amplia gama de tutores y protectores para proteger y guiar a las plantas sobre todo en los primeros a\\u00f1os de desarrollo\",\"breadcrumb\":{\"@id\":\"http:\/\/www.viveroscastromartinez.com\/index.php\/tutores-y-protectores\/#breadcrumb\"},\"inLanguage\":\"es\",\"potentialAction\":[{\"@type\":\"ReadAction\",\"target\":[\"http:\/\/www.viveroscastromartinez.com\/index.php\/tutores-y-protectores\/\"]}]},{\"@type\":\"BreadcrumbList\",\"@id\":\"http:\/\/www.viveroscastromartinez.com\/index.php\/tutores-y-protectores\/#breadcrumb\",\"itemListElement\":[{\"@type\":\"ListItem\",\"position\":1,\"name\":\"Portada\",\"item\":\"https:\/\/www.viveroscastromartinez.com\/\"},{\"@type\":\"ListItem\",\"position\":2,\"name\":\"Accesorios\"}]}]}<\/script>\n<!-- \/ Yoast SEO plugin. -->","yoast_head_json":{"title":"Accesorios para plantaciones - Tutores y protectores","description":"Viveros Castro Mart\u00ednez ofrece una amplia gama de tutores y protectores para proteger y guiar a las plantas sobre todo en los primeros a\u00f1os de desarrollo","robots":{"index":"index","follow":"follow","max-snippet":"max-snippet:-1","max-image-preview":"max-image-preview:large","max-video-preview":"max-video-preview:-1"},"canonical":"http:\/\/www.viveroscastromartinez.com\/index.php\/tutores-y-protectores\/","og_locale":"es_ES","og_type":"article","og_title":"Accesorios para plantaciones - Tutores y protectores","og_description":"Viveros Castro Mart\u00ednez ofrece una amplia gama de tutores y protectores para proteger y guiar a las plantas sobre todo en los primeros a\u00f1os de desarrollo","og_url":"http:\/\/www.viveroscastromartinez.com\/index.php\/tutores-y-protectores\/","og_site_name":"Viveros Castro Mart&iacute;nez","article_modified_time":"2020-07-10T11:21:49+00:00","og_image":[{"url":"http:\/\/www.viveroscastromartinez.com\/wp-content\/uploads\/2020\/04\/Accesorios-principal-H-.png"}],"twitter_card":"summary_large_image","twitter_misc":{"Tiempo de lectura":"2 minutos"},"schema":{"@context":"https:\/\/schema.org","@graph":[{"@type":"WebSite","@id":"https:\/\/www.viveroscastromartinez.com\/#website","url":"https:\/\/www.viveroscastromartinez.com\/","name":"Viveros Castro Mart&iacute;nez","description":"Producci&oacute;n y venta de plantones de olivos y almendros","potentialAction":[{"@type":"SearchAction","target":{"@type":"EntryPoint","urlTemplate":"https:\/\/www.viveroscastromartinez.com\/?s={search_term_string}"},"query-input":"required name=search_term_string"}],"inLanguage":"es"},{"@type":"ImageObject","@id":"http:\/\/www.viveroscastromartinez.com\/index.php\/tutores-y-protectores\/#primaryimage","inLanguage":"es","url":"http:\/\/www.viveroscastromartinez.com\/wp-content\/uploads\/2020\/04\/Accesorios-principal-H-.png","contentUrl":"http:\/\/www.viveroscastromartinez.com\/wp-content\/uploads\/2020\/04\/Accesorios-principal-H-.png","width":813,"height":652,"caption":"Olivo con tutor y protector"},{"@type":"WebPage","@id":"http:\/\/www.viveroscastromartinez.com\/index.php\/tutores-y-protectores\/#webpage","url":"http:\/\/www.viveroscastromartinez.com\/index.php\/tutores-y-protectores\/","name":"Accesorios para plantaciones - Tutores y protectores","isPartOf":{"@id":"https:\/\/www.viveroscastromartinez.com\/#website"},"primaryImageOfPage":{"@id":"http:\/\/www.viveroscastromartinez.com\/index.php\/tutores-y-protectores\/#primaryimage"},"datePublished":"2020-03-30T18:59:07+00:00","dateModified":"2020-07-10T11:21:49+00:00","description":"Viveros Castro Mart\u00ednez ofrece una amplia gama de tutores y protectores para proteger y guiar a las plantas sobre todo en los primeros a\u00f1os de desarrollo","breadcrumb":{"@id":"http:\/\/www.viveroscastromartinez.com\/index.php\/tutores-y-protectores\/#breadcrumb"},"inLanguage":"es","potentialAction":[{"@type":"ReadAction","target":["http:\/\/www.viveroscastromartinez.com\/index.php\/tutores-y-protectores\/"]}]},{"@type":"BreadcrumbList","@id":"http:\/\/www.viveroscastromartinez.com\/index.php\/tutores-y-protectores\/#breadcrumb","itemListElement":[{"@type":"ListItem","position":1,"name":"Portada","item":"https:\/\/www.viveroscastromartinez.com\/"},{"@type":"ListItem","position":2,"name":"Accesorios"}]}]}},"_links":{"self":[{"href":"http:\/\/www.viveroscastromartinez.com\/index.php\/wp-json\/wp\/v2\/pages\/88"}],"collection":[{"href":"http:\/\/www.viveroscastromartinez.com\/index.php\/wp-json\/wp\/v2\/pages"}],"about":[{"href":"http:\/\/www.viveroscastromartinez.com\/index.php\/wp-json\/wp\/v2\/types\/page"}],"author":[{"embeddable":true,"href":"http:\/\/www.viveroscastromartinez.com\/index.php\/wp-json\/wp\/v2\/users\/1"}],"replies":[{"embeddable":true,"href":"http:\/\/www.viveroscastromartinez.com\/index.php\/wp-json\/wp\/v2\/comments?post=88"}],"version-history":[{"count":38,"href":"http:\/\/www.viveroscastromartinez.com\/index.php\/wp-json\/wp\/v2\/pages\/88\/revisions"}],"predecessor-version":[{"id":1358,"href":"http:\/\/www.viveroscastromartinez.com\/index.php\/wp-json\/wp\/v2\/pages\/88\/revisions\/1358"}],"wp:attachment":[{"href":"http:\/\/www.viveroscastromartinez.com\/index.php\/wp-json\/wp\/v2\/media?parent=88"}],"curies":[{"name":"wp","href":"https:\/\/api.w.org\/{rel}","templated":true}]}}