{"id":97,"date":"2020-03-30T19:07:34","date_gmt":"2020-03-30T19:07:34","guid":{"rendered":"http:\/\/www.viveroscastromartinez.com\/?page_id=97"},"modified":"2020-07-19T11:40:55","modified_gmt":"2020-07-19T11:40:55","slug":"vivero-de-olivos","status":"publish","type":"page","link":"http:\/\/www.viveroscastromartinez.com\/index.php\/vivero-de-olivos\/","title":{"rendered":"VIVERO DE OLIVOS"},"content":{"rendered":"\r\n<div class=\"wp-block-buttons aligncenter\">\r\n<div class=\"wp-block-button\"><a class=\"wp-block-button__link\" href=\"http:\/\/www.viveroscastromartinez.com\/index.php\/contacto\/\">INFORMACI\u00d3N<\/a><\/div>\r\n\r\n\r\n\r\n<div class=\"wp-block-button\"><a class=\"wp-block-button__link\" href=\"http:\/\/www.viveroscastromartinez.com\/?page_id=312\">PRESUPUESTO<\/a><\/div>\r\n<div>\u00a0<\/div>\r\n<\/div>\r\n\r\n\r\n\r\n<p style=\"text-align: justify;\"><span style=\"font-size: 14pt;\">Nuestro vivero de olivos tiene como actividad principal la producci\u00f3n de plantones olivos para su venta, por lo que nos adaptamos al agricultor. Por esta raz\u00f3n disponemos de una amplia gama de variedades de olivo en diferentes formatos, utilizando como sustrato la lima.<br \/>En cuanto a la producci\u00f3n de los olivos, la bolsa de 1l y la maceta de 3l son los formatos m\u00e1s utilizados en el vivero. Debido a ello el plant\u00f3n logra un desarrollo excelente, consiguiendo un magn\u00edfico sistema radicular y una altura id\u00f3nea que le permite ser trasplantado al campo sin sufrir ning\u00fan tipo de estr\u00e9s radicular ni da\u00f1o que pueda afectar a su desarrollo.<br \/><\/span><\/p>\r\n<p style=\"text-align: justify;\"><span style=\"font-size: 14pt;\">Las variedades m\u00e1s producidas son la <a href=\"http:\/\/www.viveroscastromartinez.com\/index.php\/olivo-picual\/\">picual<\/a>, tambi\u00e9n conocida como marte\u00f1a, adem\u00e1s de <a href=\"http:\/\/www.viveroscastromartinez.com\/index.php\/olivo-hojiblanca\/\">hojiblanca<\/a>, <a href=\"http:\/\/www.viveroscastromartinez.com\/index.php\/olivo-arbequina\/\">arbequina<\/a> y <a href=\"http:\/\/www.viveroscastromartinez.com\/index.php\/olivo-arbosana\/\">arbosana<\/a>, habi\u00e9ndose incrementado \u00faltimamente la demanda de las dos \u00faltimas para su recolecci\u00f3n en intensivo y s\u00faper-intensivo.<\/span><\/p>\r\n<p style=\"text-align: justify;\"><span style=\"font-size: 14pt;\">Por consiguiente para lograr una venta de olivos acorde a nuestros objetivos ajustamos los <strong>precios a reservas con antelaci\u00f3n<\/strong>. De esta forma se consigue una alta competitividad en el mercado, logrando alcanzar nuestros objetivos en la venta de olivos.<\/span><br \/><span style=\"font-size: 14pt;\">Si desea alguna variedad no referida o cualquier tipo de informaci\u00f3n, no dude en ponerse en contacto con nosotros pinchando <a href=\"http:\/\/www.viveroscastromartinez.com\/index.php\/contacto\/\">aqu\u00ed <\/a>o en el tel\u00e9fono <a href=\"tel:+34684315172\">684315172<\/a> y estaremos encantados de poder ayudarle.<\/span><\/p>\r\n<p>&nbsp;<\/p>\r\n<p><span style=\"font-size: 14pt;\">\r\n\r\n<\/span><\/p>\r\n\r\n\r\n\r\n<h4 class=\"has-text-align-center\"><strong>VARIEDADES<\/strong><\/h4>\r\n\r\n\r\n\r\n<div class=\"wp-block-columns\">\r\n<div class=\"wp-block-column\">\r\n<p class=\"has-text-align-center\"><a href=\"http:\/\/www.viveroscastromartinez.com\/index.php\/olivo-picual\/\">PICUAL<\/a><\/p>\r\n\r\n\r\n\r\n<figure class=\"wp-block-image size-large is-style-rounded\"><a href=\"http:\/\/www.viveroscastromartinez.com\/index.php\/variedad-picual\/\"><img class=\"wp-image-246\" src=\"http:\/\/www.viveroscastromartinez.com\/wp-content\/uploads\/2020\/07\/T-Picual.jpg\" alt=\"Venta de olivos variedad picual\" \/><\/a><\/figure>\r\n\r\n\r\n\r\n<p class=\"has-text-align-center\">MANZANILLA CACERE\u00d1A<\/p>\r\n\r\n\r\n\r\n<figure class=\"wp-block-image size-large is-style-rounded\"><img class=\"wp-image-250\" src=\"http:\/\/www.viveroscastromartinez.com\/wp-content\/uploads\/2020\/07\/T-Manzanilla-cacere\u00f1a.jpg\" alt=\"Variedad  manzanilla cacere\u00f1a\" \/><\/figure>\r\n\r\n\r\n\r\n<p class=\"has-text-align-center\">FRANTOIO<\/p>\r\n\r\n\r\n\r\n<figure class=\"wp-block-image size-large is-style-rounded\"><img class=\"wp-image-371\" src=\"http:\/\/www.viveroscastromartinez.com\/wp-content\/uploads\/2020\/07\/T-Frantoio.jpg\" alt=\"Variedad  frantoio\" \/><\/figure>\r\n\r\n\r\n\r\n<p>&nbsp;<\/p>\r\n<\/div>\r\n\r\n\r\n\r\n<div class=\"wp-block-column\">\r\n<p class=\"has-text-align-center\"><a href=\"http:\/\/www.viveroscastromartinez.com\/index.php\/olivo-arbequina\/\">ARBEQUINA<\/a><\/p>\r\n\r\n\r\n\r\n<figure class=\"wp-block-image size-large is-style-rounded\"><img class=\"wp-image-244\" src=\"http:\/\/www.viveroscastromartinez.com\/wp-content\/uploads\/2020\/07\/T-arbequina.jpg\" alt=\"Variedad  arbequina\" \/><\/figure>\r\n\r\n\r\n\r\n<p class=\"has-text-align-center\">KORONEIKI<\/p>\r\n\r\n\r\n\r\n<figure class=\"wp-block-image size-large is-style-rounded\"><img class=\"wp-image-251\" src=\"http:\/\/www.viveroscastromartinez.com\/wp-content\/uploads\/2020\/07\/T-Koroneiki.jpg\" alt=\"Variedad  koroneiki\" \/><\/figure>\r\n\r\n\r\n\r\n<p class=\"has-text-align-center\">LECHIN<\/p>\r\n\r\n\r\n\r\n<figure class=\"wp-block-image size-large is-style-rounded\"><img class=\"wp-image-373\" src=\"http:\/\/www.viveroscastromartinez.com\/wp-content\/uploads\/2020\/07\/T-lechin.jpg\" alt=\"Variedad  lechin\" \/><\/figure>\r\n\r\n\r\n\r\n<p>&nbsp;<\/p>\r\n<\/div>\r\n\r\n\r\n\r\n<div class=\"wp-block-column\">\r\n<p class=\"has-text-align-center\"><a href=\"http:\/\/www.viveroscastromartinez.com\/index.php\/olivo-hojiblanca\/\">HOJIBLANCA<\/a><\/p>\r\n\r\n\r\n\r\n<figure class=\"wp-block-image size-large is-style-rounded\"><img class=\"wp-image-245\" src=\"http:\/\/www.viveroscastromartinez.com\/wp-content\/uploads\/2020\/07\/T-Hojiblanca.jpg\" alt=\"Variedad  hojiblanca\" \/><\/figure>\r\n\r\n\r\n\r\n<p class=\"has-text-align-center\"><a href=\"http:\/\/www.viveroscastromartinez.com\/index.php\/olivo-arbosana\/\">ARBOSANA<\/a><\/p>\r\n\r\n\r\n\r\n<figure class=\"wp-block-image size-large is-style-rounded\"><img class=\"wp-image-252\" src=\"http:\/\/www.viveroscastromartinez.com\/wp-content\/uploads\/2020\/07\/T-Arbosana.jpg\" alt=\"Variedad  arbosana\" \/><\/figure>\r\n\r\n\r\n\r\n<p class=\"has-text-align-center\">CORNICABRA<\/p>\r\n\r\n\r\n\r\n<figure class=\"wp-block-image size-large is-style-rounded\"><img class=\"wp-image-372\" src=\"http:\/\/www.viveroscastromartinez.com\/wp-content\/uploads\/2020\/07\/T-cornicabra.jpg\" alt=\"Variedad  cornicabra\" \/><\/figure>\r\n<\/div>\r\n<\/div>\r\n\r\n\r\n\r\n<h4 class=\"has-text-align-center\">OTRAS VARIEDADES DEMANDADAS<\/h4>\r\n\r\n\r\n\r\n<figure class=\"wp-block-table aligncenter is-style-stripes\">\r\n<table class=\"has-fixed-layout\">\r\n<tbody>\r\n<tr>\r\n<td class=\"has-text-align-center\" data-align=\"center\">OCAL<\/td>\r\n<td class=\"has-text-align-center\" data-align=\"center\">GORDAL SEVILLANA<\/td>\r\n<td class=\"has-text-align-center\" data-align=\"center\">EMPELTRE<\/td>\r\n<td class=\"has-text-align-center\" data-align=\"center\">PICO LIM\u00d3N<\/td>\r\n<\/tr>\r\n<tr>\r\n<td class=\"has-text-align-center\" data-align=\"center\">ARRONIZ<\/td>\r\n<td class=\"has-text-align-center\" data-align=\"center\">CHANGLOT REAL<\/td>\r\n<td class=\"has-text-align-center\" data-align=\"center\">SIKITITA<\/td>\r\n<td class=\"has-text-align-center\" data-align=\"center\">PICUDO<\/td>\r\n<\/tr>\r\n<tr>\r\n<td class=\"has-text-align-center\" data-align=\"center\">\u00a0<\/td>\r\n<td class=\"has-text-align-center\" data-align=\"center\">\u00a0<\/td>\r\n<td class=\"has-text-align-center\" data-align=\"center\">\u00a0<\/td>\r\n<td class=\"has-text-align-center\" data-align=\"center\">\u00a0<\/td>\r\n<\/tr>\r\n<tr>\r\n<td class=\"has-text-align-center\" data-align=\"center\">\u00a0<\/td>\r\n<td class=\"has-text-align-center\" data-align=\"center\">\u00a0<\/td>\r\n<td class=\"has-text-align-center\" data-align=\"center\">\u00a0<\/td>\r\n<td class=\"has-text-align-center\" data-align=\"center\">\u00a0<\/td>\r\n<\/tr>\r\n<\/tbody>\r\n<\/table>\r\n<figcaption><br \/><br \/><\/figcaption>\r\n<\/figure>\r\n\r\n\r\n\r\n<h4>INFORMACI\u00d3N DE INTER\u00c9S SOBRE EL OLIVO<\/h4>\r\n\r\n\r\n\r\n\r\n\r\n<p style=\"text-align: justify;\"><span style=\"font-size: 14pt;\">El olivo es el \u00e1rbol frutal de la familia de las ole\u00e1ceas del que proviene el aceite, el jugo de la oliva que utilizamos para elaborar nuestras comidas, para ali\u00f1ar ensaladas y para elaborar multitud de productos.\u00a0El olivo es originario de Asia Menor y\u00a0se cultiva desde la antig\u00fcedad en toda la cuenca mediterr\u00e1nea. La variedad silvestre recibe el nombre de olivo borde o acebuche.<\/span><\/p>\r\n<p style=\"text-align: justify;\"><span style=\"font-size: 14pt;\">A pesar de ser un \u00e1rbol muy resistente, es sensible a las heladas, si bien puede soportar temperaturas hasta -10 \u00b0C, aunque la resistencia al fr\u00edo es una caracter\u00edstica varietal. Asimismo las altas temperaturas son perjudiciales, sobre todo durante el periodo de floraci\u00f3n. Adem\u00e1s la reducci\u00f3n de agua (estr\u00e9s h\u00eddrico) o de nutrientes minerales (estr\u00e9s nutritivo) justo semanas antes de la \u00e9poca de floraci\u00f3n puede revertir en una menor floraci\u00f3n y, por consiguiente, en una menor cantidad de aceitunas.<\/span><\/p>\r\n<p><span style=\"font-size: 14pt;\">\r\n\r\n<\/span><\/p>\r\n\r\n\r\n\r\n\r\n\r\n\r\n\r\n\r\n\r\n<p style=\"text-align: justify;\"><span style=\"font-size: 14pt;\">El fruto del olivo es la aceituna, si bien en el levante espa\u00f1ol es conocido tambi\u00e9n como oliva.\u00a0 La aceituna es un fruto en drupa peque\u00f1o que tiene forma elipsoidal o globosa m\u00e1s o menos sim\u00e9trica. En la aceituna se distinguen las siguientes partes: ped\u00fanculo o rabillo, epicarpio o piel, mesocarpio o carne, endocarpio o hueso y embri\u00f3n o semilla. Tiene la semilla encerrada en un endocarpio duro que forma el hueso el que se solidifica de 4 a 6 semanas despu\u00e9s del inicio de la formaci\u00f3n del fruto y se endurece hasta 3 meses despu\u00e9s.<\/span><\/p>\r\n","protected":false},"excerpt":{"rendered":"<p>Nuestro vivero de olivos tiene como actividad principal la producci\u00f3n de plantones olivos para su venta, por lo que nos adaptamos al agricultor. Por esta raz\u00f3n disponemos de una amplia gama de variedades de olivo en diferentes formatos, utilizando como sustrato la lima.En cuanto a la producci\u00f3n de los olivos, la bolsa de 1l y [&hellip;]<\/p>\n","protected":false},"author":1,"featured_media":0,"parent":0,"menu_order":0,"comment_status":"closed","ping_status":"closed","template":"","meta":[],"yoast_head":"<!-- This site is optimized with the Yoast SEO plugin v17.0 - https:\/\/yoast.com\/wordpress\/plugins\/seo\/ -->\n<title>Viveros Castro Martinez - Vivero de olivos de diferentes variedades<\/title>\n<meta name=\"description\" content=\"Vivero de plantones de olivos, gran selecci\u00f3n de variedades (picual, arbequina, arbosana, hojiblanca, koroneiki, frantoio, lech\u00edn...)\" \/>\n<meta name=\"robots\" content=\"index, follow, max-snippet:-1, max-image-preview:large, max-video-preview:-1\" \/>\n<link rel=\"canonical\" href=\"https:\/\/www.viveroscastromartinez.com\/index.php\/vivero-de-olivos\/\" \/>\n<meta property=\"og:locale\" content=\"es_ES\" \/>\n<meta property=\"og:type\" content=\"article\" \/>\n<meta property=\"og:title\" content=\"Viveros Castro Martinez - Vivero de olivos de diferentes variedades\" \/>\n<meta property=\"og:description\" content=\"Vivero de plantones de olivos, gran selecci\u00f3n de variedades (picual, arbequina, arbosana, hojiblanca, koroneiki, frantoio, lech\u00edn...)\" \/>\n<meta property=\"og:url\" content=\"https:\/\/www.viveroscastromartinez.com\/index.php\/vivero-de-olivos\/\" \/>\n<meta property=\"og:site_name\" content=\"Viveros Castro Mart&iacute;nez\" \/>\n<meta property=\"article:modified_time\" content=\"2020-07-19T11:40:55+00:00\" \/>\n<meta property=\"og:image\" content=\"http:\/\/www.viveroscastromartinez.com\/wp-content\/uploads\/2020\/07\/T-Picual.jpg\" \/>\n<meta name=\"twitter:card\" content=\"summary_large_image\" \/>\n<meta name=\"twitter:label1\" content=\"Tiempo de lectura\" \/>\n\t<meta name=\"twitter:data1\" content=\"3 minutos\" \/>\n<script type=\"application\/ld+json\" class=\"yoast-schema-graph\">{\"@context\":\"https:\/\/schema.org\",\"@graph\":[{\"@type\":\"WebSite\",\"@id\":\"http:\/\/www.viveroscastromartinez.com\/#website\",\"url\":\"http:\/\/www.viveroscastromartinez.com\/\",\"name\":\"Viveros Castro Mart&iacute;nez\",\"description\":\"Producci&oacute;n y venta de plantones de olivos y almendros\",\"potentialAction\":[{\"@type\":\"SearchAction\",\"target\":{\"@type\":\"EntryPoint\",\"urlTemplate\":\"http:\/\/www.viveroscastromartinez.com\/?s={search_term_string}\"},\"query-input\":\"required name=search_term_string\"}],\"inLanguage\":\"es\"},{\"@type\":\"ImageObject\",\"@id\":\"https:\/\/www.viveroscastromartinez.com\/index.php\/vivero-de-olivos\/#primaryimage\",\"inLanguage\":\"es\",\"url\":\"http:\/\/www.viveroscastromartinez.com\/wp-content\/uploads\/2020\/07\/T-Picual.jpg\",\"contentUrl\":\"http:\/\/www.viveroscastromartinez.com\/wp-content\/uploads\/2020\/07\/T-Picual.jpg\",\"width\":512,\"height\":358,\"caption\":\"Variedad de olivo picual\"},{\"@type\":\"WebPage\",\"@id\":\"https:\/\/www.viveroscastromartinez.com\/index.php\/vivero-de-olivos\/#webpage\",\"url\":\"https:\/\/www.viveroscastromartinez.com\/index.php\/vivero-de-olivos\/\",\"name\":\"Viveros Castro Martinez - Vivero de olivos de diferentes variedades\",\"isPartOf\":{\"@id\":\"http:\/\/www.viveroscastromartinez.com\/#website\"},\"primaryImageOfPage\":{\"@id\":\"https:\/\/www.viveroscastromartinez.com\/index.php\/vivero-de-olivos\/#primaryimage\"},\"datePublished\":\"2020-03-30T19:07:34+00:00\",\"dateModified\":\"2020-07-19T11:40:55+00:00\",\"description\":\"Vivero de plantones de olivos, gran selecci\\u00f3n de variedades (picual, arbequina, arbosana, hojiblanca, koroneiki, frantoio, lech\\u00edn...)\",\"breadcrumb\":{\"@id\":\"https:\/\/www.viveroscastromartinez.com\/index.php\/vivero-de-olivos\/#breadcrumb\"},\"inLanguage\":\"es\",\"potentialAction\":[{\"@type\":\"ReadAction\",\"target\":[\"https:\/\/www.viveroscastromartinez.com\/index.php\/vivero-de-olivos\/\"]}]},{\"@type\":\"BreadcrumbList\",\"@id\":\"https:\/\/www.viveroscastromartinez.com\/index.php\/vivero-de-olivos\/#breadcrumb\",\"itemListElement\":[{\"@type\":\"ListItem\",\"position\":1,\"name\":\"Portada\",\"item\":\"http:\/\/www.viveroscastromartinez.com\/\"},{\"@type\":\"ListItem\",\"position\":2,\"name\":\"VIVERO DE OLIVOS\"}]}]}<\/script>\n<!-- \/ Yoast SEO plugin. -->","yoast_head_json":{"title":"Viveros Castro Martinez - Vivero de olivos de diferentes variedades","description":"Vivero de plantones de olivos, gran selecci\u00f3n de variedades (picual, arbequina, arbosana, hojiblanca, koroneiki, frantoio, lech\u00edn...)","robots":{"index":"index","follow":"follow","max-snippet":"max-snippet:-1","max-image-preview":"max-image-preview:large","max-video-preview":"max-video-preview:-1"},"canonical":"https:\/\/www.viveroscastromartinez.com\/index.php\/vivero-de-olivos\/","og_locale":"es_ES","og_type":"article","og_title":"Viveros Castro Martinez - Vivero de olivos de diferentes variedades","og_description":"Vivero de plantones de olivos, gran selecci\u00f3n de variedades (picual, arbequina, arbosana, hojiblanca, koroneiki, frantoio, lech\u00edn...)","og_url":"https:\/\/www.viveroscastromartinez.com\/index.php\/vivero-de-olivos\/","og_site_name":"Viveros Castro Mart&iacute;nez","article_modified_time":"2020-07-19T11:40:55+00:00","og_image":[{"url":"http:\/\/www.viveroscastromartinez.com\/wp-content\/uploads\/2020\/07\/T-Picual.jpg"}],"twitter_card":"summary_large_image","twitter_misc":{"Tiempo de lectura":"3 minutos"},"schema":{"@context":"https:\/\/schema.org","@graph":[{"@type":"WebSite","@id":"http:\/\/www.viveroscastromartinez.com\/#website","url":"http:\/\/www.viveroscastromartinez.com\/","name":"Viveros Castro Mart&iacute;nez","description":"Producci&oacute;n y venta de plantones de olivos y almendros","potentialAction":[{"@type":"SearchAction","target":{"@type":"EntryPoint","urlTemplate":"http:\/\/www.viveroscastromartinez.com\/?s={search_term_string}"},"query-input":"required name=search_term_string"}],"inLanguage":"es"},{"@type":"ImageObject","@id":"https:\/\/www.viveroscastromartinez.com\/index.php\/vivero-de-olivos\/#primaryimage","inLanguage":"es","url":"http:\/\/www.viveroscastromartinez.com\/wp-content\/uploads\/2020\/07\/T-Picual.jpg","contentUrl":"http:\/\/www.viveroscastromartinez.com\/wp-content\/uploads\/2020\/07\/T-Picual.jpg","width":512,"height":358,"caption":"Variedad de olivo picual"},{"@type":"WebPage","@id":"https:\/\/www.viveroscastromartinez.com\/index.php\/vivero-de-olivos\/#webpage","url":"https:\/\/www.viveroscastromartinez.com\/index.php\/vivero-de-olivos\/","name":"Viveros Castro Martinez - Vivero de olivos de diferentes variedades","isPartOf":{"@id":"http:\/\/www.viveroscastromartinez.com\/#website"},"primaryImageOfPage":{"@id":"https:\/\/www.viveroscastromartinez.com\/index.php\/vivero-de-olivos\/#primaryimage"},"datePublished":"2020-03-30T19:07:34+00:00","dateModified":"2020-07-19T11:40:55+00:00","description":"Vivero de plantones de olivos, gran selecci\u00f3n de variedades (picual, arbequina, arbosana, hojiblanca, koroneiki, frantoio, lech\u00edn...)","breadcrumb":{"@id":"https:\/\/www.viveroscastromartinez.com\/index.php\/vivero-de-olivos\/#breadcrumb"},"inLanguage":"es","potentialAction":[{"@type":"ReadAction","target":["https:\/\/www.viveroscastromartinez.com\/index.php\/vivero-de-olivos\/"]}]},{"@type":"BreadcrumbList","@id":"https:\/\/www.viveroscastromartinez.com\/index.php\/vivero-de-olivos\/#breadcrumb","itemListElement":[{"@type":"ListItem","position":1,"name":"Portada","item":"http:\/\/www.viveroscastromartinez.com\/"},{"@type":"ListItem","position":2,"name":"VIVERO DE OLIVOS"}]}]}},"_links":{"self":[{"href":"http:\/\/www.viveroscastromartinez.com\/index.php\/wp-json\/wp\/v2\/pages\/97"}],"collection":[{"href":"http:\/\/www.viveroscastromartinez.com\/index.php\/wp-json\/wp\/v2\/pages"}],"about":[{"href":"http:\/\/www.viveroscastromartinez.com\/index.php\/wp-json\/wp\/v2\/types\/page"}],"author":[{"embeddable":true,"href":"http:\/\/www.viveroscastromartinez.com\/index.php\/wp-json\/wp\/v2\/users\/1"}],"replies":[{"embeddable":true,"href":"http:\/\/www.viveroscastromartinez.com\/index.php\/wp-json\/wp\/v2\/comments?post=97"}],"version-history":[{"count":100,"href":"http:\/\/www.viveroscastromartinez.com\/index.php\/wp-json\/wp\/v2\/pages\/97\/revisions"}],"predecessor-version":[{"id":1371,"href":"http:\/\/www.viveroscastromartinez.com\/index.php\/wp-json\/wp\/v2\/pages\/97\/revisions\/1371"}],"wp:attachment":[{"href":"http:\/\/www.viveroscastromartinez.com\/index.php\/wp-json\/wp\/v2\/media?parent=97"}],"curies":[{"name":"wp","href":"https:\/\/api.w.org\/{rel}","templated":true}]}}