{"id":977,"date":"2020-05-08T17:00:49","date_gmt":"2020-05-08T17:00:49","guid":{"rendered":"http:\/\/www.viveroscastromartinez.com\/?page_id=977"},"modified":"2020-07-19T11:42:47","modified_gmt":"2020-07-19T11:42:47","slug":"olivo-picual","status":"publish","type":"page","link":"http:\/\/www.viveroscastromartinez.com\/index.php\/olivo-picual\/","title":{"rendered":"Olivo picual"},"content":{"rendered":"\r\n<div class=\"wp-block-columns\">\r\n<div class=\"wp-block-column\" style=\"flex-basis: 33.33%;\">\r\n<figure class=\"wp-block-image size-large is-style-rounded\"><img class=\"wp-image-246\" src=\"http:\/\/www.viveroscastromartinez.com\/wp-content\/uploads\/2020\/07\/T-Picual.jpg\" alt=\"Olivo variedad picual\" \/><\/figure>\r\n<\/div>\r\n<div class=\"wp-block-column\" style=\"flex-basis: 66.66%;\">\r\n<table style=\"width: 100%; border-collapse: collapse;\" border=\"0\">\r\n<tbody>\r\n<tr>\r\n<td style=\"width: 63.2121%; text-align: center;\"><span style=\"font-size: 10pt;\"><span style=\"text-decoration: underline;\"><strong>CARACTER\u00cdSTICAS<\/strong><\/span><strong> *<\/strong><\/span><\/td>\r\n<td style=\"width: 36.7879%; text-align: center;\"><span style=\"font-size: 10pt;\"><span style=\"text-decoration: underline;\"><strong>TOLERANCIAS<\/strong><\/span><strong> *<\/strong><\/span><\/td>\r\n<\/tr>\r\n<tr>\r\n<td style=\"width: 63.2121%;\">\r\n<table style=\"height: 240px; width: 100%; border-collapse: collapse;\" border=\"0\">\r\n<tbody>\r\n<tr style=\"height: 24px;\">\r\n<td style=\"width: 100%; height: 24px; text-align: center;\"><span style=\"font-size: 8pt;\">CATEGOR\u00cdA 1 &#8211; DESTINO ACEITE<\/span><\/td>\r\n<\/tr>\r\n<tr style=\"height: 24px;\">\r\n<td style=\"width: 100%; text-align: center; height: 24px;\"><span style=\"font-size: 8pt;\">VIGOR ALTO<\/span><\/td>\r\n<\/tr>\r\n<tr style=\"height: 24px;\">\r\n<td style=\"width: 100%; height: 24px; text-align: center;\"><span style=\"font-size: 8pt;\">PORTE ABIERTO<\/span><\/td>\r\n<\/tr>\r\n<tr style=\"height: 24px;\">\r\n<td style=\"width: 100%; height: 24px; text-align: center;\"><span style=\"font-size: 8pt;\">DENSIDAD VEGETACI\u00d3N ESPESA<\/span><\/td>\r\n<\/tr>\r\n<tr style=\"height: 24px;\">\r\n<td style=\"width: 100%; height: 24px; text-align: center;\"><span style=\"font-size: 8pt;\">ENRAIZAMIENTO ALTO<\/span><\/td>\r\n<\/tr>\r\n<tr style=\"height: 24px;\">\r\n<td style=\"width: 100%; height: 24px; text-align: center;\"><span style=\"font-size: 8pt;\">FLORACI\u00d3N MEDIA<\/span><\/td>\r\n<\/tr>\r\n<tr style=\"height: 24px;\">\r\n<td style=\"width: 100%; height: 24px; text-align: center;\"><span style=\"font-size: 8pt;\">MADURACI\u00d3N PRECOZ<\/span><\/td>\r\n<\/tr>\r\n<tr style=\"height: 24px;\">\r\n<td style=\"width: 100%; height: 24px; text-align: center;\"><span style=\"font-size: 8pt;\">ENTRADA EN PRODUCCI\u00d3N PRECOZ<\/span><\/td>\r\n<\/tr>\r\n<tr style=\"height: 24px;\">\r\n<td style=\"width: 100%; height: 24px; text-align: center;\"><span style=\"font-size: 8pt;\">PRODUCTIVIDAD ALTA<\/span><\/td>\r\n<\/tr>\r\n<tr style=\"height: 24px;\">\r\n<td style=\"width: 100%; height: 24px; text-align: center;\"><span style=\"font-size: 8pt;\">RENDIMIENTO GRASO ALTO<\/span><\/td>\r\n<\/tr>\r\n<tr>\r\n<td style=\"width: 100%; text-align: center;\"><span style=\"font-size: 8pt;\">DESPRENDIMIENTO F\u00c1CIL<\/span><\/td>\r\n<\/tr>\r\n<\/tbody>\r\n<\/table>\r\n<\/td>\r\n<td style=\"width: 36.7879%;\">\r\n<table style=\"width: 100%; border-collapse: collapse; height: 240px;\" border=\"0\">\r\n<tbody>\r\n<tr style=\"height: 24px;\">\r\n<td style=\"width: 65.3333%; text-align: center; height: 24px;\"><span style=\"font-size: 8pt;\">FR\u00cdO<\/span><\/td>\r\n<td style=\"width: 34.6667%; height: 24px; text-align: left;\"><span style=\"font-size: 8pt;\">MEDIO<\/span><\/td>\r\n<\/tr>\r\n<tr style=\"height: 24px;\">\r\n<td style=\"width: 65.3333%; text-align: center; height: 24px;\"><span style=\"font-size: 8pt;\">REPILO<\/span><\/td>\r\n<td style=\"width: 34.6667%; height: 24px; text-align: left;\"><span style=\"font-size: 8pt;\">BAJO<\/span><\/td>\r\n<\/tr>\r\n<tr style=\"height: 24px;\">\r\n<td style=\"width: 65.3333%; text-align: center; height: 24px;\"><span style=\"font-size: 8pt;\">TUBERCULOSIS<\/span><\/td>\r\n<td style=\"width: 34.6667%; height: 24px; text-align: left;\"><span style=\"font-size: 8pt;\">MEDIO<\/span><\/td>\r\n<\/tr>\r\n<tr style=\"height: 24px;\">\r\n<td style=\"width: 65.3333%; text-align: center; height: 24px;\"><span style=\"font-size: 8pt;\">VERTICILIUM<\/span><\/td>\r\n<td style=\"width: 34.6667%; height: 24px; text-align: left;\"><span style=\"font-size: 8pt;\">BAJO<\/span><\/td>\r\n<\/tr>\r\n<tr style=\"height: 24px;\">\r\n<td style=\"width: 65.3333%; text-align: center; height: 24px;\"><span style=\"font-size: 8pt;\">MOSCA DEL OLIVO<\/span><\/td>\r\n<td style=\"width: 34.6667%; height: 24px; text-align: left;\"><span style=\"font-size: 8pt;\">MEDIO<\/span><\/td>\r\n<\/tr>\r\n<tr style=\"height: 24px;\">\r\n<td style=\"width: 65.3333%; text-align: center; height: 24px;\"><span style=\"font-size: 8pt;\">SEQU\u00cdA<\/span><\/td>\r\n<td style=\"width: 34.6667%; height: 24px; text-align: left;\"><span style=\"font-size: 8pt;\">BAJO<\/span><\/td>\r\n<\/tr>\r\n<tr style=\"height: 24px;\">\r\n<td style=\"width: 65.3333%; text-align: center; height: 24px;\"><span style=\"font-size: 8pt;\">PRAIS<\/span><\/td>\r\n<td style=\"width: 34.6667%; height: 24px; text-align: left;\"><span style=\"font-size: 8pt;\">BAJO<\/span><\/td>\r\n<\/tr>\r\n<tr style=\"height: 24px;\">\r\n<td style=\"width: 65.3333%; text-align: center; height: 24px;\"><span style=\"font-size: 8pt;\">HELADAS<\/span><\/td>\r\n<td style=\"width: 34.6667%; height: 24px; text-align: left;\"><span style=\"font-size: 8pt;\">ALTO<\/span><\/td>\r\n<\/tr>\r\n<tr style=\"height: 24px;\">\r\n<td style=\"width: 65.3333%; text-align: center; height: 24px;\"><span style=\"font-size: 8pt;\">HUMEDAD<\/span><\/td>\r\n<td style=\"width: 34.6667%; height: 24px; text-align: left;\"><span style=\"font-size: 8pt;\">ALTO<\/span><\/td>\r\n<\/tr>\r\n<tr style=\"height: 24px;\">\r\n<td style=\"width: 65.3333%; text-align: center; height: 24px;\">\u00a0<\/td>\r\n<td style=\"width: 34.6667%; height: 24px; text-align: left;\">\u00a0<\/td>\r\n<\/tr>\r\n<tr>\r\n<td style=\"width: 65.3333%; text-align: center;\">\u00a0<\/td>\r\n<td style=\"width: 34.6667%; text-align: left;\">\u00a0<\/td>\r\n<\/tr>\r\n<\/tbody>\r\n<\/table>\r\n<\/td>\r\n<\/tr>\r\n<\/tbody>\r\n<\/table>\r\n<\/div>\r\n<\/div>\r\n<h4>HISTORIA<\/h4>\r\n<p style=\"text-align: justify;\"><span style=\"font-size: 14pt;\">La variedad de olivo picual debe su nombre al \u00e1pice apuntado de su fruto. Tambi\u00e9n es conocido como marte\u00f1o, nevadillo y lopere\u00f1o.<\/span><\/p>\r\n<h4 style=\"text-align: justify;\">GEOGRAF\u00cdA DE CULTIVO<\/h4>\r\n<p style=\"text-align: justify;\"><span style=\"font-size: 14pt;\">La variedad de olivo picual se extiende principalmente por la comunidad aut\u00f3noma de Andaluc\u00eda, siendo la variedad con m\u00e1s superficie plantada en Espa\u00f1a, estando cerca del mill\u00f3n de hect\u00e1reas. Como resultado se cultiva fundamentalmente en Ja\u00e9n y C\u00f3rdoba<\/span>.<\/p>\r\n<h4>CARACTER\u00cdSTICAS<\/h4>\r\n<p style=\"text-align: justify;\"><span style=\"font-size: 14pt;\">El \u00e1rbol picual posee un gran vigor, porte abierto, adem\u00e1s de ramas cortas, con una densidad de vegetaci\u00f3n espesa. Por otro lado su adaptaci\u00f3n a las sequ\u00edas prolongadas no es buena, as\u00ed como a los terrenos excesivamente calc\u00e1reos. Sin embargo es muy resistente a las heladas. Es una variedad muy apreciada por su facilidad para el cultivo y la calidad del aceite que se obtiene de su fruto. Tiene un rendimiento graso alto, as\u00ed como un buen enraizamiento. Finalmente el fruto es de tama\u00f1o mediano, con forma el\u00edptica y asim\u00e9trica, con un peso medio de 3,2 gramos. Su maduraci\u00f3n es media con alto contenido graso y buena extractabilidad.<\/span><\/p>\r\n<h4 style=\"text-align: justify;\">USO<\/h4>\r\n<p style=\"text-align: justify;\"><span style=\"font-size: 14pt;\">La variedad picual est\u00e1 destinada a la producci\u00f3n de aceite de oliva virgen extra muy estable y resistente a la oxidaci\u00f3n. Adem\u00e1s este este aceite tiene tiene una gran personalidad, presentando matices sensoriales muy definidos. El aceite picual es un aceite frutado, con notas positivas de amargo, picante y astringente.<\/span><\/p>\r\n<hr \/>\r\n<p style=\"text-align: justify;\">*<span style=\"font-size: 10pt;\">Nota: Toda la informaci\u00f3n de esta p\u00e1gina es orientativa y aproximada. La floraci\u00f3n, maduraci\u00f3n, entrada en producci\u00f3n, tolerancias etc. de un \u00e1rbol dependen de muchos factores, tales como son clima, suelo en el que se cultiva, tiempo de la planta, pr\u00e1cticas del agricultor&#8230; <\/span><\/p>\r\n","protected":false},"excerpt":{"rendered":"<p>CARACTER\u00cdSTICAS * TOLERANCIAS * CATEGOR\u00cdA 1 &#8211; DESTINO ACEITE VIGOR ALTO PORTE ABIERTO DENSIDAD VEGETACI\u00d3N ESPESA ENRAIZAMIENTO ALTO FLORACI\u00d3N MEDIA MADURACI\u00d3N PRECOZ ENTRADA EN PRODUCCI\u00d3N PRECOZ PRODUCTIVIDAD ALTA RENDIMIENTO GRASO ALTO DESPRENDIMIENTO F\u00c1CIL FR\u00cdO MEDIO REPILO BAJO TUBERCULOSIS MEDIO VERTICILIUM BAJO MOSCA DEL OLIVO MEDIO SEQU\u00cdA BAJO PRAIS BAJO HELADAS ALTO HUMEDAD ALTO \u00a0 \u00a0 [&hellip;]<\/p>\n","protected":false},"author":1,"featured_media":0,"parent":0,"menu_order":0,"comment_status":"closed","ping_status":"closed","template":"","meta":[],"yoast_head":"<!-- This site is optimized with the Yoast SEO plugin v17.0 - https:\/\/yoast.com\/wordpress\/plugins\/seo\/ -->\n<title>Olivo picual - Viveros de Olivos y Almendro Castro Mart\u00ednez<\/title>\n<meta name=\"description\" content=\"La variedad de olivo picual es la m\u00e1s importante de Espa\u00f1a en parte a la precocidad de su producci\u00f3n, facilidad de cultivo y calidad del aceite.\" \/>\n<meta name=\"robots\" content=\"index, follow, max-snippet:-1, max-image-preview:large, max-video-preview:-1\" \/>\n<link rel=\"canonical\" href=\"http:\/\/www.viveroscastromartinez.com\/index.php\/olivo-picual\/\" \/>\n<meta property=\"og:locale\" content=\"es_ES\" \/>\n<meta property=\"og:type\" content=\"article\" \/>\n<meta property=\"og:title\" content=\"Olivo picual - Viveros de Olivos y Almendro Castro Mart\u00ednez\" \/>\n<meta property=\"og:description\" content=\"La variedad de olivo picual es la m\u00e1s importante de Espa\u00f1a en parte a la precocidad de su producci\u00f3n, facilidad de cultivo y calidad del aceite.\" \/>\n<meta property=\"og:url\" content=\"http:\/\/www.viveroscastromartinez.com\/index.php\/olivo-picual\/\" \/>\n<meta property=\"og:site_name\" content=\"Viveros Castro Mart&iacute;nez\" \/>\n<meta property=\"article:modified_time\" content=\"2020-07-19T11:42:47+00:00\" \/>\n<meta property=\"og:image\" content=\"http:\/\/www.viveroscastromartinez.com\/wp-content\/uploads\/2020\/07\/T-Picual.jpg\" \/>\n<meta name=\"twitter:card\" content=\"summary_large_image\" \/>\n<meta name=\"twitter:label1\" content=\"Tiempo de lectura\" \/>\n\t<meta name=\"twitter:data1\" content=\"2 minutos\" \/>\n<script type=\"application\/ld+json\" class=\"yoast-schema-graph\">{\"@context\":\"https:\/\/schema.org\",\"@graph\":[{\"@type\":\"WebSite\",\"@id\":\"https:\/\/www.viveroscastromartinez.com\/#website\",\"url\":\"https:\/\/www.viveroscastromartinez.com\/\",\"name\":\"Viveros Castro Mart&iacute;nez\",\"description\":\"Producci&oacute;n y venta de plantones de olivos y almendros\",\"potentialAction\":[{\"@type\":\"SearchAction\",\"target\":{\"@type\":\"EntryPoint\",\"urlTemplate\":\"https:\/\/www.viveroscastromartinez.com\/?s={search_term_string}\"},\"query-input\":\"required name=search_term_string\"}],\"inLanguage\":\"es\"},{\"@type\":\"ImageObject\",\"@id\":\"http:\/\/www.viveroscastromartinez.com\/index.php\/olivo-picual\/#primaryimage\",\"inLanguage\":\"es\",\"url\":\"http:\/\/www.viveroscastromartinez.com\/wp-content\/uploads\/2020\/07\/T-Picual.jpg\",\"contentUrl\":\"http:\/\/www.viveroscastromartinez.com\/wp-content\/uploads\/2020\/07\/T-Picual.jpg\",\"width\":512,\"height\":358,\"caption\":\"Variedad de olivo picual\"},{\"@type\":\"WebPage\",\"@id\":\"http:\/\/www.viveroscastromartinez.com\/index.php\/olivo-picual\/#webpage\",\"url\":\"http:\/\/www.viveroscastromartinez.com\/index.php\/olivo-picual\/\",\"name\":\"Olivo picual - Viveros de Olivos y Almendro Castro Mart\\u00ednez\",\"isPartOf\":{\"@id\":\"https:\/\/www.viveroscastromartinez.com\/#website\"},\"primaryImageOfPage\":{\"@id\":\"http:\/\/www.viveroscastromartinez.com\/index.php\/olivo-picual\/#primaryimage\"},\"datePublished\":\"2020-05-08T17:00:49+00:00\",\"dateModified\":\"2020-07-19T11:42:47+00:00\",\"description\":\"La variedad de olivo picual es la m\\u00e1s importante de Espa\\u00f1a en parte a la precocidad de su producci\\u00f3n, facilidad de cultivo y calidad del aceite.\",\"breadcrumb\":{\"@id\":\"http:\/\/www.viveroscastromartinez.com\/index.php\/olivo-picual\/#breadcrumb\"},\"inLanguage\":\"es\",\"potentialAction\":[{\"@type\":\"ReadAction\",\"target\":[\"http:\/\/www.viveroscastromartinez.com\/index.php\/olivo-picual\/\"]}]},{\"@type\":\"BreadcrumbList\",\"@id\":\"http:\/\/www.viveroscastromartinez.com\/index.php\/olivo-picual\/#breadcrumb\",\"itemListElement\":[{\"@type\":\"ListItem\",\"position\":1,\"name\":\"Portada\",\"item\":\"https:\/\/www.viveroscastromartinez.com\/\"},{\"@type\":\"ListItem\",\"position\":2,\"name\":\"Olivo picual\"}]}]}<\/script>\n<!-- \/ Yoast SEO plugin. -->","yoast_head_json":{"title":"Olivo picual - Viveros de Olivos y Almendro Castro Mart\u00ednez","description":"La variedad de olivo picual es la m\u00e1s importante de Espa\u00f1a en parte a la precocidad de su producci\u00f3n, facilidad de cultivo y calidad del aceite.","robots":{"index":"index","follow":"follow","max-snippet":"max-snippet:-1","max-image-preview":"max-image-preview:large","max-video-preview":"max-video-preview:-1"},"canonical":"http:\/\/www.viveroscastromartinez.com\/index.php\/olivo-picual\/","og_locale":"es_ES","og_type":"article","og_title":"Olivo picual - Viveros de Olivos y Almendro Castro Mart\u00ednez","og_description":"La variedad de olivo picual es la m\u00e1s importante de Espa\u00f1a en parte a la precocidad de su producci\u00f3n, facilidad de cultivo y calidad del aceite.","og_url":"http:\/\/www.viveroscastromartinez.com\/index.php\/olivo-picual\/","og_site_name":"Viveros Castro Mart&iacute;nez","article_modified_time":"2020-07-19T11:42:47+00:00","og_image":[{"url":"http:\/\/www.viveroscastromartinez.com\/wp-content\/uploads\/2020\/07\/T-Picual.jpg"}],"twitter_card":"summary_large_image","twitter_misc":{"Tiempo de lectura":"2 minutos"},"schema":{"@context":"https:\/\/schema.org","@graph":[{"@type":"WebSite","@id":"https:\/\/www.viveroscastromartinez.com\/#website","url":"https:\/\/www.viveroscastromartinez.com\/","name":"Viveros Castro Mart&iacute;nez","description":"Producci&oacute;n y venta de plantones de olivos y almendros","potentialAction":[{"@type":"SearchAction","target":{"@type":"EntryPoint","urlTemplate":"https:\/\/www.viveroscastromartinez.com\/?s={search_term_string}"},"query-input":"required name=search_term_string"}],"inLanguage":"es"},{"@type":"ImageObject","@id":"http:\/\/www.viveroscastromartinez.com\/index.php\/olivo-picual\/#primaryimage","inLanguage":"es","url":"http:\/\/www.viveroscastromartinez.com\/wp-content\/uploads\/2020\/07\/T-Picual.jpg","contentUrl":"http:\/\/www.viveroscastromartinez.com\/wp-content\/uploads\/2020\/07\/T-Picual.jpg","width":512,"height":358,"caption":"Variedad de olivo picual"},{"@type":"WebPage","@id":"http:\/\/www.viveroscastromartinez.com\/index.php\/olivo-picual\/#webpage","url":"http:\/\/www.viveroscastromartinez.com\/index.php\/olivo-picual\/","name":"Olivo picual - Viveros de Olivos y Almendro Castro Mart\u00ednez","isPartOf":{"@id":"https:\/\/www.viveroscastromartinez.com\/#website"},"primaryImageOfPage":{"@id":"http:\/\/www.viveroscastromartinez.com\/index.php\/olivo-picual\/#primaryimage"},"datePublished":"2020-05-08T17:00:49+00:00","dateModified":"2020-07-19T11:42:47+00:00","description":"La variedad de olivo picual es la m\u00e1s importante de Espa\u00f1a en parte a la precocidad de su producci\u00f3n, facilidad de cultivo y calidad del aceite.","breadcrumb":{"@id":"http:\/\/www.viveroscastromartinez.com\/index.php\/olivo-picual\/#breadcrumb"},"inLanguage":"es","potentialAction":[{"@type":"ReadAction","target":["http:\/\/www.viveroscastromartinez.com\/index.php\/olivo-picual\/"]}]},{"@type":"BreadcrumbList","@id":"http:\/\/www.viveroscastromartinez.com\/index.php\/olivo-picual\/#breadcrumb","itemListElement":[{"@type":"ListItem","position":1,"name":"Portada","item":"https:\/\/www.viveroscastromartinez.com\/"},{"@type":"ListItem","position":2,"name":"Olivo picual"}]}]}},"_links":{"self":[{"href":"http:\/\/www.viveroscastromartinez.com\/index.php\/wp-json\/wp\/v2\/pages\/977"}],"collection":[{"href":"http:\/\/www.viveroscastromartinez.com\/index.php\/wp-json\/wp\/v2\/pages"}],"about":[{"href":"http:\/\/www.viveroscastromartinez.com\/index.php\/wp-json\/wp\/v2\/types\/page"}],"author":[{"embeddable":true,"href":"http:\/\/www.viveroscastromartinez.com\/index.php\/wp-json\/wp\/v2\/users\/1"}],"replies":[{"embeddable":true,"href":"http:\/\/www.viveroscastromartinez.com\/index.php\/wp-json\/wp\/v2\/comments?post=977"}],"version-history":[{"count":27,"href":"http:\/\/www.viveroscastromartinez.com\/index.php\/wp-json\/wp\/v2\/pages\/977\/revisions"}],"predecessor-version":[{"id":1374,"href":"http:\/\/www.viveroscastromartinez.com\/index.php\/wp-json\/wp\/v2\/pages\/977\/revisions\/1374"}],"wp:attachment":[{"href":"http:\/\/www.viveroscastromartinez.com\/index.php\/wp-json\/wp\/v2\/media?parent=977"}],"curies":[{"name":"wp","href":"https:\/\/api.w.org\/{rel}","templated":true}]}}