{"id":997,"date":"2020-05-08T17:47:24","date_gmt":"2020-05-08T17:47:24","guid":{"rendered":"http:\/\/www.viveroscastromartinez.com\/?page_id=997"},"modified":"2020-07-19T15:44:02","modified_gmt":"2020-07-19T15:44:02","slug":"olivo-arbequina","status":"publish","type":"page","link":"http:\/\/www.viveroscastromartinez.com\/index.php\/olivo-arbequina\/","title":{"rendered":"Olivo arbequina"},"content":{"rendered":"\r\n<div class=\"wp-block-columns\">\r\n<div class=\"wp-block-column\" style=\"flex-basis: 33.33%;\">\r\n<figure class=\"wp-block-image size-large is-style-rounded\"><img class=\"wp-image-246\" src=\"http:\/\/www.viveroscastromartinez.com\/wp-content\/uploads\/2020\/07\/T-arbequina.jpg\" alt=\"Olivo variedad arbequina\" \/><\/figure>\r\n<\/div>\r\n<div class=\"wp-block-column\" style=\"flex-basis: 66.66%;\">\r\n<table style=\"width: 100%; border-collapse: collapse;\" border=\"0\">\r\n<tbody>\r\n<tr>\r\n<td style=\"width: 63.2121%; text-align: center;\"><span style=\"font-size: 10pt;\"><span style=\"text-decoration: underline;\"><strong>CARACTER\u00cdSTICAS<\/strong><\/span><strong> *<\/strong><\/span><\/td>\r\n<td style=\"width: 36.7879%; text-align: center;\"><span style=\"font-size: 10pt;\"><span style=\"text-decoration: underline;\"><strong>TOLERANCIAS<\/strong><\/span><strong> *<\/strong><\/span><\/td>\r\n<\/tr>\r\n<tr>\r\n<td style=\"width: 63.2121%;\">\r\n<table style=\"height: 264px; width: 100%; border-collapse: collapse;\" border=\"0\">\r\n<tbody>\r\n<tr style=\"height: 24px;\">\r\n<td style=\"width: 100%; height: 24px; text-align: center;\"><span style=\"font-size: 8pt;\">CATEGOR\u00cdA 1 &#8211; DESTINO ACEITE<\/span><\/td>\r\n<\/tr>\r\n<tr style=\"height: 24px;\">\r\n<td style=\"width: 100%; text-align: center; height: 24px;\"><span style=\"font-size: 8pt;\">VIGOR BAJO<\/span><\/td>\r\n<\/tr>\r\n<tr style=\"height: 24px;\">\r\n<td style=\"width: 100%; height: 24px; text-align: center;\"><span style=\"font-size: 8pt;\">PORTE ABIERTO<\/span><\/td>\r\n<\/tr>\r\n<tr style=\"height: 24px;\">\r\n<td style=\"width: 100%; height: 24px; text-align: center;\"><span style=\"font-size: 8pt;\">DENSIDAD VEGETACI\u00d3N MEDIA<\/span><\/td>\r\n<\/tr>\r\n<tr style=\"height: 24px;\">\r\n<td style=\"width: 100%; height: 24px; text-align: center;\"><span style=\"font-size: 8pt;\">ENRAIZAMIENTO ALTO<\/span><\/td>\r\n<\/tr>\r\n<tr style=\"height: 24px;\">\r\n<td style=\"width: 100%; height: 24px; text-align: center;\"><span style=\"font-size: 8pt;\">FLORACI\u00d3N MEDIA<\/span><\/td>\r\n<\/tr>\r\n<tr style=\"height: 24px;\">\r\n<td style=\"width: 100%; height: 24px; text-align: center;\"><span style=\"font-size: 8pt;\">MADURACI\u00d3N MEDIA<\/span><\/td>\r\n<\/tr>\r\n<tr style=\"height: 24px;\">\r\n<td style=\"width: 100%; height: 24px; text-align: center;\"><span style=\"font-size: 8pt;\">ENTRADA EN PRODUCCI\u00d3N PRECOZ<\/span><\/td>\r\n<\/tr>\r\n<tr style=\"height: 24px;\">\r\n<td style=\"width: 100%; height: 24px; text-align: center;\"><span style=\"font-size: 8pt;\">PRODUCTIVIDAD ALTA<\/span><\/td>\r\n<\/tr>\r\n<tr style=\"height: 24px;\">\r\n<td style=\"width: 100%; height: 24px; text-align: center;\"><span style=\"font-size: 8pt;\">RENDIMIENTO GRASO MEDIO<\/span><\/td>\r\n<\/tr>\r\n<tr style=\"height: 24px;\">\r\n<td style=\"width: 100%; text-align: center; height: 24px;\"><span style=\"font-size: 8pt;\">DESPRENDIMIENTO DIF\u00cdCIL<\/span><\/td>\r\n<\/tr>\r\n<\/tbody>\r\n<\/table>\r\n<\/td>\r\n<td style=\"width: 36.7879%;\">\r\n<table style=\"width: 100%; border-collapse: collapse; height: 240px;\" border=\"0\">\r\n<tbody>\r\n<tr style=\"height: 24px;\">\r\n<td style=\"width: 61.3334%; text-align: center; height: 24px;\"><span style=\"font-size: 8pt;\">FRIO<\/span><\/td>\r\n<td style=\"width: 38.6666%; height: 24px; text-align: left;\"><span style=\"font-size: 8pt;\">MEDIO<\/span><\/td>\r\n<\/tr>\r\n<tr style=\"height: 24px;\">\r\n<td style=\"width: 61.3334%; text-align: center; height: 24px;\"><span style=\"font-size: 8pt;\">REPILO<\/span><\/td>\r\n<td style=\"width: 38.6666%; height: 24px; text-align: left;\"><span style=\"font-size: 8pt;\">ALTO<\/span><\/td>\r\n<\/tr>\r\n<tr style=\"height: 24px;\">\r\n<td style=\"width: 61.3334%; text-align: center; height: 24px;\"><span style=\"font-size: 8pt;\">TUBERCULOSIS<\/span><\/td>\r\n<td style=\"width: 38.6666%; height: 24px; text-align: left;\"><span style=\"font-size: 8pt;\">MEDIO<\/span><\/td>\r\n<\/tr>\r\n<tr style=\"height: 24px;\">\r\n<td style=\"width: 61.3334%; text-align: center; height: 24px;\"><span style=\"font-size: 8pt;\">VERTICILIUM<\/span><\/td>\r\n<td style=\"width: 38.6666%; height: 24px; text-align: left;\"><span style=\"font-size: 8pt;\">MEDIO<\/span><\/td>\r\n<\/tr>\r\n<tr style=\"height: 24px;\">\r\n<td style=\"width: 61.3334%; text-align: center; height: 24px;\"><span style=\"font-size: 8pt;\">MOSCA DEL OLIVO<\/span><\/td>\r\n<td style=\"width: 38.6666%; height: 24px; text-align: left;\"><span style=\"font-size: 8pt;\">MEDIO<\/span><\/td>\r\n<\/tr>\r\n<tr style=\"height: 24px;\">\r\n<td style=\"width: 61.3334%; text-align: center; height: 24px;\"><span style=\"font-size: 8pt;\">SEQU\u00cdA<\/span><\/td>\r\n<td style=\"width: 38.6666%; height: 24px; text-align: left;\"><span style=\"font-size: 8pt;\">ALTO<\/span><\/td>\r\n<\/tr>\r\n<tr style=\"height: 24px;\">\r\n<td style=\"width: 61.3334%; text-align: center; height: 24px;\"><span style=\"font-size: 8pt;\">CALIZA<\/span><\/td>\r\n<td style=\"width: 38.6666%; height: 24px; text-align: left;\"><span style=\"font-size: 8pt;\">BAJO<\/span><\/td>\r\n<\/tr>\r\n<tr style=\"height: 24px;\">\r\n<td style=\"width: 61.3334%; text-align: center; height: 24px;\"><span style=\"font-size: 8pt;\">HELADAS<\/span><\/td>\r\n<td style=\"width: 38.6666%; height: 24px; text-align: left;\"><span style=\"font-size: 8pt;\">ALTO<\/span><\/td>\r\n<\/tr>\r\n<tr style=\"height: 24px;\">\r\n<td style=\"width: 61.3334%; text-align: center; height: 24px;\">\u00a0<\/td>\r\n<td style=\"width: 38.6666%; height: 24px; text-align: left;\">\u00a0<\/td>\r\n<\/tr>\r\n<tr style=\"height: 24px;\">\r\n<td style=\"width: 61.3334%; text-align: center; height: 24px;\">\u00a0<\/td>\r\n<td style=\"width: 38.6666%; height: 24px; text-align: left;\">\u00a0<\/td>\r\n<\/tr>\r\n<tr>\r\n<td style=\"width: 61.3334%; text-align: center;\">\u00a0<\/td>\r\n<td style=\"width: 38.6666%; text-align: left;\">\u00a0<\/td>\r\n<\/tr>\r\n<\/tbody>\r\n<\/table>\r\n<\/td>\r\n<\/tr>\r\n<\/tbody>\r\n<\/table>\r\n<\/div>\r\n<\/div>\r\n<h4>HISTORIA<\/h4>\r\n<p style=\"text-align: justify;\"><span style=\"font-size: 14pt;\">La variedad de olivo arbequina tiene su origen en Palestina. Fue introducida por el duque de Medinaceli en el siglo XVII. Debe su nombre al lugar donde resid\u00eda el duque, \u00abArberca\u00bb.<\/span><\/p>\r\n<h4>GEOGRAF\u00cdA DE CULTIVO<\/h4>\r\n<p style=\"text-align: justify;\"><span style=\"font-size: 14pt;\">En cuanto a su distribuci\u00f3n, en su inicio de cultivo por Catalu\u00f1a (principalmente Tarragona y L\u00e9rida), extendi\u00e9ndose posteriormente por toda Espa\u00f1a, tendiendo una presencia notoria en Andaluc\u00eda y Arag\u00f3n. En la actualidad es la m\u00e1s utilizada junto con la variedad de olivo <a href=\"http:\/\/www.viveroscastromartinez.com\/index.php\/olivo-arbosana\/\">arbosana<\/a> para plantaciones modernas, utiliz\u00e1ndose en base de plantaciones intensivas o superintensivas debido a su bajo vigor, con distancia de olivos de incluso de 1 u 2 metros.<\/span><\/p>\r\n<h4 style=\"text-align: justify;\"><span id=\"Caracter.C3.ADsticas\"><\/span>CARACTER\u00cdSTICAS<\/h4>\r\n<p style=\"text-align: justify;\"><span style=\"font-size: 14pt;\">La variedad de olivo arbequina esta caracterizada por una resistencia al fr\u00edo medio-alta, un vigor bajo, porte abierto y densidad de vegetaci\u00f3n media. Adem\u00e1s el enraizamiento es alto, siendo el desprendimiento del fruto dif\u00edcil.<\/span><\/p>\r\n<p style=\"text-align: justify;\"><span style=\"font-size: 14pt;\">Las arbequinas son aceitunas peque\u00f1as, pero muy apreciadas por su precoz entrada en producci\u00f3n, con un periodo medio de maduraci\u00f3n entre la segunda semana de diciembre y la segunda de enero, elevada productividad y buen rendimiento graso, sobre 20,5 % de aceite, que lo sit\u00faa entre las variedades con mayor porcentaje de extracci\u00f3n de aceite.<\/span><\/p>\r\n<h4 style=\"text-align: justify;\">USOS<\/h4>\r\n<p style=\"text-align: justify;\"><span style=\"font-size: 14pt;\">Principalmente se utiliza para producir aceite de oliva de gran calidad. El aceite arbequina es un aceite dulce,\u00a0 presenta un olor afrutado fresco con aromas a almendras y otras frutas, pudiendo picar en garganta. Es un aceite de oliva virgen extra de saber suave.<\/span><\/p>\r\n<hr \/>\r\n<p style=\"text-align: justify;\">*<span style=\"font-size: 10pt;\">Nota: Toda la informaci\u00f3n de esta p\u00e1gina es orientativa y aproximada. La floraci\u00f3n, maduraci\u00f3n, entrada en producci\u00f3n, tolerancias etc. de un \u00e1rbol dependen de muchos factores, tales como son clima, suelo en el que se cultiva, tiempo de la planta, pr\u00e1cticas del agricultor&#8230; <\/span><\/p>\r\n","protected":false},"excerpt":{"rendered":"<p>CARACTER\u00cdSTICAS * TOLERANCIAS * CATEGOR\u00cdA 1 &#8211; DESTINO ACEITE VIGOR BAJO PORTE ABIERTO DENSIDAD VEGETACI\u00d3N MEDIA ENRAIZAMIENTO ALTO FLORACI\u00d3N MEDIA MADURACI\u00d3N MEDIA ENTRADA EN PRODUCCI\u00d3N PRECOZ PRODUCTIVIDAD ALTA RENDIMIENTO GRASO MEDIO DESPRENDIMIENTO DIF\u00cdCIL FRIO MEDIO REPILO ALTO TUBERCULOSIS MEDIO VERTICILIUM MEDIO MOSCA DEL OLIVO MEDIO SEQU\u00cdA ALTO CALIZA BAJO HELADAS ALTO \u00a0 \u00a0 \u00a0 \u00a0 [&hellip;]<\/p>\n","protected":false},"author":1,"featured_media":0,"parent":0,"menu_order":0,"comment_status":"closed","ping_status":"closed","template":"","meta":[],"yoast_head":"<!-- This site is optimized with the Yoast SEO plugin v17.0 - https:\/\/yoast.com\/wordpress\/plugins\/seo\/ -->\n<title>Olivo arbequina - Viveros de Olivos Castro Mart\u00ednez<\/title>\n<meta name=\"description\" content=\"La variedad de olivo arbequina es muy resistente al fr\u00edo, ofrece un vigor muy reducido y una baja resistencia a los suelos calc\u00e1reos.\" \/>\n<meta name=\"robots\" content=\"index, follow, max-snippet:-1, max-image-preview:large, max-video-preview:-1\" \/>\n<link rel=\"canonical\" href=\"http:\/\/www.viveroscastromartinez.com\/index.php\/olivo-arbequina\/\" \/>\n<meta property=\"og:locale\" content=\"es_ES\" \/>\n<meta property=\"og:type\" content=\"article\" \/>\n<meta property=\"og:title\" content=\"Olivo arbequina - Viveros de Olivos Castro Mart\u00ednez\" \/>\n<meta property=\"og:description\" content=\"La variedad de olivo arbequina es muy resistente al fr\u00edo, ofrece un vigor muy reducido y una baja resistencia a los suelos calc\u00e1reos.\" \/>\n<meta property=\"og:url\" content=\"http:\/\/www.viveroscastromartinez.com\/index.php\/olivo-arbequina\/\" \/>\n<meta property=\"og:site_name\" content=\"Viveros Castro Mart&iacute;nez\" \/>\n<meta property=\"article:modified_time\" content=\"2020-07-19T15:44:02+00:00\" \/>\n<meta property=\"og:image\" content=\"http:\/\/www.viveroscastromartinez.com\/wp-content\/uploads\/2020\/07\/T-arbequina.jpg\" \/>\n<meta name=\"twitter:card\" content=\"summary_large_image\" \/>\n<meta name=\"twitter:label1\" content=\"Tiempo de lectura\" \/>\n\t<meta name=\"twitter:data1\" content=\"2 minutos\" \/>\n<script type=\"application\/ld+json\" class=\"yoast-schema-graph\">{\"@context\":\"https:\/\/schema.org\",\"@graph\":[{\"@type\":\"WebSite\",\"@id\":\"https:\/\/www.viveroscastromartinez.com\/#website\",\"url\":\"https:\/\/www.viveroscastromartinez.com\/\",\"name\":\"Viveros Castro Mart&iacute;nez\",\"description\":\"Producci&oacute;n y venta de plantones de olivos y almendros\",\"potentialAction\":[{\"@type\":\"SearchAction\",\"target\":{\"@type\":\"EntryPoint\",\"urlTemplate\":\"https:\/\/www.viveroscastromartinez.com\/?s={search_term_string}\"},\"query-input\":\"required name=search_term_string\"}],\"inLanguage\":\"es\"},{\"@type\":\"ImageObject\",\"@id\":\"http:\/\/www.viveroscastromartinez.com\/index.php\/olivo-arbequina\/#primaryimage\",\"inLanguage\":\"es\",\"url\":\"http:\/\/www.viveroscastromartinez.com\/wp-content\/uploads\/2020\/07\/T-arbequina.jpg\",\"contentUrl\":\"http:\/\/www.viveroscastromartinez.com\/wp-content\/uploads\/2020\/07\/T-arbequina.jpg\",\"width\":512,\"height\":358,\"caption\":\"Variedad de olivo arbequina\"},{\"@type\":\"WebPage\",\"@id\":\"http:\/\/www.viveroscastromartinez.com\/index.php\/olivo-arbequina\/#webpage\",\"url\":\"http:\/\/www.viveroscastromartinez.com\/index.php\/olivo-arbequina\/\",\"name\":\"Olivo arbequina - Viveros de Olivos Castro Mart\\u00ednez\",\"isPartOf\":{\"@id\":\"https:\/\/www.viveroscastromartinez.com\/#website\"},\"primaryImageOfPage\":{\"@id\":\"http:\/\/www.viveroscastromartinez.com\/index.php\/olivo-arbequina\/#primaryimage\"},\"datePublished\":\"2020-05-08T17:47:24+00:00\",\"dateModified\":\"2020-07-19T15:44:02+00:00\",\"description\":\"La variedad de olivo arbequina es muy resistente al fr\\u00edo, ofrece un vigor muy reducido y una baja resistencia a los suelos calc\\u00e1reos.\",\"breadcrumb\":{\"@id\":\"http:\/\/www.viveroscastromartinez.com\/index.php\/olivo-arbequina\/#breadcrumb\"},\"inLanguage\":\"es\",\"potentialAction\":[{\"@type\":\"ReadAction\",\"target\":[\"http:\/\/www.viveroscastromartinez.com\/index.php\/olivo-arbequina\/\"]}]},{\"@type\":\"BreadcrumbList\",\"@id\":\"http:\/\/www.viveroscastromartinez.com\/index.php\/olivo-arbequina\/#breadcrumb\",\"itemListElement\":[{\"@type\":\"ListItem\",\"position\":1,\"name\":\"Portada\",\"item\":\"https:\/\/www.viveroscastromartinez.com\/\"},{\"@type\":\"ListItem\",\"position\":2,\"name\":\"Olivo arbequina\"}]}]}<\/script>\n<!-- \/ Yoast SEO plugin. -->","yoast_head_json":{"title":"Olivo arbequina - Viveros de Olivos Castro Mart\u00ednez","description":"La variedad de olivo arbequina es muy resistente al fr\u00edo, ofrece un vigor muy reducido y una baja resistencia a los suelos calc\u00e1reos.","robots":{"index":"index","follow":"follow","max-snippet":"max-snippet:-1","max-image-preview":"max-image-preview:large","max-video-preview":"max-video-preview:-1"},"canonical":"http:\/\/www.viveroscastromartinez.com\/index.php\/olivo-arbequina\/","og_locale":"es_ES","og_type":"article","og_title":"Olivo arbequina - Viveros de Olivos Castro Mart\u00ednez","og_description":"La variedad de olivo arbequina es muy resistente al fr\u00edo, ofrece un vigor muy reducido y una baja resistencia a los suelos calc\u00e1reos.","og_url":"http:\/\/www.viveroscastromartinez.com\/index.php\/olivo-arbequina\/","og_site_name":"Viveros Castro Mart&iacute;nez","article_modified_time":"2020-07-19T15:44:02+00:00","og_image":[{"url":"http:\/\/www.viveroscastromartinez.com\/wp-content\/uploads\/2020\/07\/T-arbequina.jpg"}],"twitter_card":"summary_large_image","twitter_misc":{"Tiempo de lectura":"2 minutos"},"schema":{"@context":"https:\/\/schema.org","@graph":[{"@type":"WebSite","@id":"https:\/\/www.viveroscastromartinez.com\/#website","url":"https:\/\/www.viveroscastromartinez.com\/","name":"Viveros Castro Mart&iacute;nez","description":"Producci&oacute;n y venta de plantones de olivos y almendros","potentialAction":[{"@type":"SearchAction","target":{"@type":"EntryPoint","urlTemplate":"https:\/\/www.viveroscastromartinez.com\/?s={search_term_string}"},"query-input":"required name=search_term_string"}],"inLanguage":"es"},{"@type":"ImageObject","@id":"http:\/\/www.viveroscastromartinez.com\/index.php\/olivo-arbequina\/#primaryimage","inLanguage":"es","url":"http:\/\/www.viveroscastromartinez.com\/wp-content\/uploads\/2020\/07\/T-arbequina.jpg","contentUrl":"http:\/\/www.viveroscastromartinez.com\/wp-content\/uploads\/2020\/07\/T-arbequina.jpg","width":512,"height":358,"caption":"Variedad de olivo arbequina"},{"@type":"WebPage","@id":"http:\/\/www.viveroscastromartinez.com\/index.php\/olivo-arbequina\/#webpage","url":"http:\/\/www.viveroscastromartinez.com\/index.php\/olivo-arbequina\/","name":"Olivo arbequina - Viveros de Olivos Castro Mart\u00ednez","isPartOf":{"@id":"https:\/\/www.viveroscastromartinez.com\/#website"},"primaryImageOfPage":{"@id":"http:\/\/www.viveroscastromartinez.com\/index.php\/olivo-arbequina\/#primaryimage"},"datePublished":"2020-05-08T17:47:24+00:00","dateModified":"2020-07-19T15:44:02+00:00","description":"La variedad de olivo arbequina es muy resistente al fr\u00edo, ofrece un vigor muy reducido y una baja resistencia a los suelos calc\u00e1reos.","breadcrumb":{"@id":"http:\/\/www.viveroscastromartinez.com\/index.php\/olivo-arbequina\/#breadcrumb"},"inLanguage":"es","potentialAction":[{"@type":"ReadAction","target":["http:\/\/www.viveroscastromartinez.com\/index.php\/olivo-arbequina\/"]}]},{"@type":"BreadcrumbList","@id":"http:\/\/www.viveroscastromartinez.com\/index.php\/olivo-arbequina\/#breadcrumb","itemListElement":[{"@type":"ListItem","position":1,"name":"Portada","item":"https:\/\/www.viveroscastromartinez.com\/"},{"@type":"ListItem","position":2,"name":"Olivo arbequina"}]}]}},"_links":{"self":[{"href":"http:\/\/www.viveroscastromartinez.com\/index.php\/wp-json\/wp\/v2\/pages\/997"}],"collection":[{"href":"http:\/\/www.viveroscastromartinez.com\/index.php\/wp-json\/wp\/v2\/pages"}],"about":[{"href":"http:\/\/www.viveroscastromartinez.com\/index.php\/wp-json\/wp\/v2\/types\/page"}],"author":[{"embeddable":true,"href":"http:\/\/www.viveroscastromartinez.com\/index.php\/wp-json\/wp\/v2\/users\/1"}],"replies":[{"embeddable":true,"href":"http:\/\/www.viveroscastromartinez.com\/index.php\/wp-json\/wp\/v2\/comments?post=997"}],"version-history":[{"count":19,"href":"http:\/\/www.viveroscastromartinez.com\/index.php\/wp-json\/wp\/v2\/pages\/997\/revisions"}],"predecessor-version":[{"id":1278,"href":"http:\/\/www.viveroscastromartinez.com\/index.php\/wp-json\/wp\/v2\/pages\/997\/revisions\/1278"}],"wp:attachment":[{"href":"http:\/\/www.viveroscastromartinez.com\/index.php\/wp-json\/wp\/v2\/media?parent=997"}],"curies":[{"name":"wp","href":"https:\/\/api.w.org\/{rel}","templated":true}]}}